{"id":392,"date":"2023-08-09T11:58:51","date_gmt":"2023-08-09T09:58:51","guid":{"rendered":"https:\/\/genomapp.com\/?page_id=392"},"modified":"2026-02-11T17:34:44","modified_gmt":"2026-02-11T16:34:44","slug":"informes","status":"publish","type":"page","link":"https:\/\/genomapp.com\/es\/informes\/","title":{"rendered":"Informes"},"content":{"rendered":"\n<div class=\"wp-block-media-text alignwide has-media-on-the-right is-stacked-on-mobile is-vertically-aligned-center has-custom-color-5-background-color has-background\"><div class=\"wp-block-media-text__content\">\n<div class=\"wp-block-group is-layout-flow wp-block-group-is-layout-flow\" style=\"padding-top:2em;padding-right:2em;padding-bottom:2em;padding-left:2em\">\n<p class=\"has-large-font-size\" style=\"line-height:1.4\">Analiza tu ADN con Genomapp y accede a los informes.<\/p>\n\n\n\n<p class=\"has-medium-font-size\">Cada informe incluye un lista de enfermedades extra\u00edda de nuestra&nbsp;base de datos de m\u00e1s de 9500 referencias. Cada ficha de enfermedad se completa con informaci\u00f3n de genes relacionados, marcadores e informaci\u00f3n t\u00e9cnica (evidencias, cromosoma, hebra\u2026)<\/p>\n<\/div>\n<\/div><figure class=\"wp-block-media-text__media\"><img loading=\"lazy\" decoding=\"async\" width=\"1024\" height=\"950\" src=\"https:\/\/genomapp.com\/wp-content\/uploads\/2024\/02\/family-dna-min-1024x950.jpg\" alt=\"\" class=\"wp-image-939 size-full\" srcset=\"https:\/\/genomapp.com\/wp-content\/uploads\/2024\/02\/family-dna-min-1024x950.jpg 1024w, https:\/\/genomapp.com\/wp-content\/uploads\/2024\/02\/family-dna-min-300x278.jpg 300w, https:\/\/genomapp.com\/wp-content\/uploads\/2024\/02\/family-dna-min-768x712.jpg 768w, https:\/\/genomapp.com\/wp-content\/uploads\/2024\/02\/family-dna-min.jpg 1327w\" sizes=\"auto, (max-width: 1024px) 100vw, 1024px\" \/><\/figure><\/div>\n\n\n\n<div class=\"wp-block-columns alignwide is-layout-flex wp-container-core-columns-is-layout-28f84493 wp-block-columns-is-layout-flex\">\n<div class=\"wp-block-column has-custom-color-5-background-color has-background is-layout-flow wp-block-column-is-layout-flow\" style=\"padding-top:var(--wp--preset--spacing--30);padding-right:var(--wp--preset--spacing--30);padding-bottom:var(--wp--preset--spacing--30);padding-left:var(--wp--preset--spacing--30)\">\n<h2 class=\"wp-block-heading has-x-large-font-size\">Enfermedades complejas<\/h2>\n\n\n\n<p class=\"has-medium-font-size\">Enfermedades resultado de la interacci\u00f3n de m\u00faltiples factores gen\u00e9ticos y del entorno.<\/p>\n\n\n\n<p class=\"has-custom-color-3-color has-text-color has-link-color has-medium-font-size wp-elements-704dba8b216a6d43bf6020db1dae6802\">M\u00e1s en <a href=\"https:\/\/genomapp.com\/es\/informes\/enfermedades-complejas\/\" data-type=\"page\" data-id=\"351\">Enfermedades complejas<\/a><\/p>\n<\/div>\n\n\n\n<div class=\"wp-block-column has-custom-color-5-background-color has-background is-layout-flow wp-block-column-is-layout-flow\" style=\"padding-top:var(--wp--preset--spacing--30);padding-right:var(--wp--preset--spacing--30);padding-bottom:var(--wp--preset--spacing--30);padding-left:var(--wp--preset--spacing--30)\">\n<h2 class=\"wp-block-heading has-large-font-size\">Enfermedades hereditarias<\/h2>\n\n\n\n<p class=\"has-medium-font-size\">Enfermedades causadas por mutaciones en un gen y que a veces son hereditarias.<\/p>\n\n\n\n<p class=\"has-custom-color-3-color has-text-color has-link-color has-medium-font-size wp-elements-c51dfa98bb7ab24170db04f8659aa12c\">M\u00e1s en <a href=\"https:\/\/genomapp.com\/es\/informes\/enfermedades-hereditarias\/\" data-type=\"page\" data-id=\"353\">Enfermedades hereditarias<\/a><\/p>\n<\/div>\n\n\n\n<div class=\"wp-block-column has-custom-color-5-background-color has-background is-layout-flow wp-block-column-is-layout-flow\" style=\"padding-top:var(--wp--preset--spacing--30);padding-right:var(--wp--preset--spacing--30);padding-bottom:var(--wp--preset--spacing--30);padding-left:var(--wp--preset--spacing--30)\">\n<h2 class=\"wp-block-heading has-large-font-size\">Respuesta a f\u00e1rmacos<\/h2>\n\n\n\n<p class=\"has-medium-font-size\">Asociaciones entre f\u00e1rmacos y marcadores, agrupadas por f\u00e1rmaco.<\/p>\n\n\n\n<p class=\"has-custom-color-3-color has-text-color has-link-color has-medium-font-size wp-elements-13867a9addfc1de1ead5656fb6ea01a7\">M\u00e1s en <a href=\"https:\/\/genomapp.com\/es\/informes\/respuesta-a-farmacos\/\" data-type=\"page\" data-id=\"359\">Respuesta a f\u00e1rmacos<\/a><\/p>\n<\/div>\n<\/div>\n\n\n\n<div class=\"wp-block-columns alignwide is-layout-flex wp-container-core-columns-is-layout-28f84493 wp-block-columns-is-layout-flex\">\n<div class=\"wp-block-column has-custom-color-2-background-color has-background is-layout-flow wp-block-column-is-layout-flow\" style=\"padding-top:var(--wp--preset--spacing--30);padding-right:var(--wp--preset--spacing--30);padding-bottom:var(--wp--preset--spacing--30);padding-left:var(--wp--preset--spacing--30)\">\n<h2 class=\"wp-block-heading has-x-large-font-size\">Rasgos<\/h2>\n\n\n\n<p class=\"has-medium-font-size\">Caracter\u00edsticas o atributos expresados por los genes y\/o influidos por el entorno.<\/p>\n\n\n\n<p class=\"has-custom-color-3-color has-text-color has-link-color has-medium-font-size wp-elements-648d0e5e216b50a66487b6247be76d93\">M\u00e1s en <a href=\"https:\/\/genomapp.com\/es\/informes\/rasgos\/\" data-type=\"page\" data-id=\"362\">Rasgos<\/a><\/p>\n<\/div>\n\n\n\n<div class=\"wp-block-column has-custom-color-2-background-color has-background is-layout-flow wp-block-column-is-layout-flow\" style=\"padding-top:var(--wp--preset--spacing--30);padding-right:var(--wp--preset--spacing--30);padding-bottom:var(--wp--preset--spacing--30);padding-left:var(--wp--preset--spacing--30)\">\n<h2 class=\"wp-block-heading has-large-font-size\">S\u00edntomas observables<\/h2>\n\n\n\n<p class=\"has-medium-font-size\">Problemas o signos f\u00edsicos que experimenta una persona y que pueden indicar una afecci\u00f3n.<\/p>\n\n\n\n<p class=\"has-custom-color-3-color has-text-color has-link-color has-medium-font-size wp-elements-bb76d1e27d5c3bcbd3c949ab946baec1\">M\u00e1s en <a href=\"https:\/\/genomapp.com\/es\/informes\/sintomas-observables\/\" data-type=\"page\" data-id=\"356\">S\u00edntomas observables<\/a><\/p>\n<\/div>\n\n\n\n<div class=\"wp-block-column has-custom-color-2-background-color has-background is-layout-flow wp-block-column-is-layout-flow\" style=\"padding-top:var(--wp--preset--spacing--30);padding-right:var(--wp--preset--spacing--30);padding-bottom:var(--wp--preset--spacing--30);padding-left:var(--wp--preset--spacing--30)\">\n<h2 class=\"wp-block-heading has-large-font-size\">Grupos sangu\u00edneos<\/h2>\n\n\n\n<p class=\"has-medium-font-size\">Marcadores cl\u00ednicamente relevantes para transfusiones o embarazo.<\/p>\n\n\n\n<p class=\"has-custom-color-3-color has-text-color has-link-color has-medium-font-size wp-elements-14e48ecbe661d7dd51da8d737c3a3ed1\">M\u00e1s en <a href=\"https:\/\/genomapp.com\/es\/informes\/grupos-sanguineos\/\" data-type=\"page\" data-id=\"365\">Grupos sangu\u00edneos<\/a><\/p>\n<\/div>\n<\/div>\n\n\n\n<div class=\"wp-block-media-text alignwide is-stacked-on-mobile is-vertically-aligned-center is-image-fill-element has-custom-color-5-background-color has-background\"><figure class=\"wp-block-media-text__media\"><img loading=\"lazy\" decoding=\"async\" width=\"683\" height=\"1024\" src=\"https:\/\/genomapp.com\/wp-content\/uploads\/2024\/02\/genomapp-mockup-2-min-683x1024.jpg\" alt=\"\" class=\"wp-image-942 size-full\" style=\"object-position:50% 50%\" srcset=\"https:\/\/genomapp.com\/wp-content\/uploads\/2024\/02\/genomapp-mockup-2-min-683x1024.jpg 683w, https:\/\/genomapp.com\/wp-content\/uploads\/2024\/02\/genomapp-mockup-2-min-200x300.jpg 200w, https:\/\/genomapp.com\/wp-content\/uploads\/2024\/02\/genomapp-mockup-2-min-768x1152.jpg 768w, https:\/\/genomapp.com\/wp-content\/uploads\/2024\/02\/genomapp-mockup-2-min-1024x1536.jpg 1024w, https:\/\/genomapp.com\/wp-content\/uploads\/2024\/02\/genomapp-mockup-2-min-1365x2048.jpg 1365w, https:\/\/genomapp.com\/wp-content\/uploads\/2024\/02\/genomapp-mockup-2-min.jpg 1440w\" sizes=\"auto, (max-width: 683px) 100vw, 683px\" \/><\/figure><div class=\"wp-block-media-text__content\">\n<div class=\"wp-block-group is-layout-flow wp-block-group-is-layout-flow\" style=\"padding-top:2em;padding-right:2em;padding-bottom:2em;padding-left:2em\">\n<p style=\"font-size:clamp(22.041px, 1.378rem + ((1vw - 3.2px) * 1.586), 36px);line-height:1.2\">Precio<\/p>\n\n\n\n<p class=\"has-large-font-size\">19,99 \u20ac<\/p>\n\n\n\n<p class=\"has-custom-color-3-color has-text-color has-link-color has-medium-font-size wp-elements-d9cc888080b5ef3c507e4893eb986dba\">Por favor <a href=\"https:\/\/genomapp.com\/es\/descargar\/\" data-type=\"page\" data-id=\"308\">descarga la app<\/a> para ver los precios equivalentes en la moneda de tu pa\u00eds.<\/p>\n<\/div>\n<\/div><\/div>\n","protected":false},"excerpt":{"rendered":"<p>Enfermedades complejas Enfermedades resultado de la interacci\u00f3n de m\u00faltiples factores gen\u00e9ticos y del entorno. M\u00e1s en Enfermedades complejas Enfermedades hereditarias Enfermedades causadas por mutaciones en un gen y que a veces son hereditarias. M\u00e1s en Enfermedades hereditarias Respuesta a f\u00e1rmacos Asociaciones entre f\u00e1rmacos y marcadores, agrupadas por f\u00e1rmaco. M\u00e1s en Respuesta a f\u00e1rmacos Rasgos Caracter\u00edsticas [&hellip;]<\/p>\n","protected":false},"author":1,"featured_media":0,"parent":0,"menu_order":0,"comment_status":"closed","ping_status":"closed","template":"","meta":{"footnotes":""},"class_list":["post-392","page","type-page","status-publish","hentry"],"yoast_head":"<!-- This site is optimized with the Yoast SEO plugin v27.5 - https:\/\/yoast.com\/product\/yoast-seo-wordpress\/ -->\n<title>Informes - genomapp.com<\/title>\n<meta name=\"description\" content=\"Genomapp te proporciona informes sobre enfermedades complejas (Alzheimer, Parkinson...), hereditarias y respuesta a f\u00e1rmacos, entre otros.\" \/>\n<meta name=\"robots\" content=\"index, follow, max-snippet:-1, max-image-preview:large, max-video-preview:-1\" \/>\n<link rel=\"canonical\" href=\"https:\/\/genomapp.com\/es\/informes\/\" \/>\n<meta property=\"og:locale\" content=\"es_ES\" \/>\n<meta property=\"og:type\" content=\"article\" \/>\n<meta property=\"og:title\" content=\"Informes - genomapp.com\" \/>\n<meta property=\"og:description\" content=\"Genomapp te proporciona informes sobre enfermedades complejas (Alzheimer, Parkinson...), hereditarias y respuesta a f\u00e1rmacos, entre otros.\" \/>\n<meta property=\"og:url\" content=\"https:\/\/genomapp.com\/es\/informes\/\" \/>\n<meta property=\"og:site_name\" content=\"genomapp.com\" \/>\n<meta property=\"article:modified_time\" content=\"2026-02-11T16:34:44+00:00\" \/>\n<meta property=\"og:image\" content=\"https:\/\/genomapp.com\/wp-content\/uploads\/2024\/02\/family-dna-min.jpg\" \/>\n\t<meta property=\"og:image:width\" content=\"1327\" \/>\n\t<meta property=\"og:image:height\" content=\"1231\" \/>\n\t<meta property=\"og:image:type\" content=\"image\/jpeg\" \/>\n<meta name=\"twitter:card\" content=\"summary_large_image\" \/>\n<meta name=\"twitter:label1\" content=\"Tiempo de lectura\" \/>\n\t<meta name=\"twitter:data1\" content=\"2 minutos\" \/>\n<script type=\"application\/ld+json\" class=\"yoast-schema-graph\">{\"@context\":\"https:\\\/\\\/schema.org\",\"@graph\":[{\"@type\":\"WebPage\",\"@id\":\"https:\\\/\\\/genomapp.com\\\/es\\\/informes\\\/\",\"url\":\"https:\\\/\\\/genomapp.com\\\/es\\\/informes\\\/\",\"name\":\"Informes - genomapp.com\",\"isPartOf\":{\"@id\":\"https:\\\/\\\/genomapp.com\\\/en\\\/#website\"},\"primaryImageOfPage\":{\"@id\":\"https:\\\/\\\/genomapp.com\\\/es\\\/informes\\\/#primaryimage\"},\"image\":{\"@id\":\"https:\\\/\\\/genomapp.com\\\/es\\\/informes\\\/#primaryimage\"},\"thumbnailUrl\":\"https:\\\/\\\/genomapp.com\\\/wp-content\\\/uploads\\\/2024\\\/02\\\/family-dna-min-1024x950.jpg\",\"datePublished\":\"2023-08-09T09:58:51+00:00\",\"dateModified\":\"2026-02-11T16:34:44+00:00\",\"description\":\"Genomapp te proporciona informes sobre enfermedades complejas (Alzheimer, Parkinson...), hereditarias y respuesta a f\u00e1rmacos, entre otros.\",\"breadcrumb\":{\"@id\":\"https:\\\/\\\/genomapp.com\\\/es\\\/informes\\\/#breadcrumb\"},\"inLanguage\":\"es\",\"potentialAction\":[{\"@type\":\"ReadAction\",\"target\":[\"https:\\\/\\\/genomapp.com\\\/es\\\/informes\\\/\"]}]},{\"@type\":\"ImageObject\",\"inLanguage\":\"es\",\"@id\":\"https:\\\/\\\/genomapp.com\\\/es\\\/informes\\\/#primaryimage\",\"url\":\"https:\\\/\\\/genomapp.com\\\/wp-content\\\/uploads\\\/2024\\\/02\\\/family-dna-min-1024x950.jpg\",\"contentUrl\":\"https:\\\/\\\/genomapp.com\\\/wp-content\\\/uploads\\\/2024\\\/02\\\/family-dna-min-1024x950.jpg\"},{\"@type\":\"BreadcrumbList\",\"@id\":\"https:\\\/\\\/genomapp.com\\\/es\\\/informes\\\/#breadcrumb\",\"itemListElement\":[{\"@type\":\"ListItem\",\"position\":1,\"name\":\"Portada\",\"item\":\"https:\\\/\\\/genomapp.com\\\/es\\\/\"},{\"@type\":\"ListItem\",\"position\":2,\"name\":\"Informes\"}]},{\"@type\":\"WebSite\",\"@id\":\"https:\\\/\\\/genomapp.com\\\/en\\\/#website\",\"url\":\"https:\\\/\\\/genomapp.com\\\/en\\\/\",\"name\":\"Genomapp\",\"description\":\"Analyze your DNA raw data\",\"publisher\":{\"@id\":\"https:\\\/\\\/genomapp.com\\\/en\\\/#organization\"},\"potentialAction\":[{\"@type\":\"SearchAction\",\"target\":{\"@type\":\"EntryPoint\",\"urlTemplate\":\"https:\\\/\\\/genomapp.com\\\/en\\\/?s={search_term_string}\"},\"query-input\":{\"@type\":\"PropertyValueSpecification\",\"valueRequired\":true,\"valueName\":\"search_term_string\"}}],\"inLanguage\":\"es\"},{\"@type\":\"Organization\",\"@id\":\"https:\\\/\\\/genomapp.com\\\/en\\\/#organization\",\"name\":\"Genomapp\",\"url\":\"https:\\\/\\\/genomapp.com\\\/en\\\/\",\"logo\":{\"@type\":\"ImageObject\",\"inLanguage\":\"es\",\"@id\":\"https:\\\/\\\/genomapp.com\\\/en\\\/#\\\/schema\\\/logo\\\/image\\\/\",\"url\":\"https:\\\/\\\/genomapp.com\\\/wp-content\\\/uploads\\\/2023\\\/12\\\/launch_ico_512.png\",\"contentUrl\":\"https:\\\/\\\/genomapp.com\\\/wp-content\\\/uploads\\\/2023\\\/12\\\/launch_ico_512.png\",\"width\":512,\"height\":512,\"caption\":\"Genomapp\"},\"image\":{\"@id\":\"https:\\\/\\\/genomapp.com\\\/en\\\/#\\\/schema\\\/logo\\\/image\\\/\"}}]}<\/script>\n<!-- \/ Yoast SEO plugin. -->","yoast_head_json":{"title":"Informes - genomapp.com","description":"Genomapp te proporciona informes sobre enfermedades complejas (Alzheimer, Parkinson...), hereditarias y respuesta a f\u00e1rmacos, entre otros.","robots":{"index":"index","follow":"follow","max-snippet":"max-snippet:-1","max-image-preview":"max-image-preview:large","max-video-preview":"max-video-preview:-1"},"canonical":"https:\/\/genomapp.com\/es\/informes\/","og_locale":"es_ES","og_type":"article","og_title":"Informes - genomapp.com","og_description":"Genomapp te proporciona informes sobre enfermedades complejas (Alzheimer, Parkinson...), hereditarias y respuesta a f\u00e1rmacos, entre otros.","og_url":"https:\/\/genomapp.com\/es\/informes\/","og_site_name":"genomapp.com","article_modified_time":"2026-02-11T16:34:44+00:00","og_image":[{"width":1327,"height":1231,"url":"https:\/\/genomapp.com\/wp-content\/uploads\/2024\/02\/family-dna-min.jpg","type":"image\/jpeg"}],"twitter_card":"summary_large_image","twitter_misc":{"Tiempo de lectura":"2 minutos"},"schema":{"@context":"https:\/\/schema.org","@graph":[{"@type":"WebPage","@id":"https:\/\/genomapp.com\/es\/informes\/","url":"https:\/\/genomapp.com\/es\/informes\/","name":"Informes - genomapp.com","isPartOf":{"@id":"https:\/\/genomapp.com\/en\/#website"},"primaryImageOfPage":{"@id":"https:\/\/genomapp.com\/es\/informes\/#primaryimage"},"image":{"@id":"https:\/\/genomapp.com\/es\/informes\/#primaryimage"},"thumbnailUrl":"https:\/\/genomapp.com\/wp-content\/uploads\/2024\/02\/family-dna-min-1024x950.jpg","datePublished":"2023-08-09T09:58:51+00:00","dateModified":"2026-02-11T16:34:44+00:00","description":"Genomapp te proporciona informes sobre enfermedades complejas (Alzheimer, Parkinson...), hereditarias y respuesta a f\u00e1rmacos, entre otros.","breadcrumb":{"@id":"https:\/\/genomapp.com\/es\/informes\/#breadcrumb"},"inLanguage":"es","potentialAction":[{"@type":"ReadAction","target":["https:\/\/genomapp.com\/es\/informes\/"]}]},{"@type":"ImageObject","inLanguage":"es","@id":"https:\/\/genomapp.com\/es\/informes\/#primaryimage","url":"https:\/\/genomapp.com\/wp-content\/uploads\/2024\/02\/family-dna-min-1024x950.jpg","contentUrl":"https:\/\/genomapp.com\/wp-content\/uploads\/2024\/02\/family-dna-min-1024x950.jpg"},{"@type":"BreadcrumbList","@id":"https:\/\/genomapp.com\/es\/informes\/#breadcrumb","itemListElement":[{"@type":"ListItem","position":1,"name":"Portada","item":"https:\/\/genomapp.com\/es\/"},{"@type":"ListItem","position":2,"name":"Informes"}]},{"@type":"WebSite","@id":"https:\/\/genomapp.com\/en\/#website","url":"https:\/\/genomapp.com\/en\/","name":"Genomapp","description":"Analyze your DNA raw data","publisher":{"@id":"https:\/\/genomapp.com\/en\/#organization"},"potentialAction":[{"@type":"SearchAction","target":{"@type":"EntryPoint","urlTemplate":"https:\/\/genomapp.com\/en\/?s={search_term_string}"},"query-input":{"@type":"PropertyValueSpecification","valueRequired":true,"valueName":"search_term_string"}}],"inLanguage":"es"},{"@type":"Organization","@id":"https:\/\/genomapp.com\/en\/#organization","name":"Genomapp","url":"https:\/\/genomapp.com\/en\/","logo":{"@type":"ImageObject","inLanguage":"es","@id":"https:\/\/genomapp.com\/en\/#\/schema\/logo\/image\/","url":"https:\/\/genomapp.com\/wp-content\/uploads\/2023\/12\/launch_ico_512.png","contentUrl":"https:\/\/genomapp.com\/wp-content\/uploads\/2023\/12\/launch_ico_512.png","width":512,"height":512,"caption":"Genomapp"},"image":{"@id":"https:\/\/genomapp.com\/en\/#\/schema\/logo\/image\/"}}]}},"_links":{"self":[{"href":"https:\/\/genomapp.com\/es\/wp-json\/wp\/v2\/pages\/392","targetHints":{"allow":["GET"]}}],"collection":[{"href":"https:\/\/genomapp.com\/es\/wp-json\/wp\/v2\/pages"}],"about":[{"href":"https:\/\/genomapp.com\/es\/wp-json\/wp\/v2\/types\/page"}],"author":[{"embeddable":true,"href":"https:\/\/genomapp.com\/es\/wp-json\/wp\/v2\/users\/1"}],"replies":[{"embeddable":true,"href":"https:\/\/genomapp.com\/es\/wp-json\/wp\/v2\/comments?post=392"}],"version-history":[{"count":21,"href":"https:\/\/genomapp.com\/es\/wp-json\/wp\/v2\/pages\/392\/revisions"}],"predecessor-version":[{"id":1149,"href":"https:\/\/genomapp.com\/es\/wp-json\/wp\/v2\/pages\/392\/revisions\/1149"}],"wp:attachment":[{"href":"https:\/\/genomapp.com\/es\/wp-json\/wp\/v2\/media?parent=392"}],"curies":[{"name":"wp","href":"https:\/\/api.w.org\/{rel}","templated":true}]}}