{"id":381,"date":"2023-12-05T09:27:30","date_gmt":"2023-12-05T08:27:30","guid":{"rendered":"https:\/\/genomapp.com\/?page_id=381"},"modified":"2023-12-05T09:29:36","modified_gmt":"2023-12-05T08:29:36","slug":"condiciones-generales","status":"publish","type":"page","link":"https:\/\/genomapp.com\/es\/condiciones-generales\/","title":{"rendered":"Condiciones generales"},"content":{"rendered":"\n<p>La relaci\u00f3n entre Genomapp y sus usuarios se rige por las siguientes condiciones generales. Antes de usar la aplicaci\u00f3n (app) el usuario debe declarar que ha le\u00eddo y entendido las condiciones y aceptarlas. Genomapp se reserva el derecho de modificar en cualquier momento las condiciones generales.<\/p>\n\n\n\n<p>Genomapp ha puesto todo su esfuerzo en garantizar la fiabilidad de la informaci\u00f3n que proporciona. No obstante, no se responsabiliza de los posibles errores, omisiones, imprecisiones y cualquier otro defecto que pueda aparecer en los datos.<\/p>\n\n\n\n<p>Genomapp no proporciona un diagn\u00f3stico m\u00e9dico. La app ayuda a los usuarios a entender la informaci\u00f3n que contiene el an\u00e1lisis de su genoma. Genomapp en ning\u00fan caso pretende sustituir el consejo profesional y anima a sus usuarios a plantear a su asesor m\u00e9dico cualquier duda que les surja. No cambie su medicaci\u00f3n en base a estos resultados.<\/p>\n\n\n\n<p>La informaci\u00f3n que proporciona Genomapp puede causar estr\u00e9s emocional. Genomapp no se responsabiliza de los da\u00f1os personales o a bienes que pueda causar el acceso a sus contenidos.<\/p>\n\n\n\n<p>El usuario de Genomapp se compromete a respetar las presentes condiciones generales, a usar la app de acuerdo con las leyes de su pa\u00eds y a no utilizarla con fines il\u00edcitos o prohibidos. Genomapp proh\u00edbe expresamente la reventa o comercializaci\u00f3n de sus servicios sin autorizaci\u00f3n. Genomapp se reserva el derecho de suspender o cancelar la cuenta del usuario si \u00e9ste viola las presentes Condiciones Generales.<\/p>\n\n\n\n<p>Las presentes Condiciones Generales est\u00e1n sometidas a la legislaci\u00f3n espa\u00f1ola. Cualquier conflicto que surja como consecuencia de este acuerdo o con respecto al mismo, se resolver\u00e1 bajo la jurisdicci\u00f3n del juzgado competente de Madrid.<\/p>\n","protected":false},"excerpt":{"rendered":"<p>La relaci\u00f3n entre Genomapp y sus usuarios se rige por las siguientes condiciones generales. Antes de usar la aplicaci\u00f3n (app) el usuario debe declarar que ha le\u00eddo y entendido las condiciones y aceptarlas. Genomapp se reserva el derecho de modificar en cualquier momento las condiciones generales. Genomapp ha puesto todo su esfuerzo en garantizar la [&hellip;]<\/p>\n","protected":false},"author":1,"featured_media":0,"parent":0,"menu_order":0,"comment_status":"closed","ping_status":"closed","template":"","meta":{"footnotes":""},"class_list":["post-381","page","type-page","status-publish","hentry"],"yoast_head":"<!-- This site is optimized with the Yoast SEO plugin v27.5 - https:\/\/yoast.com\/product\/yoast-seo-wordpress\/ -->\n<title>Condiciones generales - genomapp.com<\/title>\n<meta name=\"robots\" content=\"index, follow, max-snippet:-1, max-image-preview:large, max-video-preview:-1\" \/>\n<link rel=\"canonical\" href=\"https:\/\/genomapp.com\/es\/condiciones-generales\/\" \/>\n<meta property=\"og:locale\" content=\"es_ES\" \/>\n<meta property=\"og:type\" content=\"article\" \/>\n<meta property=\"og:title\" content=\"Condiciones generales - genomapp.com\" \/>\n<meta property=\"og:description\" content=\"La relaci\u00f3n entre Genomapp y sus usuarios se rige por las siguientes condiciones generales. Antes de usar la aplicaci\u00f3n (app) el usuario debe declarar que ha le\u00eddo y entendido las condiciones y aceptarlas. Genomapp se reserva el derecho de modificar en cualquier momento las condiciones generales. Genomapp ha puesto todo su esfuerzo en garantizar la [&hellip;]\" \/>\n<meta property=\"og:url\" content=\"https:\/\/genomapp.com\/es\/condiciones-generales\/\" \/>\n<meta property=\"og:site_name\" content=\"genomapp.com\" \/>\n<meta property=\"article:modified_time\" content=\"2023-12-05T08:29:36+00:00\" \/>\n<meta name=\"twitter:card\" content=\"summary_large_image\" \/>\n<meta name=\"twitter:label1\" content=\"Tiempo de lectura\" \/>\n\t<meta name=\"twitter:data1\" content=\"1 minuto\" \/>\n<script type=\"application\/ld+json\" class=\"yoast-schema-graph\">{\"@context\":\"https:\\\/\\\/schema.org\",\"@graph\":[{\"@type\":\"WebPage\",\"@id\":\"https:\\\/\\\/genomapp.com\\\/es\\\/condiciones-generales\\\/\",\"url\":\"https:\\\/\\\/genomapp.com\\\/es\\\/condiciones-generales\\\/\",\"name\":\"Condiciones generales - genomapp.com\",\"isPartOf\":{\"@id\":\"https:\\\/\\\/genomapp.com\\\/en\\\/#website\"},\"datePublished\":\"2023-12-05T08:27:30+00:00\",\"dateModified\":\"2023-12-05T08:29:36+00:00\",\"breadcrumb\":{\"@id\":\"https:\\\/\\\/genomapp.com\\\/es\\\/condiciones-generales\\\/#breadcrumb\"},\"inLanguage\":\"es\",\"potentialAction\":[{\"@type\":\"ReadAction\",\"target\":[\"https:\\\/\\\/genomapp.com\\\/es\\\/condiciones-generales\\\/\"]}]},{\"@type\":\"BreadcrumbList\",\"@id\":\"https:\\\/\\\/genomapp.com\\\/es\\\/condiciones-generales\\\/#breadcrumb\",\"itemListElement\":[{\"@type\":\"ListItem\",\"position\":1,\"name\":\"Portada\",\"item\":\"https:\\\/\\\/genomapp.com\\\/es\\\/\"},{\"@type\":\"ListItem\",\"position\":2,\"name\":\"Condiciones generales\"}]},{\"@type\":\"WebSite\",\"@id\":\"https:\\\/\\\/genomapp.com\\\/en\\\/#website\",\"url\":\"https:\\\/\\\/genomapp.com\\\/en\\\/\",\"name\":\"Genomapp\",\"description\":\"Analyze your DNA raw data\",\"publisher\":{\"@id\":\"https:\\\/\\\/genomapp.com\\\/en\\\/#organization\"},\"potentialAction\":[{\"@type\":\"SearchAction\",\"target\":{\"@type\":\"EntryPoint\",\"urlTemplate\":\"https:\\\/\\\/genomapp.com\\\/en\\\/?s={search_term_string}\"},\"query-input\":{\"@type\":\"PropertyValueSpecification\",\"valueRequired\":true,\"valueName\":\"search_term_string\"}}],\"inLanguage\":\"es\"},{\"@type\":\"Organization\",\"@id\":\"https:\\\/\\\/genomapp.com\\\/en\\\/#organization\",\"name\":\"Genomapp\",\"url\":\"https:\\\/\\\/genomapp.com\\\/en\\\/\",\"logo\":{\"@type\":\"ImageObject\",\"inLanguage\":\"es\",\"@id\":\"https:\\\/\\\/genomapp.com\\\/en\\\/#\\\/schema\\\/logo\\\/image\\\/\",\"url\":\"https:\\\/\\\/genomapp.com\\\/wp-content\\\/uploads\\\/2023\\\/12\\\/launch_ico_512.png\",\"contentUrl\":\"https:\\\/\\\/genomapp.com\\\/wp-content\\\/uploads\\\/2023\\\/12\\\/launch_ico_512.png\",\"width\":512,\"height\":512,\"caption\":\"Genomapp\"},\"image\":{\"@id\":\"https:\\\/\\\/genomapp.com\\\/en\\\/#\\\/schema\\\/logo\\\/image\\\/\"}}]}<\/script>\n<!-- \/ Yoast SEO plugin. -->","yoast_head_json":{"title":"Condiciones generales - genomapp.com","robots":{"index":"index","follow":"follow","max-snippet":"max-snippet:-1","max-image-preview":"max-image-preview:large","max-video-preview":"max-video-preview:-1"},"canonical":"https:\/\/genomapp.com\/es\/condiciones-generales\/","og_locale":"es_ES","og_type":"article","og_title":"Condiciones generales - genomapp.com","og_description":"La relaci\u00f3n entre Genomapp y sus usuarios se rige por las siguientes condiciones generales. Antes de usar la aplicaci\u00f3n (app) el usuario debe declarar que ha le\u00eddo y entendido las condiciones y aceptarlas. Genomapp se reserva el derecho de modificar en cualquier momento las condiciones generales. Genomapp ha puesto todo su esfuerzo en garantizar la [&hellip;]","og_url":"https:\/\/genomapp.com\/es\/condiciones-generales\/","og_site_name":"genomapp.com","article_modified_time":"2023-12-05T08:29:36+00:00","twitter_card":"summary_large_image","twitter_misc":{"Tiempo de lectura":"1 minuto"},"schema":{"@context":"https:\/\/schema.org","@graph":[{"@type":"WebPage","@id":"https:\/\/genomapp.com\/es\/condiciones-generales\/","url":"https:\/\/genomapp.com\/es\/condiciones-generales\/","name":"Condiciones generales - genomapp.com","isPartOf":{"@id":"https:\/\/genomapp.com\/en\/#website"},"datePublished":"2023-12-05T08:27:30+00:00","dateModified":"2023-12-05T08:29:36+00:00","breadcrumb":{"@id":"https:\/\/genomapp.com\/es\/condiciones-generales\/#breadcrumb"},"inLanguage":"es","potentialAction":[{"@type":"ReadAction","target":["https:\/\/genomapp.com\/es\/condiciones-generales\/"]}]},{"@type":"BreadcrumbList","@id":"https:\/\/genomapp.com\/es\/condiciones-generales\/#breadcrumb","itemListElement":[{"@type":"ListItem","position":1,"name":"Portada","item":"https:\/\/genomapp.com\/es\/"},{"@type":"ListItem","position":2,"name":"Condiciones generales"}]},{"@type":"WebSite","@id":"https:\/\/genomapp.com\/en\/#website","url":"https:\/\/genomapp.com\/en\/","name":"Genomapp","description":"Analyze your DNA raw data","publisher":{"@id":"https:\/\/genomapp.com\/en\/#organization"},"potentialAction":[{"@type":"SearchAction","target":{"@type":"EntryPoint","urlTemplate":"https:\/\/genomapp.com\/en\/?s={search_term_string}"},"query-input":{"@type":"PropertyValueSpecification","valueRequired":true,"valueName":"search_term_string"}}],"inLanguage":"es"},{"@type":"Organization","@id":"https:\/\/genomapp.com\/en\/#organization","name":"Genomapp","url":"https:\/\/genomapp.com\/en\/","logo":{"@type":"ImageObject","inLanguage":"es","@id":"https:\/\/genomapp.com\/en\/#\/schema\/logo\/image\/","url":"https:\/\/genomapp.com\/wp-content\/uploads\/2023\/12\/launch_ico_512.png","contentUrl":"https:\/\/genomapp.com\/wp-content\/uploads\/2023\/12\/launch_ico_512.png","width":512,"height":512,"caption":"Genomapp"},"image":{"@id":"https:\/\/genomapp.com\/en\/#\/schema\/logo\/image\/"}}]}},"_links":{"self":[{"href":"https:\/\/genomapp.com\/es\/wp-json\/wp\/v2\/pages\/381","targetHints":{"allow":["GET"]}}],"collection":[{"href":"https:\/\/genomapp.com\/es\/wp-json\/wp\/v2\/pages"}],"about":[{"href":"https:\/\/genomapp.com\/es\/wp-json\/wp\/v2\/types\/page"}],"author":[{"embeddable":true,"href":"https:\/\/genomapp.com\/es\/wp-json\/wp\/v2\/users\/1"}],"replies":[{"embeddable":true,"href":"https:\/\/genomapp.com\/es\/wp-json\/wp\/v2\/comments?post=381"}],"version-history":[{"count":2,"href":"https:\/\/genomapp.com\/es\/wp-json\/wp\/v2\/pages\/381\/revisions"}],"predecessor-version":[{"id":383,"href":"https:\/\/genomapp.com\/es\/wp-json\/wp\/v2\/pages\/381\/revisions\/383"}],"wp:attachment":[{"href":"https:\/\/genomapp.com\/es\/wp-json\/wp\/v2\/media?parent=381"}],"curies":[{"name":"wp","href":"https:\/\/api.w.org\/{rel}","templated":true}]}}