{"id":375,"date":"2023-12-05T09:24:04","date_gmt":"2023-12-05T08:24:04","guid":{"rendered":"https:\/\/genomapp.com\/?page_id=375"},"modified":"2023-12-05T09:26:05","modified_gmt":"2023-12-05T08:26:05","slug":"politica-de-privacidad","status":"publish","type":"page","link":"https:\/\/genomapp.com\/es\/politica-de-privacidad\/","title":{"rendered":"Pol\u00edtica de privacidad"},"content":{"rendered":"\n<p>La presente Pol\u00edtica de Privacidad describe c\u00f3mo Genomapp recopila, usa y comparte tu informaci\u00f3n al usar nuestros servicios. Cuando usas cualquiera de nuestros servicios consientes que se use tu informaci\u00f3n tal y como se describe en esta Pol\u00edtica de Privacidad.<\/p>\n\n\n\n<p><strong><em>Privacy by Design<\/em><\/strong><\/p>\n\n\n\n<p>Genomapp protege tu privacidad. Para usar Genomapp necesitas un fichero con tu test gen\u00e9tico. Genomapp procesa este fichero en tu propio dispositivo y en ning\u00fan caso sube o guarda una copia del mencionado fichero en sus servidores.<\/p>\n\n\n\n<p><strong>Menores de edad<\/strong><\/p>\n\n\n\n<p>Debes haber cumplido 18 a\u00f1os para poder usar nuestros servicios. En algunos pa\u00edses la mayor\u00eda de edad puede ser posterior a los 18 a\u00f1os, en cuyo caso deber\u00e1s tener dicha edad para usar Genomapp.<\/p>\n\n\n\n<p><strong>Recopilaci\u00f3n de informaci\u00f3n<\/strong><\/p>\n\n\n\n<p>Recopilamos la informaci\u00f3n que nos proporcionas al crear una cuenta de Genomapp, incluyendo:<\/p>\n\n\n\n<ul class=\"wp-block-list\">\n<li>Informaci\u00f3n de registro. Cuando te registras proporcionas informaci\u00f3n personal como nombre de usuario o direcci\u00f3n de correo electr\u00f3nico.<\/li>\n\n\n\n<li>Perfil. Informaci\u00f3n b\u00e1sica que puedes incluir en tu perfil: localizaci\u00f3n, g\u00e9nero, fecha de nacimiento, breve biograf\u00eda.<\/li>\n<\/ul>\n\n\n\n<p>Recopilamos informaci\u00f3n sobre el uso que haces de nuestros servicios, incluyendo:<\/p>\n\n\n\n<ul class=\"wp-block-list\">\n<li>Informaci\u00f3n de uso. C\u00f3mo usas nuestros servicios (hora de acceso, registro de errores)<\/li>\n\n\n\n<li>Informaci\u00f3n transaccional. Cuando compras alguno de nuestros productos recopilamos datos como el momento de compra o el nombre del producto adquirido.<\/li>\n\n\n\n<li>Informaci\u00f3n del dispositivo. Recopilamos informaci\u00f3n acerca del dispositivo con el que accedes a nuestros servicios como el sistema operativo y su versi\u00f3n.<\/li>\n\n\n\n<li>Localizaci\u00f3n. A trav\u00e9s de nuestra app recopilamos informaci\u00f3n sobre el pa\u00eds o la zona horaria del dispositivo.<\/li>\n\n\n\n<li>Cookies y logs. Usamos cookies y tecnolog\u00edas similares para recopilar datos de uso.<\/li>\n<\/ul>\n\n\n\n<p><strong>Uso de la informaci\u00f3n<\/strong><\/p>\n\n\n\n<p>Recopilamos informaci\u00f3n para proporcionar, analizar y mejorar nuestros servicios.<\/p>\n\n\n\n<p>Conservamos los datos hasta que ya no son necesarios para prestar nuestros servicios o hasta que tu cuenta sea eliminada. Conservamos ciertos datos relacionados con tu historial de compras mientras tu cuenta est\u00e1 activa o son necesarios para prestar servicios, contabilidad, auditor\u00edas u otras obligaciones.<\/p>\n\n\n\n<p>Si nos env\u00edas un email conservaremos el contenido del mensaje, tu direcci\u00f3n de correo y de contacto para poder responderte.<\/p>\n\n\n\n<p>Puedes optar por no recibir mensajes promocionales de Genomapp siguiendo las instrucciones que aparecen en dichos mensajes o cambiando tus preferencias en tu cuenta de Genomapp. Si decides no recibir m\u00e1s mensajes, podremos seguir envi\u00e1ndote comunicaciones no comerciales como mensajes de soporte t\u00e9cnico o administrativos.<\/p>\n\n\n\n<p><strong>Compartir informaci\u00f3n<\/strong><\/p>\n\n\n\n<p>Proteger tu informaci\u00f3n personal es importante para nosotros y no la vendemos ni la cedemos a nadie. No obstante, facilitaremos acceso a la informaci\u00f3n a proveedores de servicios necesarios para la gesti\u00f3n de nuestro negocio como proveedores de infraestructura tecnol\u00f3gica, an\u00e1lisis de uso de nuestros productos, atenci\u00f3n al cliente, pagos o encuestas. Los servidores usados para prestar alguno de estos servicios pueden estar alojados en los Estados Unidos de Am\u00e9rica, en cuyo caso la informaci\u00f3n asociada al perfil del usuario (nunca sus datos gen\u00e9ticos) estar\u00e1n tambi\u00e9n alojados en dicho pa\u00eds.<\/p>\n\n\n\n<p><strong>Modificaciones<\/strong><\/p>\n\n\n\n<p>Actualizaremos esta Pol\u00edtica de Privacidad de vez en cuando si cambios legales, regulatorios u operativos as\u00ed lo requieren. Te avisaremos de dichos cambios de acuerdo con la ley. Si contin\u00faas usando Genomapp despu\u00e9s de alguno de dichos cambios significa que aceptas los cambios. Si no aceptas las actualizaciones a esta Pol\u00edtica de Privacidad puedes cancelar tu cuenta de Genomapp.<\/p>\n\n\n\n<p><strong>Contacto<\/strong><\/p>\n\n\n\n<p>Puedes contactar con Genomapp para resolver tus dudas sobre la Pol\u00edtica de Privacidad. Nuestra direcci\u00f3n es Fuencarral, 156, 2I, 28010, Madrid, Espa\u00f1a. Tambi\u00e9n puedes ejercer tus derechos enviando un email a <a href=\"mailto:info@genomapp.com\">info@genomapp.com<\/a>.<\/p>\n\n\n\n<p class=\"has-medium-font-size\">Fecha de la \u00faltima revisi\u00f3n: 10 de mayo de 2018<\/p>\n","protected":false},"excerpt":{"rendered":"<p>La presente Pol\u00edtica de Privacidad describe c\u00f3mo Genomapp recopila, usa y comparte tu informaci\u00f3n al usar nuestros servicios. Cuando usas cualquiera de nuestros servicios consientes que se use tu informaci\u00f3n tal y como se describe en esta Pol\u00edtica de Privacidad. Privacy by Design Genomapp protege tu privacidad. Para usar Genomapp necesitas un fichero con tu [&hellip;]<\/p>\n","protected":false},"author":1,"featured_media":0,"parent":0,"menu_order":0,"comment_status":"closed","ping_status":"closed","template":"","meta":{"footnotes":""},"class_list":["post-375","page","type-page","status-publish","hentry"],"yoast_head":"<!-- This site is optimized with the Yoast SEO plugin v27.5 - https:\/\/yoast.com\/product\/yoast-seo-wordpress\/ -->\n<title>Pol\u00edtica de privacidad - genomapp.com<\/title>\n<meta name=\"robots\" content=\"index, follow, max-snippet:-1, max-image-preview:large, max-video-preview:-1\" \/>\n<link rel=\"canonical\" href=\"https:\/\/genomapp.com\/es\/politica-de-privacidad\/\" \/>\n<meta property=\"og:locale\" content=\"es_ES\" \/>\n<meta property=\"og:type\" content=\"article\" \/>\n<meta property=\"og:title\" content=\"Pol\u00edtica de privacidad - genomapp.com\" \/>\n<meta property=\"og:description\" content=\"La presente Pol\u00edtica de Privacidad describe c\u00f3mo Genomapp recopila, usa y comparte tu informaci\u00f3n al usar nuestros servicios. Cuando usas cualquiera de nuestros servicios consientes que se use tu informaci\u00f3n tal y como se describe en esta Pol\u00edtica de Privacidad. Privacy by Design Genomapp protege tu privacidad. Para usar Genomapp necesitas un fichero con tu [&hellip;]\" \/>\n<meta property=\"og:url\" content=\"https:\/\/genomapp.com\/es\/politica-de-privacidad\/\" \/>\n<meta property=\"og:site_name\" content=\"genomapp.com\" \/>\n<meta property=\"article:modified_time\" content=\"2023-12-05T08:26:05+00:00\" \/>\n<meta name=\"twitter:card\" content=\"summary_large_image\" \/>\n<meta name=\"twitter:label1\" content=\"Tiempo de lectura\" \/>\n\t<meta name=\"twitter:data1\" content=\"3 minutos\" \/>\n<script type=\"application\/ld+json\" class=\"yoast-schema-graph\">{\"@context\":\"https:\\\/\\\/schema.org\",\"@graph\":[{\"@type\":\"WebPage\",\"@id\":\"https:\\\/\\\/genomapp.com\\\/es\\\/politica-de-privacidad\\\/\",\"url\":\"https:\\\/\\\/genomapp.com\\\/es\\\/politica-de-privacidad\\\/\",\"name\":\"Pol\u00edtica de privacidad - genomapp.com\",\"isPartOf\":{\"@id\":\"https:\\\/\\\/genomapp.com\\\/en\\\/#website\"},\"datePublished\":\"2023-12-05T08:24:04+00:00\",\"dateModified\":\"2023-12-05T08:26:05+00:00\",\"breadcrumb\":{\"@id\":\"https:\\\/\\\/genomapp.com\\\/es\\\/politica-de-privacidad\\\/#breadcrumb\"},\"inLanguage\":\"es\",\"potentialAction\":[{\"@type\":\"ReadAction\",\"target\":[\"https:\\\/\\\/genomapp.com\\\/es\\\/politica-de-privacidad\\\/\"]}]},{\"@type\":\"BreadcrumbList\",\"@id\":\"https:\\\/\\\/genomapp.com\\\/es\\\/politica-de-privacidad\\\/#breadcrumb\",\"itemListElement\":[{\"@type\":\"ListItem\",\"position\":1,\"name\":\"Portada\",\"item\":\"https:\\\/\\\/genomapp.com\\\/es\\\/\"},{\"@type\":\"ListItem\",\"position\":2,\"name\":\"Pol\u00edtica de privacidad\"}]},{\"@type\":\"WebSite\",\"@id\":\"https:\\\/\\\/genomapp.com\\\/en\\\/#website\",\"url\":\"https:\\\/\\\/genomapp.com\\\/en\\\/\",\"name\":\"Genomapp\",\"description\":\"Analyze your DNA raw data\",\"publisher\":{\"@id\":\"https:\\\/\\\/genomapp.com\\\/en\\\/#organization\"},\"potentialAction\":[{\"@type\":\"SearchAction\",\"target\":{\"@type\":\"EntryPoint\",\"urlTemplate\":\"https:\\\/\\\/genomapp.com\\\/en\\\/?s={search_term_string}\"},\"query-input\":{\"@type\":\"PropertyValueSpecification\",\"valueRequired\":true,\"valueName\":\"search_term_string\"}}],\"inLanguage\":\"es\"},{\"@type\":\"Organization\",\"@id\":\"https:\\\/\\\/genomapp.com\\\/en\\\/#organization\",\"name\":\"Genomapp\",\"url\":\"https:\\\/\\\/genomapp.com\\\/en\\\/\",\"logo\":{\"@type\":\"ImageObject\",\"inLanguage\":\"es\",\"@id\":\"https:\\\/\\\/genomapp.com\\\/en\\\/#\\\/schema\\\/logo\\\/image\\\/\",\"url\":\"https:\\\/\\\/genomapp.com\\\/wp-content\\\/uploads\\\/2023\\\/12\\\/launch_ico_512.png\",\"contentUrl\":\"https:\\\/\\\/genomapp.com\\\/wp-content\\\/uploads\\\/2023\\\/12\\\/launch_ico_512.png\",\"width\":512,\"height\":512,\"caption\":\"Genomapp\"},\"image\":{\"@id\":\"https:\\\/\\\/genomapp.com\\\/en\\\/#\\\/schema\\\/logo\\\/image\\\/\"}}]}<\/script>\n<!-- \/ Yoast SEO plugin. -->","yoast_head_json":{"title":"Pol\u00edtica de privacidad - genomapp.com","robots":{"index":"index","follow":"follow","max-snippet":"max-snippet:-1","max-image-preview":"max-image-preview:large","max-video-preview":"max-video-preview:-1"},"canonical":"https:\/\/genomapp.com\/es\/politica-de-privacidad\/","og_locale":"es_ES","og_type":"article","og_title":"Pol\u00edtica de privacidad - genomapp.com","og_description":"La presente Pol\u00edtica de Privacidad describe c\u00f3mo Genomapp recopila, usa y comparte tu informaci\u00f3n al usar nuestros servicios. Cuando usas cualquiera de nuestros servicios consientes que se use tu informaci\u00f3n tal y como se describe en esta Pol\u00edtica de Privacidad. Privacy by Design Genomapp protege tu privacidad. Para usar Genomapp necesitas un fichero con tu [&hellip;]","og_url":"https:\/\/genomapp.com\/es\/politica-de-privacidad\/","og_site_name":"genomapp.com","article_modified_time":"2023-12-05T08:26:05+00:00","twitter_card":"summary_large_image","twitter_misc":{"Tiempo de lectura":"3 minutos"},"schema":{"@context":"https:\/\/schema.org","@graph":[{"@type":"WebPage","@id":"https:\/\/genomapp.com\/es\/politica-de-privacidad\/","url":"https:\/\/genomapp.com\/es\/politica-de-privacidad\/","name":"Pol\u00edtica de privacidad - genomapp.com","isPartOf":{"@id":"https:\/\/genomapp.com\/en\/#website"},"datePublished":"2023-12-05T08:24:04+00:00","dateModified":"2023-12-05T08:26:05+00:00","breadcrumb":{"@id":"https:\/\/genomapp.com\/es\/politica-de-privacidad\/#breadcrumb"},"inLanguage":"es","potentialAction":[{"@type":"ReadAction","target":["https:\/\/genomapp.com\/es\/politica-de-privacidad\/"]}]},{"@type":"BreadcrumbList","@id":"https:\/\/genomapp.com\/es\/politica-de-privacidad\/#breadcrumb","itemListElement":[{"@type":"ListItem","position":1,"name":"Portada","item":"https:\/\/genomapp.com\/es\/"},{"@type":"ListItem","position":2,"name":"Pol\u00edtica de privacidad"}]},{"@type":"WebSite","@id":"https:\/\/genomapp.com\/en\/#website","url":"https:\/\/genomapp.com\/en\/","name":"Genomapp","description":"Analyze your DNA raw data","publisher":{"@id":"https:\/\/genomapp.com\/en\/#organization"},"potentialAction":[{"@type":"SearchAction","target":{"@type":"EntryPoint","urlTemplate":"https:\/\/genomapp.com\/en\/?s={search_term_string}"},"query-input":{"@type":"PropertyValueSpecification","valueRequired":true,"valueName":"search_term_string"}}],"inLanguage":"es"},{"@type":"Organization","@id":"https:\/\/genomapp.com\/en\/#organization","name":"Genomapp","url":"https:\/\/genomapp.com\/en\/","logo":{"@type":"ImageObject","inLanguage":"es","@id":"https:\/\/genomapp.com\/en\/#\/schema\/logo\/image\/","url":"https:\/\/genomapp.com\/wp-content\/uploads\/2023\/12\/launch_ico_512.png","contentUrl":"https:\/\/genomapp.com\/wp-content\/uploads\/2023\/12\/launch_ico_512.png","width":512,"height":512,"caption":"Genomapp"},"image":{"@id":"https:\/\/genomapp.com\/en\/#\/schema\/logo\/image\/"}}]}},"_links":{"self":[{"href":"https:\/\/genomapp.com\/es\/wp-json\/wp\/v2\/pages\/375","targetHints":{"allow":["GET"]}}],"collection":[{"href":"https:\/\/genomapp.com\/es\/wp-json\/wp\/v2\/pages"}],"about":[{"href":"https:\/\/genomapp.com\/es\/wp-json\/wp\/v2\/types\/page"}],"author":[{"embeddable":true,"href":"https:\/\/genomapp.com\/es\/wp-json\/wp\/v2\/users\/1"}],"replies":[{"embeddable":true,"href":"https:\/\/genomapp.com\/es\/wp-json\/wp\/v2\/comments?post=375"}],"version-history":[{"count":2,"href":"https:\/\/genomapp.com\/es\/wp-json\/wp\/v2\/pages\/375\/revisions"}],"predecessor-version":[{"id":377,"href":"https:\/\/genomapp.com\/es\/wp-json\/wp\/v2\/pages\/375\/revisions\/377"}],"wp:attachment":[{"href":"https:\/\/genomapp.com\/es\/wp-json\/wp\/v2\/media?parent=375"}],"curies":[{"name":"wp","href":"https:\/\/api.w.org\/{rel}","templated":true}]}}