{"id":365,"date":"2023-12-04T12:04:57","date_gmt":"2023-12-04T11:04:57","guid":{"rendered":"https:\/\/genomapp.com\/?page_id=365"},"modified":"2026-02-11T17:34:25","modified_gmt":"2026-02-11T16:34:25","slug":"grupos-sanguineos","status":"publish","type":"page","link":"https:\/\/genomapp.com\/es\/informes\/grupos-sanguineos\/","title":{"rendered":"Grupos sangu\u00edneos"},"content":{"rendered":"\n<p class=\"has-custom-color-2-background-color has-background has-x-large-font-size\">Marcadores cl\u00ednicamente relevantes para transfusiones o embarazo.<\/p>\n\n\n\n<p>Esta categor\u00eda explora tu huella gen\u00e9tica para los sistemas de grupos sangu\u00edneos. Aunque probablemente conozcas tu tipo general ABO y Rh (positivo\/negativo), tus genes en realidad codifican cientos de marcadores distintos (ant\u00edgenos) en la superficie de tus c\u00e9lulas sangu\u00edneas.<\/p>\n\n\n\n<p>Comprender este perfil gen\u00e9tico m\u00e1s profundo es una pieza clave para la compatibilidad m\u00e9dica. El prop\u00f3sito principal es ayudar a garantizar que tu sistema inmunol\u00f3gico no identifique la sangre donada o, durante el embarazo, la sangre de tu beb\u00e9 como &#8216;extra\u00f1a&#8217;, evitando as\u00ed una potencial reacci\u00f3n inmunol\u00f3gica. <\/p>\n\n\n\n<p>Este conocimiento es valioso para transfusiones de sangre seguras, la gesti\u00f3n del embarazo y ciertos trasplantes.<\/p>\n\n\n\n<p>En esta secci\u00f3n, encontrar\u00e1s dos tipos principales de marcadores gen\u00e9ticos:<\/p>\n\n\n\n<p>Primero, marcadores cl\u00ednicamente relevantes. Es importante comprender que estos marcadores no representan una enfermedad por s\u00ed mismos. En cambio, identifican caracter\u00edsticas sangu\u00edneas espec\u00edficas que son beneficiosas para que tu equipo m\u00e9dico las conozca. Tener uno de estos marcadores podr\u00eda sugerir que necesitas una compatibilidad sangu\u00ednea m\u00e1s espec\u00edfica para una transfusi\u00f3n o un monitoreo especial durante el embarazo para ayudar a prevenir complicaciones relacionadas con el sistema inmunol\u00f3gico.<\/p>\n\n\n\n<p>Segundo, variantes benignas. Estos son marcadores comunes que se encuentran en la poblaci\u00f3n y que simplemente forman parte de la diversidad humana normal. No est\u00e1n asociados con un impacto negativo en tu salud y solo contribuyen a tu composici\u00f3n gen\u00e9tica \u00fanica.<\/p>\n\n\n\n<p>La secci\u00f3n tambi\u00e9n incluye una <strong>calculadora de grupo sangu\u00edneo<\/strong>.<\/p>\n\n\n\n<p class=\"has-medium-font-size\">Por favor ten en cuenta que Genomapp no es para uso diagn\u00f3stico, no ofrece consejo m\u00e9dico ni lo sustituye. Consulta con un profesional de la salud si tienes alguna duda.<\/p>\n","protected":false},"excerpt":{"rendered":"<p>Marcadores cl\u00ednicamente relevantes para transfusiones o embarazo. Esta categor\u00eda explora tu huella gen\u00e9tica para los sistemas de grupos sangu\u00edneos. Aunque probablemente conozcas tu tipo general ABO y Rh (positivo\/negativo), tus genes en realidad codifican cientos de marcadores distintos (ant\u00edgenos) en la superficie de tus c\u00e9lulas sangu\u00edneas. Comprender este perfil gen\u00e9tico m\u00e1s profundo es una pieza [&hellip;]<\/p>\n","protected":false},"author":1,"featured_media":0,"parent":392,"menu_order":7,"comment_status":"closed","ping_status":"closed","template":"","meta":{"footnotes":""},"class_list":["post-365","page","type-page","status-publish","hentry"],"yoast_head":"<!-- This site is optimized with the Yoast SEO plugin v27.5 - https:\/\/yoast.com\/product\/yoast-seo-wordpress\/ -->\n<title>Grupos sangu\u00edneos - genomapp.com<\/title>\n<meta name=\"robots\" content=\"index, follow, max-snippet:-1, max-image-preview:large, max-video-preview:-1\" \/>\n<link rel=\"canonical\" href=\"https:\/\/genomapp.com\/es\/informes\/grupos-sanguineos\/\" \/>\n<meta property=\"og:locale\" content=\"es_ES\" \/>\n<meta property=\"og:type\" content=\"article\" \/>\n<meta property=\"og:title\" content=\"Grupos sangu\u00edneos - genomapp.com\" \/>\n<meta property=\"og:description\" content=\"Marcadores cl\u00ednicamente relevantes para transfusiones o embarazo. Esta categor\u00eda explora tu huella gen\u00e9tica para los sistemas de grupos sangu\u00edneos. Aunque probablemente conozcas tu tipo general ABO y Rh (positivo\/negativo), tus genes en realidad codifican cientos de marcadores distintos (ant\u00edgenos) en la superficie de tus c\u00e9lulas sangu\u00edneas. Comprender este perfil gen\u00e9tico m\u00e1s profundo es una pieza [&hellip;]\" \/>\n<meta property=\"og:url\" content=\"https:\/\/genomapp.com\/es\/informes\/grupos-sanguineos\/\" \/>\n<meta property=\"og:site_name\" content=\"genomapp.com\" \/>\n<meta property=\"article:modified_time\" content=\"2026-02-11T16:34:25+00:00\" \/>\n<meta name=\"twitter:card\" content=\"summary_large_image\" \/>\n<meta name=\"twitter:label1\" content=\"Tiempo de lectura\" \/>\n\t<meta name=\"twitter:data1\" content=\"2 minutos\" \/>\n<script type=\"application\/ld+json\" class=\"yoast-schema-graph\">{\"@context\":\"https:\\\/\\\/schema.org\",\"@graph\":[{\"@type\":\"WebPage\",\"@id\":\"https:\\\/\\\/genomapp.com\\\/es\\\/informes\\\/grupos-sanguineos\\\/\",\"url\":\"https:\\\/\\\/genomapp.com\\\/es\\\/informes\\\/grupos-sanguineos\\\/\",\"name\":\"Grupos sangu\u00edneos - genomapp.com\",\"isPartOf\":{\"@id\":\"https:\\\/\\\/genomapp.com\\\/en\\\/#website\"},\"datePublished\":\"2023-12-04T11:04:57+00:00\",\"dateModified\":\"2026-02-11T16:34:25+00:00\",\"breadcrumb\":{\"@id\":\"https:\\\/\\\/genomapp.com\\\/es\\\/informes\\\/grupos-sanguineos\\\/#breadcrumb\"},\"inLanguage\":\"es\",\"potentialAction\":[{\"@type\":\"ReadAction\",\"target\":[\"https:\\\/\\\/genomapp.com\\\/es\\\/informes\\\/grupos-sanguineos\\\/\"]}]},{\"@type\":\"BreadcrumbList\",\"@id\":\"https:\\\/\\\/genomapp.com\\\/es\\\/informes\\\/grupos-sanguineos\\\/#breadcrumb\",\"itemListElement\":[{\"@type\":\"ListItem\",\"position\":1,\"name\":\"Portada\",\"item\":\"https:\\\/\\\/genomapp.com\\\/es\\\/\"},{\"@type\":\"ListItem\",\"position\":2,\"name\":\"Informes\",\"item\":\"https:\\\/\\\/genomapp.com\\\/es\\\/informes\\\/\"},{\"@type\":\"ListItem\",\"position\":3,\"name\":\"Grupos sangu\u00edneos\"}]},{\"@type\":\"WebSite\",\"@id\":\"https:\\\/\\\/genomapp.com\\\/en\\\/#website\",\"url\":\"https:\\\/\\\/genomapp.com\\\/en\\\/\",\"name\":\"Genomapp\",\"description\":\"Analyze your DNA raw data\",\"publisher\":{\"@id\":\"https:\\\/\\\/genomapp.com\\\/en\\\/#organization\"},\"potentialAction\":[{\"@type\":\"SearchAction\",\"target\":{\"@type\":\"EntryPoint\",\"urlTemplate\":\"https:\\\/\\\/genomapp.com\\\/en\\\/?s={search_term_string}\"},\"query-input\":{\"@type\":\"PropertyValueSpecification\",\"valueRequired\":true,\"valueName\":\"search_term_string\"}}],\"inLanguage\":\"es\"},{\"@type\":\"Organization\",\"@id\":\"https:\\\/\\\/genomapp.com\\\/en\\\/#organization\",\"name\":\"Genomapp\",\"url\":\"https:\\\/\\\/genomapp.com\\\/en\\\/\",\"logo\":{\"@type\":\"ImageObject\",\"inLanguage\":\"es\",\"@id\":\"https:\\\/\\\/genomapp.com\\\/en\\\/#\\\/schema\\\/logo\\\/image\\\/\",\"url\":\"https:\\\/\\\/genomapp.com\\\/wp-content\\\/uploads\\\/2023\\\/12\\\/launch_ico_512.png\",\"contentUrl\":\"https:\\\/\\\/genomapp.com\\\/wp-content\\\/uploads\\\/2023\\\/12\\\/launch_ico_512.png\",\"width\":512,\"height\":512,\"caption\":\"Genomapp\"},\"image\":{\"@id\":\"https:\\\/\\\/genomapp.com\\\/en\\\/#\\\/schema\\\/logo\\\/image\\\/\"}}]}<\/script>\n<!-- \/ Yoast SEO plugin. -->","yoast_head_json":{"title":"Grupos sangu\u00edneos - genomapp.com","robots":{"index":"index","follow":"follow","max-snippet":"max-snippet:-1","max-image-preview":"max-image-preview:large","max-video-preview":"max-video-preview:-1"},"canonical":"https:\/\/genomapp.com\/es\/informes\/grupos-sanguineos\/","og_locale":"es_ES","og_type":"article","og_title":"Grupos sangu\u00edneos - genomapp.com","og_description":"Marcadores cl\u00ednicamente relevantes para transfusiones o embarazo. Esta categor\u00eda explora tu huella gen\u00e9tica para los sistemas de grupos sangu\u00edneos. Aunque probablemente conozcas tu tipo general ABO y Rh (positivo\/negativo), tus genes en realidad codifican cientos de marcadores distintos (ant\u00edgenos) en la superficie de tus c\u00e9lulas sangu\u00edneas. Comprender este perfil gen\u00e9tico m\u00e1s profundo es una pieza [&hellip;]","og_url":"https:\/\/genomapp.com\/es\/informes\/grupos-sanguineos\/","og_site_name":"genomapp.com","article_modified_time":"2026-02-11T16:34:25+00:00","twitter_card":"summary_large_image","twitter_misc":{"Tiempo de lectura":"2 minutos"},"schema":{"@context":"https:\/\/schema.org","@graph":[{"@type":"WebPage","@id":"https:\/\/genomapp.com\/es\/informes\/grupos-sanguineos\/","url":"https:\/\/genomapp.com\/es\/informes\/grupos-sanguineos\/","name":"Grupos sangu\u00edneos - genomapp.com","isPartOf":{"@id":"https:\/\/genomapp.com\/en\/#website"},"datePublished":"2023-12-04T11:04:57+00:00","dateModified":"2026-02-11T16:34:25+00:00","breadcrumb":{"@id":"https:\/\/genomapp.com\/es\/informes\/grupos-sanguineos\/#breadcrumb"},"inLanguage":"es","potentialAction":[{"@type":"ReadAction","target":["https:\/\/genomapp.com\/es\/informes\/grupos-sanguineos\/"]}]},{"@type":"BreadcrumbList","@id":"https:\/\/genomapp.com\/es\/informes\/grupos-sanguineos\/#breadcrumb","itemListElement":[{"@type":"ListItem","position":1,"name":"Portada","item":"https:\/\/genomapp.com\/es\/"},{"@type":"ListItem","position":2,"name":"Informes","item":"https:\/\/genomapp.com\/es\/informes\/"},{"@type":"ListItem","position":3,"name":"Grupos sangu\u00edneos"}]},{"@type":"WebSite","@id":"https:\/\/genomapp.com\/en\/#website","url":"https:\/\/genomapp.com\/en\/","name":"Genomapp","description":"Analyze your DNA raw data","publisher":{"@id":"https:\/\/genomapp.com\/en\/#organization"},"potentialAction":[{"@type":"SearchAction","target":{"@type":"EntryPoint","urlTemplate":"https:\/\/genomapp.com\/en\/?s={search_term_string}"},"query-input":{"@type":"PropertyValueSpecification","valueRequired":true,"valueName":"search_term_string"}}],"inLanguage":"es"},{"@type":"Organization","@id":"https:\/\/genomapp.com\/en\/#organization","name":"Genomapp","url":"https:\/\/genomapp.com\/en\/","logo":{"@type":"ImageObject","inLanguage":"es","@id":"https:\/\/genomapp.com\/en\/#\/schema\/logo\/image\/","url":"https:\/\/genomapp.com\/wp-content\/uploads\/2023\/12\/launch_ico_512.png","contentUrl":"https:\/\/genomapp.com\/wp-content\/uploads\/2023\/12\/launch_ico_512.png","width":512,"height":512,"caption":"Genomapp"},"image":{"@id":"https:\/\/genomapp.com\/en\/#\/schema\/logo\/image\/"}}]}},"_links":{"self":[{"href":"https:\/\/genomapp.com\/es\/wp-json\/wp\/v2\/pages\/365","targetHints":{"allow":["GET"]}}],"collection":[{"href":"https:\/\/genomapp.com\/es\/wp-json\/wp\/v2\/pages"}],"about":[{"href":"https:\/\/genomapp.com\/es\/wp-json\/wp\/v2\/types\/page"}],"author":[{"embeddable":true,"href":"https:\/\/genomapp.com\/es\/wp-json\/wp\/v2\/users\/1"}],"replies":[{"embeddable":true,"href":"https:\/\/genomapp.com\/es\/wp-json\/wp\/v2\/comments?post=365"}],"version-history":[{"count":6,"href":"https:\/\/genomapp.com\/es\/wp-json\/wp\/v2\/pages\/365\/revisions"}],"predecessor-version":[{"id":1148,"href":"https:\/\/genomapp.com\/es\/wp-json\/wp\/v2\/pages\/365\/revisions\/1148"}],"up":[{"embeddable":true,"href":"https:\/\/genomapp.com\/es\/wp-json\/wp\/v2\/pages\/392"}],"wp:attachment":[{"href":"https:\/\/genomapp.com\/es\/wp-json\/wp\/v2\/media?parent=365"}],"curies":[{"name":"wp","href":"https:\/\/api.w.org\/{rel}","templated":true}]}}