{"id":362,"date":"2023-12-04T13:17:48","date_gmt":"2023-12-04T12:17:48","guid":{"rendered":"https:\/\/genomapp.com\/?page_id=362"},"modified":"2023-12-12T11:33:42","modified_gmt":"2023-12-12T10:33:42","slug":"rasgos","status":"publish","type":"page","link":"https:\/\/genomapp.com\/es\/informes\/rasgos\/","title":{"rendered":"Rasgos"},"content":{"rendered":"\n<p class=\"has-custom-color-2-background-color has-background has-x-large-font-size\">Caracter\u00edsticas o atributos expresados por los genes y\/o influidos por el entorno.<\/p>\n\n\n\n<p>Un rasgo es una caracter\u00edstica espec\u00edfica de un organismo. Los rasgos vienen determinados por los genes y el entorno o m\u00e1s com\u00fanmente de las relaciones entre ellos. Incluyen atributos como:<\/p>\n\n\n\n<ul class=\"wp-block-list\">\n<li>Intolerancia a la lactosa<\/li>\n\n\n\n<li>Rendimiento muscular<\/li>\n\n\n\n<li>Color de ojos<\/li>\n\n\n\n<li>Percepci\u00f3n de sabor amargo<\/li>\n\n\n\n<li>y m\u00e1s<\/li>\n<\/ul>\n\n\n\n<p>Los informes generados por Genomapp son el resultado de cruzar nuestra base de datos con tu fichero raw data. Si no encuentras una enfermedad en tus resultados de Genomapp es porque no tienes un marcador relacionado con esa enfermedad en tu fichero raw data o, si existe en tu fichero, no est\u00e1 en nuestra base de datos.<\/p>\n\n\n\n<p class=\"has-medium-font-size\">Por favor ten en cuenta que Genomapp no es para uso diagn\u00f3stico, no ofrece consejo m\u00e9dico ni lo sustituye. Consulta con un profesional de la salud si tienes alguna duda.<\/p>\n","protected":false},"excerpt":{"rendered":"<p>Caracter\u00edsticas o atributos expresados por los genes y\/o influidos por el entorno. Un rasgo es una caracter\u00edstica espec\u00edfica de un organismo. Los rasgos vienen determinados por los genes y el entorno o m\u00e1s com\u00fanmente de las relaciones entre ellos. Incluyen atributos como: Los informes generados por Genomapp son el resultado de cruzar nuestra base de [&hellip;]<\/p>\n","protected":false},"author":1,"featured_media":0,"parent":392,"menu_order":5,"comment_status":"closed","ping_status":"closed","template":"","meta":{"footnotes":""},"class_list":["post-362","page","type-page","status-publish","hentry"],"yoast_head":"<!-- This site is optimized with the Yoast SEO plugin v27.5 - https:\/\/yoast.com\/product\/yoast-seo-wordpress\/ -->\n<title>Rasgos - genomapp.com<\/title>\n<meta name=\"robots\" content=\"index, follow, max-snippet:-1, max-image-preview:large, max-video-preview:-1\" \/>\n<link rel=\"canonical\" href=\"https:\/\/genomapp.com\/es\/informes\/rasgos\/\" \/>\n<meta property=\"og:locale\" content=\"es_ES\" \/>\n<meta property=\"og:type\" content=\"article\" \/>\n<meta property=\"og:title\" content=\"Rasgos - genomapp.com\" \/>\n<meta property=\"og:description\" content=\"Caracter\u00edsticas o atributos expresados por los genes y\/o influidos por el entorno. Un rasgo es una caracter\u00edstica espec\u00edfica de un organismo. Los rasgos vienen determinados por los genes y el entorno o m\u00e1s com\u00fanmente de las relaciones entre ellos. Incluyen atributos como: Los informes generados por Genomapp son el resultado de cruzar nuestra base de [&hellip;]\" \/>\n<meta property=\"og:url\" content=\"https:\/\/genomapp.com\/es\/informes\/rasgos\/\" \/>\n<meta property=\"og:site_name\" content=\"genomapp.com\" \/>\n<meta property=\"article:modified_time\" content=\"2023-12-12T10:33:42+00:00\" \/>\n<meta name=\"twitter:card\" content=\"summary_large_image\" \/>\n<meta name=\"twitter:label1\" content=\"Tiempo de lectura\" \/>\n\t<meta name=\"twitter:data1\" content=\"1 minuto\" \/>\n<script type=\"application\/ld+json\" class=\"yoast-schema-graph\">{\"@context\":\"https:\\\/\\\/schema.org\",\"@graph\":[{\"@type\":\"WebPage\",\"@id\":\"https:\\\/\\\/genomapp.com\\\/es\\\/informes\\\/rasgos\\\/\",\"url\":\"https:\\\/\\\/genomapp.com\\\/es\\\/informes\\\/rasgos\\\/\",\"name\":\"Rasgos - genomapp.com\",\"isPartOf\":{\"@id\":\"https:\\\/\\\/genomapp.com\\\/en\\\/#website\"},\"datePublished\":\"2023-12-04T12:17:48+00:00\",\"dateModified\":\"2023-12-12T10:33:42+00:00\",\"breadcrumb\":{\"@id\":\"https:\\\/\\\/genomapp.com\\\/es\\\/informes\\\/rasgos\\\/#breadcrumb\"},\"inLanguage\":\"es\",\"potentialAction\":[{\"@type\":\"ReadAction\",\"target\":[\"https:\\\/\\\/genomapp.com\\\/es\\\/informes\\\/rasgos\\\/\"]}]},{\"@type\":\"BreadcrumbList\",\"@id\":\"https:\\\/\\\/genomapp.com\\\/es\\\/informes\\\/rasgos\\\/#breadcrumb\",\"itemListElement\":[{\"@type\":\"ListItem\",\"position\":1,\"name\":\"Portada\",\"item\":\"https:\\\/\\\/genomapp.com\\\/es\\\/\"},{\"@type\":\"ListItem\",\"position\":2,\"name\":\"Informes\",\"item\":\"https:\\\/\\\/genomapp.com\\\/es\\\/informes\\\/\"},{\"@type\":\"ListItem\",\"position\":3,\"name\":\"Rasgos\"}]},{\"@type\":\"WebSite\",\"@id\":\"https:\\\/\\\/genomapp.com\\\/en\\\/#website\",\"url\":\"https:\\\/\\\/genomapp.com\\\/en\\\/\",\"name\":\"Genomapp\",\"description\":\"Analyze your DNA raw data\",\"publisher\":{\"@id\":\"https:\\\/\\\/genomapp.com\\\/en\\\/#organization\"},\"potentialAction\":[{\"@type\":\"SearchAction\",\"target\":{\"@type\":\"EntryPoint\",\"urlTemplate\":\"https:\\\/\\\/genomapp.com\\\/en\\\/?s={search_term_string}\"},\"query-input\":{\"@type\":\"PropertyValueSpecification\",\"valueRequired\":true,\"valueName\":\"search_term_string\"}}],\"inLanguage\":\"es\"},{\"@type\":\"Organization\",\"@id\":\"https:\\\/\\\/genomapp.com\\\/en\\\/#organization\",\"name\":\"Genomapp\",\"url\":\"https:\\\/\\\/genomapp.com\\\/en\\\/\",\"logo\":{\"@type\":\"ImageObject\",\"inLanguage\":\"es\",\"@id\":\"https:\\\/\\\/genomapp.com\\\/en\\\/#\\\/schema\\\/logo\\\/image\\\/\",\"url\":\"https:\\\/\\\/genomapp.com\\\/wp-content\\\/uploads\\\/2023\\\/12\\\/launch_ico_512.png\",\"contentUrl\":\"https:\\\/\\\/genomapp.com\\\/wp-content\\\/uploads\\\/2023\\\/12\\\/launch_ico_512.png\",\"width\":512,\"height\":512,\"caption\":\"Genomapp\"},\"image\":{\"@id\":\"https:\\\/\\\/genomapp.com\\\/en\\\/#\\\/schema\\\/logo\\\/image\\\/\"}}]}<\/script>\n<!-- \/ Yoast SEO plugin. -->","yoast_head_json":{"title":"Rasgos - genomapp.com","robots":{"index":"index","follow":"follow","max-snippet":"max-snippet:-1","max-image-preview":"max-image-preview:large","max-video-preview":"max-video-preview:-1"},"canonical":"https:\/\/genomapp.com\/es\/informes\/rasgos\/","og_locale":"es_ES","og_type":"article","og_title":"Rasgos - genomapp.com","og_description":"Caracter\u00edsticas o atributos expresados por los genes y\/o influidos por el entorno. Un rasgo es una caracter\u00edstica espec\u00edfica de un organismo. Los rasgos vienen determinados por los genes y el entorno o m\u00e1s com\u00fanmente de las relaciones entre ellos. Incluyen atributos como: Los informes generados por Genomapp son el resultado de cruzar nuestra base de [&hellip;]","og_url":"https:\/\/genomapp.com\/es\/informes\/rasgos\/","og_site_name":"genomapp.com","article_modified_time":"2023-12-12T10:33:42+00:00","twitter_card":"summary_large_image","twitter_misc":{"Tiempo de lectura":"1 minuto"},"schema":{"@context":"https:\/\/schema.org","@graph":[{"@type":"WebPage","@id":"https:\/\/genomapp.com\/es\/informes\/rasgos\/","url":"https:\/\/genomapp.com\/es\/informes\/rasgos\/","name":"Rasgos - genomapp.com","isPartOf":{"@id":"https:\/\/genomapp.com\/en\/#website"},"datePublished":"2023-12-04T12:17:48+00:00","dateModified":"2023-12-12T10:33:42+00:00","breadcrumb":{"@id":"https:\/\/genomapp.com\/es\/informes\/rasgos\/#breadcrumb"},"inLanguage":"es","potentialAction":[{"@type":"ReadAction","target":["https:\/\/genomapp.com\/es\/informes\/rasgos\/"]}]},{"@type":"BreadcrumbList","@id":"https:\/\/genomapp.com\/es\/informes\/rasgos\/#breadcrumb","itemListElement":[{"@type":"ListItem","position":1,"name":"Portada","item":"https:\/\/genomapp.com\/es\/"},{"@type":"ListItem","position":2,"name":"Informes","item":"https:\/\/genomapp.com\/es\/informes\/"},{"@type":"ListItem","position":3,"name":"Rasgos"}]},{"@type":"WebSite","@id":"https:\/\/genomapp.com\/en\/#website","url":"https:\/\/genomapp.com\/en\/","name":"Genomapp","description":"Analyze your DNA raw data","publisher":{"@id":"https:\/\/genomapp.com\/en\/#organization"},"potentialAction":[{"@type":"SearchAction","target":{"@type":"EntryPoint","urlTemplate":"https:\/\/genomapp.com\/en\/?s={search_term_string}"},"query-input":{"@type":"PropertyValueSpecification","valueRequired":true,"valueName":"search_term_string"}}],"inLanguage":"es"},{"@type":"Organization","@id":"https:\/\/genomapp.com\/en\/#organization","name":"Genomapp","url":"https:\/\/genomapp.com\/en\/","logo":{"@type":"ImageObject","inLanguage":"es","@id":"https:\/\/genomapp.com\/en\/#\/schema\/logo\/image\/","url":"https:\/\/genomapp.com\/wp-content\/uploads\/2023\/12\/launch_ico_512.png","contentUrl":"https:\/\/genomapp.com\/wp-content\/uploads\/2023\/12\/launch_ico_512.png","width":512,"height":512,"caption":"Genomapp"},"image":{"@id":"https:\/\/genomapp.com\/en\/#\/schema\/logo\/image\/"}}]}},"_links":{"self":[{"href":"https:\/\/genomapp.com\/es\/wp-json\/wp\/v2\/pages\/362","targetHints":{"allow":["GET"]}}],"collection":[{"href":"https:\/\/genomapp.com\/es\/wp-json\/wp\/v2\/pages"}],"about":[{"href":"https:\/\/genomapp.com\/es\/wp-json\/wp\/v2\/types\/page"}],"author":[{"embeddable":true,"href":"https:\/\/genomapp.com\/es\/wp-json\/wp\/v2\/users\/1"}],"replies":[{"embeddable":true,"href":"https:\/\/genomapp.com\/es\/wp-json\/wp\/v2\/comments?post=362"}],"version-history":[{"count":4,"href":"https:\/\/genomapp.com\/es\/wp-json\/wp\/v2\/pages\/362\/revisions"}],"predecessor-version":[{"id":676,"href":"https:\/\/genomapp.com\/es\/wp-json\/wp\/v2\/pages\/362\/revisions\/676"}],"up":[{"embeddable":true,"href":"https:\/\/genomapp.com\/es\/wp-json\/wp\/v2\/pages\/392"}],"wp:attachment":[{"href":"https:\/\/genomapp.com\/es\/wp-json\/wp\/v2\/media?parent=362"}],"curies":[{"name":"wp","href":"https:\/\/api.w.org\/{rel}","templated":true}]}}