{"id":359,"date":"2023-12-04T13:15:31","date_gmt":"2023-12-04T12:15:31","guid":{"rendered":"https:\/\/genomapp.com\/?page_id=359"},"modified":"2023-12-14T17:48:41","modified_gmt":"2023-12-14T16:48:41","slug":"respuesta-a-farmacos","status":"publish","type":"page","link":"https:\/\/genomapp.com\/es\/informes\/respuesta-a-farmacos\/","title":{"rendered":"Respuesta a f\u00e1rmacos"},"content":{"rendered":"\n<p class=\"has-custom-color-5-background-color has-background has-x-large-font-size\">Asociaciones entre f\u00e1rmacos y marcadores, agrupadas por f\u00e1rmaco.<\/p>\n\n\n\n<p>El grado de la respuesta f\u00edsica de una persona a un determinado medicamento depende de dos factores: la concentraci\u00f3n del f\u00e1rmaco en el lugar de acci\u00f3n, y la sensibilidad del lugar a dicho medicamento. La sensibilidad de las c\u00e9lulas del sitio de actuaci\u00f3n est\u00e1 gobernada por factores gen\u00e9ticos y cambios adaptativos del cuerpo.<\/p>\n\n\n\n<p>En el informe, se muestran las respuestas farmacol\u00f3gicas m\u00e1s probables seg\u00fan la literatura cient\u00edfica en funci\u00f3n de los marcadores gen\u00e9ticos encontrados en el archivo analizado.<\/p>\n\n\n\n<p>Por favor, recuerda que la informaci\u00f3n de esta p\u00e1gina no es para uso diagn\u00f3stico. No cambies tu medicaci\u00f3n en base a estos resultados. <\/p>\n\n\n\n<p class=\"has-medium-font-size\">Por favor ten en cuenta que Genomapp no es para uso diagn\u00f3stico, no ofrece consejo m\u00e9dico ni lo sustituye. Consulta con un profesional de la salud si tienes alguna duda.<\/p>\n","protected":false},"excerpt":{"rendered":"<p>Asociaciones entre f\u00e1rmacos y marcadores, agrupadas por f\u00e1rmaco. El grado de la respuesta f\u00edsica de una persona a un determinado medicamento depende de dos factores: la concentraci\u00f3n del f\u00e1rmaco en el lugar de acci\u00f3n, y la sensibilidad del lugar a dicho medicamento. La sensibilidad de las c\u00e9lulas del sitio de actuaci\u00f3n est\u00e1 gobernada por factores [&hellip;]<\/p>\n","protected":false},"author":1,"featured_media":0,"parent":392,"menu_order":4,"comment_status":"closed","ping_status":"closed","template":"","meta":{"footnotes":""},"class_list":["post-359","page","type-page","status-publish","hentry"],"yoast_head":"<!-- This site is optimized with the Yoast SEO plugin v27.5 - https:\/\/yoast.com\/product\/yoast-seo-wordpress\/ -->\n<title>Respuesta a f\u00e1rmacos - genomapp.com<\/title>\n<meta name=\"robots\" content=\"index, follow, max-snippet:-1, max-image-preview:large, max-video-preview:-1\" \/>\n<link rel=\"canonical\" href=\"https:\/\/genomapp.com\/es\/informes\/respuesta-a-farmacos\/\" \/>\n<meta property=\"og:locale\" content=\"es_ES\" \/>\n<meta property=\"og:type\" content=\"article\" \/>\n<meta property=\"og:title\" content=\"Respuesta a f\u00e1rmacos - genomapp.com\" \/>\n<meta property=\"og:description\" content=\"Asociaciones entre f\u00e1rmacos y marcadores, agrupadas por f\u00e1rmaco. El grado de la respuesta f\u00edsica de una persona a un determinado medicamento depende de dos factores: la concentraci\u00f3n del f\u00e1rmaco en el lugar de acci\u00f3n, y la sensibilidad del lugar a dicho medicamento. La sensibilidad de las c\u00e9lulas del sitio de actuaci\u00f3n est\u00e1 gobernada por factores [&hellip;]\" \/>\n<meta property=\"og:url\" content=\"https:\/\/genomapp.com\/es\/informes\/respuesta-a-farmacos\/\" \/>\n<meta property=\"og:site_name\" content=\"genomapp.com\" \/>\n<meta property=\"article:modified_time\" content=\"2023-12-14T16:48:41+00:00\" \/>\n<meta name=\"twitter:card\" content=\"summary_large_image\" \/>\n<meta name=\"twitter:label1\" content=\"Tiempo de lectura\" \/>\n\t<meta name=\"twitter:data1\" content=\"1 minuto\" \/>\n<script type=\"application\/ld+json\" class=\"yoast-schema-graph\">{\"@context\":\"https:\\\/\\\/schema.org\",\"@graph\":[{\"@type\":\"WebPage\",\"@id\":\"https:\\\/\\\/genomapp.com\\\/es\\\/informes\\\/respuesta-a-farmacos\\\/\",\"url\":\"https:\\\/\\\/genomapp.com\\\/es\\\/informes\\\/respuesta-a-farmacos\\\/\",\"name\":\"Respuesta a f\u00e1rmacos - genomapp.com\",\"isPartOf\":{\"@id\":\"https:\\\/\\\/genomapp.com\\\/en\\\/#website\"},\"datePublished\":\"2023-12-04T12:15:31+00:00\",\"dateModified\":\"2023-12-14T16:48:41+00:00\",\"breadcrumb\":{\"@id\":\"https:\\\/\\\/genomapp.com\\\/es\\\/informes\\\/respuesta-a-farmacos\\\/#breadcrumb\"},\"inLanguage\":\"es\",\"potentialAction\":[{\"@type\":\"ReadAction\",\"target\":[\"https:\\\/\\\/genomapp.com\\\/es\\\/informes\\\/respuesta-a-farmacos\\\/\"]}]},{\"@type\":\"BreadcrumbList\",\"@id\":\"https:\\\/\\\/genomapp.com\\\/es\\\/informes\\\/respuesta-a-farmacos\\\/#breadcrumb\",\"itemListElement\":[{\"@type\":\"ListItem\",\"position\":1,\"name\":\"Portada\",\"item\":\"https:\\\/\\\/genomapp.com\\\/es\\\/\"},{\"@type\":\"ListItem\",\"position\":2,\"name\":\"Informes\",\"item\":\"https:\\\/\\\/genomapp.com\\\/es\\\/informes\\\/\"},{\"@type\":\"ListItem\",\"position\":3,\"name\":\"Respuesta a f\u00e1rmacos\"}]},{\"@type\":\"WebSite\",\"@id\":\"https:\\\/\\\/genomapp.com\\\/en\\\/#website\",\"url\":\"https:\\\/\\\/genomapp.com\\\/en\\\/\",\"name\":\"Genomapp\",\"description\":\"Analyze your DNA raw data\",\"publisher\":{\"@id\":\"https:\\\/\\\/genomapp.com\\\/en\\\/#organization\"},\"potentialAction\":[{\"@type\":\"SearchAction\",\"target\":{\"@type\":\"EntryPoint\",\"urlTemplate\":\"https:\\\/\\\/genomapp.com\\\/en\\\/?s={search_term_string}\"},\"query-input\":{\"@type\":\"PropertyValueSpecification\",\"valueRequired\":true,\"valueName\":\"search_term_string\"}}],\"inLanguage\":\"es\"},{\"@type\":\"Organization\",\"@id\":\"https:\\\/\\\/genomapp.com\\\/en\\\/#organization\",\"name\":\"Genomapp\",\"url\":\"https:\\\/\\\/genomapp.com\\\/en\\\/\",\"logo\":{\"@type\":\"ImageObject\",\"inLanguage\":\"es\",\"@id\":\"https:\\\/\\\/genomapp.com\\\/en\\\/#\\\/schema\\\/logo\\\/image\\\/\",\"url\":\"https:\\\/\\\/genomapp.com\\\/wp-content\\\/uploads\\\/2023\\\/12\\\/launch_ico_512.png\",\"contentUrl\":\"https:\\\/\\\/genomapp.com\\\/wp-content\\\/uploads\\\/2023\\\/12\\\/launch_ico_512.png\",\"width\":512,\"height\":512,\"caption\":\"Genomapp\"},\"image\":{\"@id\":\"https:\\\/\\\/genomapp.com\\\/en\\\/#\\\/schema\\\/logo\\\/image\\\/\"}}]}<\/script>\n<!-- \/ Yoast SEO plugin. -->","yoast_head_json":{"title":"Respuesta a f\u00e1rmacos - genomapp.com","robots":{"index":"index","follow":"follow","max-snippet":"max-snippet:-1","max-image-preview":"max-image-preview:large","max-video-preview":"max-video-preview:-1"},"canonical":"https:\/\/genomapp.com\/es\/informes\/respuesta-a-farmacos\/","og_locale":"es_ES","og_type":"article","og_title":"Respuesta a f\u00e1rmacos - genomapp.com","og_description":"Asociaciones entre f\u00e1rmacos y marcadores, agrupadas por f\u00e1rmaco. El grado de la respuesta f\u00edsica de una persona a un determinado medicamento depende de dos factores: la concentraci\u00f3n del f\u00e1rmaco en el lugar de acci\u00f3n, y la sensibilidad del lugar a dicho medicamento. La sensibilidad de las c\u00e9lulas del sitio de actuaci\u00f3n est\u00e1 gobernada por factores [&hellip;]","og_url":"https:\/\/genomapp.com\/es\/informes\/respuesta-a-farmacos\/","og_site_name":"genomapp.com","article_modified_time":"2023-12-14T16:48:41+00:00","twitter_card":"summary_large_image","twitter_misc":{"Tiempo de lectura":"1 minuto"},"schema":{"@context":"https:\/\/schema.org","@graph":[{"@type":"WebPage","@id":"https:\/\/genomapp.com\/es\/informes\/respuesta-a-farmacos\/","url":"https:\/\/genomapp.com\/es\/informes\/respuesta-a-farmacos\/","name":"Respuesta a f\u00e1rmacos - genomapp.com","isPartOf":{"@id":"https:\/\/genomapp.com\/en\/#website"},"datePublished":"2023-12-04T12:15:31+00:00","dateModified":"2023-12-14T16:48:41+00:00","breadcrumb":{"@id":"https:\/\/genomapp.com\/es\/informes\/respuesta-a-farmacos\/#breadcrumb"},"inLanguage":"es","potentialAction":[{"@type":"ReadAction","target":["https:\/\/genomapp.com\/es\/informes\/respuesta-a-farmacos\/"]}]},{"@type":"BreadcrumbList","@id":"https:\/\/genomapp.com\/es\/informes\/respuesta-a-farmacos\/#breadcrumb","itemListElement":[{"@type":"ListItem","position":1,"name":"Portada","item":"https:\/\/genomapp.com\/es\/"},{"@type":"ListItem","position":2,"name":"Informes","item":"https:\/\/genomapp.com\/es\/informes\/"},{"@type":"ListItem","position":3,"name":"Respuesta a f\u00e1rmacos"}]},{"@type":"WebSite","@id":"https:\/\/genomapp.com\/en\/#website","url":"https:\/\/genomapp.com\/en\/","name":"Genomapp","description":"Analyze your DNA raw data","publisher":{"@id":"https:\/\/genomapp.com\/en\/#organization"},"potentialAction":[{"@type":"SearchAction","target":{"@type":"EntryPoint","urlTemplate":"https:\/\/genomapp.com\/en\/?s={search_term_string}"},"query-input":{"@type":"PropertyValueSpecification","valueRequired":true,"valueName":"search_term_string"}}],"inLanguage":"es"},{"@type":"Organization","@id":"https:\/\/genomapp.com\/en\/#organization","name":"Genomapp","url":"https:\/\/genomapp.com\/en\/","logo":{"@type":"ImageObject","inLanguage":"es","@id":"https:\/\/genomapp.com\/en\/#\/schema\/logo\/image\/","url":"https:\/\/genomapp.com\/wp-content\/uploads\/2023\/12\/launch_ico_512.png","contentUrl":"https:\/\/genomapp.com\/wp-content\/uploads\/2023\/12\/launch_ico_512.png","width":512,"height":512,"caption":"Genomapp"},"image":{"@id":"https:\/\/genomapp.com\/en\/#\/schema\/logo\/image\/"}}]}},"_links":{"self":[{"href":"https:\/\/genomapp.com\/es\/wp-json\/wp\/v2\/pages\/359","targetHints":{"allow":["GET"]}}],"collection":[{"href":"https:\/\/genomapp.com\/es\/wp-json\/wp\/v2\/pages"}],"about":[{"href":"https:\/\/genomapp.com\/es\/wp-json\/wp\/v2\/types\/page"}],"author":[{"embeddable":true,"href":"https:\/\/genomapp.com\/es\/wp-json\/wp\/v2\/users\/1"}],"replies":[{"embeddable":true,"href":"https:\/\/genomapp.com\/es\/wp-json\/wp\/v2\/comments?post=359"}],"version-history":[{"count":4,"href":"https:\/\/genomapp.com\/es\/wp-json\/wp\/v2\/pages\/359\/revisions"}],"predecessor-version":[{"id":684,"href":"https:\/\/genomapp.com\/es\/wp-json\/wp\/v2\/pages\/359\/revisions\/684"}],"up":[{"embeddable":true,"href":"https:\/\/genomapp.com\/es\/wp-json\/wp\/v2\/pages\/392"}],"wp:attachment":[{"href":"https:\/\/genomapp.com\/es\/wp-json\/wp\/v2\/media?parent=359"}],"curies":[{"name":"wp","href":"https:\/\/api.w.org\/{rel}","templated":true}]}}