{"id":353,"date":"2023-12-04T13:10:17","date_gmt":"2023-12-04T12:10:17","guid":{"rendered":"https:\/\/genomapp.com\/?page_id=353"},"modified":"2023-12-12T11:32:48","modified_gmt":"2023-12-12T10:32:48","slug":"enfermedades-hereditarias","status":"publish","type":"page","link":"https:\/\/genomapp.com\/es\/informes\/enfermedades-hereditarias\/","title":{"rendered":"Enfermedades hereditarias"},"content":{"rendered":"\n<p class=\"has-custom-color-5-background-color has-background has-x-large-font-size\">Enfermedades causadas por mutaciones en un gen y que a veces son hereditarias.<\/p>\n\n\n\n<p>Este informe comprende marcadores relacionados con enfermedades originadas por modificaciones en un s\u00f3lo gen que ocurren en todas las c\u00e9lulas del cuerpo. <\/p>\n\n\n\n<p>Aunque son relativamente raras, afectan a millones de personas en todo el mundo.<\/p>\n\n\n\n<p>Las enfermedades gen\u00e9ticas puras son aquellas causadas por un error en un s\u00f3lo gen del ADN. <\/p>\n\n\n\n<p>Las enfermedades monog\u00e9nicas o de un solo gen est\u00e1n clasificadas en tres categor\u00edas: Dominante, Recesiva y las relacionadas con el cromosoma X. Se heredan seg\u00fan las leyes de Mendel. <\/p>\n\n\n\n<p>Cada progenitor tiene dos copias, o alelos, de un gen en una determinada localizaci\u00f3n. Uno de los dos alelos ser\u00e1 transmitido a su progenie. As\u00ed, existir\u00e1 1 entre 2 probabilidades de que tu descendencia herede un alelo en particular del par.<\/p>\n\n\n\n<p class=\"has-medium-font-size\">Por favor ten en cuenta que Genomapp no es para uso diagn\u00f3stico, no ofrece consejo m\u00e9dico ni lo sustituye. Consulta con un profesional de la salud si tienes alguna duda.<\/p>\n","protected":false},"excerpt":{"rendered":"<p>Enfermedades causadas por mutaciones en un gen y que a veces son hereditarias. Este informe comprende marcadores relacionados con enfermedades originadas por modificaciones en un s\u00f3lo gen que ocurren en todas las c\u00e9lulas del cuerpo. Aunque son relativamente raras, afectan a millones de personas en todo el mundo. Las enfermedades gen\u00e9ticas puras son aquellas causadas [&hellip;]<\/p>\n","protected":false},"author":1,"featured_media":0,"parent":392,"menu_order":2,"comment_status":"closed","ping_status":"closed","template":"","meta":{"footnotes":""},"class_list":["post-353","page","type-page","status-publish","hentry"],"yoast_head":"<!-- This site is optimized with the Yoast SEO plugin v27.5 - https:\/\/yoast.com\/product\/yoast-seo-wordpress\/ -->\n<title>Enfermedades hereditarias - genomapp.com<\/title>\n<meta name=\"robots\" content=\"index, follow, max-snippet:-1, max-image-preview:large, max-video-preview:-1\" \/>\n<link rel=\"canonical\" href=\"https:\/\/genomapp.com\/es\/informes\/enfermedades-hereditarias\/\" \/>\n<meta property=\"og:locale\" content=\"es_ES\" \/>\n<meta property=\"og:type\" content=\"article\" \/>\n<meta property=\"og:title\" content=\"Enfermedades hereditarias - genomapp.com\" \/>\n<meta property=\"og:description\" content=\"Enfermedades causadas por mutaciones en un gen y que a veces son hereditarias. Este informe comprende marcadores relacionados con enfermedades originadas por modificaciones en un s\u00f3lo gen que ocurren en todas las c\u00e9lulas del cuerpo. Aunque son relativamente raras, afectan a millones de personas en todo el mundo. Las enfermedades gen\u00e9ticas puras son aquellas causadas [&hellip;]\" \/>\n<meta property=\"og:url\" content=\"https:\/\/genomapp.com\/es\/informes\/enfermedades-hereditarias\/\" \/>\n<meta property=\"og:site_name\" content=\"genomapp.com\" \/>\n<meta property=\"article:modified_time\" content=\"2023-12-12T10:32:48+00:00\" \/>\n<meta name=\"twitter:card\" content=\"summary_large_image\" \/>\n<meta name=\"twitter:label1\" content=\"Tiempo de lectura\" \/>\n\t<meta name=\"twitter:data1\" content=\"1 minuto\" \/>\n<script type=\"application\/ld+json\" class=\"yoast-schema-graph\">{\"@context\":\"https:\\\/\\\/schema.org\",\"@graph\":[{\"@type\":\"WebPage\",\"@id\":\"https:\\\/\\\/genomapp.com\\\/es\\\/informes\\\/enfermedades-hereditarias\\\/\",\"url\":\"https:\\\/\\\/genomapp.com\\\/es\\\/informes\\\/enfermedades-hereditarias\\\/\",\"name\":\"Enfermedades hereditarias - genomapp.com\",\"isPartOf\":{\"@id\":\"https:\\\/\\\/genomapp.com\\\/en\\\/#website\"},\"datePublished\":\"2023-12-04T12:10:17+00:00\",\"dateModified\":\"2023-12-12T10:32:48+00:00\",\"breadcrumb\":{\"@id\":\"https:\\\/\\\/genomapp.com\\\/es\\\/informes\\\/enfermedades-hereditarias\\\/#breadcrumb\"},\"inLanguage\":\"es\",\"potentialAction\":[{\"@type\":\"ReadAction\",\"target\":[\"https:\\\/\\\/genomapp.com\\\/es\\\/informes\\\/enfermedades-hereditarias\\\/\"]}]},{\"@type\":\"BreadcrumbList\",\"@id\":\"https:\\\/\\\/genomapp.com\\\/es\\\/informes\\\/enfermedades-hereditarias\\\/#breadcrumb\",\"itemListElement\":[{\"@type\":\"ListItem\",\"position\":1,\"name\":\"Portada\",\"item\":\"https:\\\/\\\/genomapp.com\\\/es\\\/\"},{\"@type\":\"ListItem\",\"position\":2,\"name\":\"Informes\",\"item\":\"https:\\\/\\\/genomapp.com\\\/es\\\/informes\\\/\"},{\"@type\":\"ListItem\",\"position\":3,\"name\":\"Enfermedades hereditarias\"}]},{\"@type\":\"WebSite\",\"@id\":\"https:\\\/\\\/genomapp.com\\\/en\\\/#website\",\"url\":\"https:\\\/\\\/genomapp.com\\\/en\\\/\",\"name\":\"Genomapp\",\"description\":\"Analyze your DNA raw data\",\"publisher\":{\"@id\":\"https:\\\/\\\/genomapp.com\\\/en\\\/#organization\"},\"potentialAction\":[{\"@type\":\"SearchAction\",\"target\":{\"@type\":\"EntryPoint\",\"urlTemplate\":\"https:\\\/\\\/genomapp.com\\\/en\\\/?s={search_term_string}\"},\"query-input\":{\"@type\":\"PropertyValueSpecification\",\"valueRequired\":true,\"valueName\":\"search_term_string\"}}],\"inLanguage\":\"es\"},{\"@type\":\"Organization\",\"@id\":\"https:\\\/\\\/genomapp.com\\\/en\\\/#organization\",\"name\":\"Genomapp\",\"url\":\"https:\\\/\\\/genomapp.com\\\/en\\\/\",\"logo\":{\"@type\":\"ImageObject\",\"inLanguage\":\"es\",\"@id\":\"https:\\\/\\\/genomapp.com\\\/en\\\/#\\\/schema\\\/logo\\\/image\\\/\",\"url\":\"https:\\\/\\\/genomapp.com\\\/wp-content\\\/uploads\\\/2023\\\/12\\\/launch_ico_512.png\",\"contentUrl\":\"https:\\\/\\\/genomapp.com\\\/wp-content\\\/uploads\\\/2023\\\/12\\\/launch_ico_512.png\",\"width\":512,\"height\":512,\"caption\":\"Genomapp\"},\"image\":{\"@id\":\"https:\\\/\\\/genomapp.com\\\/en\\\/#\\\/schema\\\/logo\\\/image\\\/\"}}]}<\/script>\n<!-- \/ Yoast SEO plugin. -->","yoast_head_json":{"title":"Enfermedades hereditarias - genomapp.com","robots":{"index":"index","follow":"follow","max-snippet":"max-snippet:-1","max-image-preview":"max-image-preview:large","max-video-preview":"max-video-preview:-1"},"canonical":"https:\/\/genomapp.com\/es\/informes\/enfermedades-hereditarias\/","og_locale":"es_ES","og_type":"article","og_title":"Enfermedades hereditarias - genomapp.com","og_description":"Enfermedades causadas por mutaciones en un gen y que a veces son hereditarias. Este informe comprende marcadores relacionados con enfermedades originadas por modificaciones en un s\u00f3lo gen que ocurren en todas las c\u00e9lulas del cuerpo. Aunque son relativamente raras, afectan a millones de personas en todo el mundo. Las enfermedades gen\u00e9ticas puras son aquellas causadas [&hellip;]","og_url":"https:\/\/genomapp.com\/es\/informes\/enfermedades-hereditarias\/","og_site_name":"genomapp.com","article_modified_time":"2023-12-12T10:32:48+00:00","twitter_card":"summary_large_image","twitter_misc":{"Tiempo de lectura":"1 minuto"},"schema":{"@context":"https:\/\/schema.org","@graph":[{"@type":"WebPage","@id":"https:\/\/genomapp.com\/es\/informes\/enfermedades-hereditarias\/","url":"https:\/\/genomapp.com\/es\/informes\/enfermedades-hereditarias\/","name":"Enfermedades hereditarias - genomapp.com","isPartOf":{"@id":"https:\/\/genomapp.com\/en\/#website"},"datePublished":"2023-12-04T12:10:17+00:00","dateModified":"2023-12-12T10:32:48+00:00","breadcrumb":{"@id":"https:\/\/genomapp.com\/es\/informes\/enfermedades-hereditarias\/#breadcrumb"},"inLanguage":"es","potentialAction":[{"@type":"ReadAction","target":["https:\/\/genomapp.com\/es\/informes\/enfermedades-hereditarias\/"]}]},{"@type":"BreadcrumbList","@id":"https:\/\/genomapp.com\/es\/informes\/enfermedades-hereditarias\/#breadcrumb","itemListElement":[{"@type":"ListItem","position":1,"name":"Portada","item":"https:\/\/genomapp.com\/es\/"},{"@type":"ListItem","position":2,"name":"Informes","item":"https:\/\/genomapp.com\/es\/informes\/"},{"@type":"ListItem","position":3,"name":"Enfermedades hereditarias"}]},{"@type":"WebSite","@id":"https:\/\/genomapp.com\/en\/#website","url":"https:\/\/genomapp.com\/en\/","name":"Genomapp","description":"Analyze your DNA raw data","publisher":{"@id":"https:\/\/genomapp.com\/en\/#organization"},"potentialAction":[{"@type":"SearchAction","target":{"@type":"EntryPoint","urlTemplate":"https:\/\/genomapp.com\/en\/?s={search_term_string}"},"query-input":{"@type":"PropertyValueSpecification","valueRequired":true,"valueName":"search_term_string"}}],"inLanguage":"es"},{"@type":"Organization","@id":"https:\/\/genomapp.com\/en\/#organization","name":"Genomapp","url":"https:\/\/genomapp.com\/en\/","logo":{"@type":"ImageObject","inLanguage":"es","@id":"https:\/\/genomapp.com\/en\/#\/schema\/logo\/image\/","url":"https:\/\/genomapp.com\/wp-content\/uploads\/2023\/12\/launch_ico_512.png","contentUrl":"https:\/\/genomapp.com\/wp-content\/uploads\/2023\/12\/launch_ico_512.png","width":512,"height":512,"caption":"Genomapp"},"image":{"@id":"https:\/\/genomapp.com\/en\/#\/schema\/logo\/image\/"}}]}},"_links":{"self":[{"href":"https:\/\/genomapp.com\/es\/wp-json\/wp\/v2\/pages\/353","targetHints":{"allow":["GET"]}}],"collection":[{"href":"https:\/\/genomapp.com\/es\/wp-json\/wp\/v2\/pages"}],"about":[{"href":"https:\/\/genomapp.com\/es\/wp-json\/wp\/v2\/types\/page"}],"author":[{"embeddable":true,"href":"https:\/\/genomapp.com\/es\/wp-json\/wp\/v2\/users\/1"}],"replies":[{"embeddable":true,"href":"https:\/\/genomapp.com\/es\/wp-json\/wp\/v2\/comments?post=353"}],"version-history":[{"count":4,"href":"https:\/\/genomapp.com\/es\/wp-json\/wp\/v2\/pages\/353\/revisions"}],"predecessor-version":[{"id":674,"href":"https:\/\/genomapp.com\/es\/wp-json\/wp\/v2\/pages\/353\/revisions\/674"}],"up":[{"embeddable":true,"href":"https:\/\/genomapp.com\/es\/wp-json\/wp\/v2\/pages\/392"}],"wp:attachment":[{"href":"https:\/\/genomapp.com\/es\/wp-json\/wp\/v2\/media?parent=353"}],"curies":[{"name":"wp","href":"https:\/\/api.w.org\/{rel}","templated":true}]}}