{"id":351,"date":"2023-12-04T12:59:33","date_gmt":"2023-12-04T11:59:33","guid":{"rendered":"https:\/\/genomapp.com\/?page_id=351"},"modified":"2023-12-14T17:48:03","modified_gmt":"2023-12-14T16:48:03","slug":"enfermedades-complejas","status":"publish","type":"page","link":"https:\/\/genomapp.com\/es\/informes\/enfermedades-complejas\/","title":{"rendered":"Enfermedades complejas"},"content":{"rendered":"\n<p class=\"has-custom-color-5-background-color has-background has-x-large-font-size\">Enfermedades resultado de la interacci\u00f3n de m\u00faltiples factores gen\u00e9ticos y del entorno.<\/p>\n\n\n\n<p>El informe comprende marcadores relacionados con enfermedades complejas o multifactoriales.<\/p>\n\n\n\n<p>Este tipo de enfermedades abarca tanto problemas de salud comunes como enfermedades raras causadas por factores gen\u00e9ticos en combinaci\u00f3n con otros factores internos como la edad o externos o del entorno, como la dieta, el estilo de vida o la exposici\u00f3n a qu\u00edmicos.<\/p>\n\n\n\n<p>Las enfermedades complejas tienen en com\u00fan que no siempre se desarrollan a pesar de la presencia de marcadores asociados como patog\u00e9nicos. <\/p>\n\n\n\n<p>Heredar dicho marcador afectado puede aumentar la predisposici\u00f3n de una persona a una enfermedad, pero a menos que otros factores se presenten, la enfermedad puede que no se desarrolle nunca.<\/p>\n\n\n\n<h3 class=\"wp-block-heading\">Cancer, Alzheimer, Parkinson&#8230;<\/h3>\n\n\n\n<p>La base de datos de Genomapp recopila m\u00e1s de 7000 enfermedades. Usa el buscador de la app para comprobar si la enfermedad sobre la que buscas informaci\u00f3n est\u00e1 incluida.<\/p>\n\n\n\n<p class=\"has-medium-font-size\">Por favor ten en cuenta que Genomapp no es para uso diagn\u00f3stico, no ofrece consejo m\u00e9dico ni lo sustituye. Consulta con un profesional de la salud si tienes alguna duda.<\/p>\n","protected":false},"excerpt":{"rendered":"<p>Enfermedades resultado de la interacci\u00f3n de m\u00faltiples factores gen\u00e9ticos y del entorno. El informe comprende marcadores relacionados con enfermedades complejas o multifactoriales. Este tipo de enfermedades abarca tanto problemas de salud comunes como enfermedades raras causadas por factores gen\u00e9ticos en combinaci\u00f3n con otros factores internos como la edad o externos o del entorno, como la [&hellip;]<\/p>\n","protected":false},"author":1,"featured_media":0,"parent":392,"menu_order":1,"comment_status":"closed","ping_status":"closed","template":"","meta":{"footnotes":""},"class_list":["post-351","page","type-page","status-publish","hentry"],"yoast_head":"<!-- This site is optimized with the Yoast SEO plugin v27.5 - https:\/\/yoast.com\/product\/yoast-seo-wordpress\/ -->\n<title>Enfermedades complejas - genomapp.com<\/title>\n<meta name=\"robots\" content=\"index, follow, max-snippet:-1, max-image-preview:large, max-video-preview:-1\" \/>\n<link rel=\"canonical\" href=\"https:\/\/genomapp.com\/es\/informes\/enfermedades-complejas\/\" \/>\n<meta property=\"og:locale\" content=\"es_ES\" \/>\n<meta property=\"og:type\" content=\"article\" \/>\n<meta property=\"og:title\" content=\"Enfermedades complejas - genomapp.com\" \/>\n<meta property=\"og:description\" content=\"Enfermedades resultado de la interacci\u00f3n de m\u00faltiples factores gen\u00e9ticos y del entorno. El informe comprende marcadores relacionados con enfermedades complejas o multifactoriales. Este tipo de enfermedades abarca tanto problemas de salud comunes como enfermedades raras causadas por factores gen\u00e9ticos en combinaci\u00f3n con otros factores internos como la edad o externos o del entorno, como la [&hellip;]\" \/>\n<meta property=\"og:url\" content=\"https:\/\/genomapp.com\/es\/informes\/enfermedades-complejas\/\" \/>\n<meta property=\"og:site_name\" content=\"genomapp.com\" \/>\n<meta property=\"article:modified_time\" content=\"2023-12-14T16:48:03+00:00\" \/>\n<meta name=\"twitter:card\" content=\"summary_large_image\" \/>\n<meta name=\"twitter:label1\" content=\"Tiempo de lectura\" \/>\n\t<meta name=\"twitter:data1\" content=\"1 minuto\" \/>\n<script type=\"application\/ld+json\" class=\"yoast-schema-graph\">{\"@context\":\"https:\\\/\\\/schema.org\",\"@graph\":[{\"@type\":\"WebPage\",\"@id\":\"https:\\\/\\\/genomapp.com\\\/es\\\/informes\\\/enfermedades-complejas\\\/\",\"url\":\"https:\\\/\\\/genomapp.com\\\/es\\\/informes\\\/enfermedades-complejas\\\/\",\"name\":\"Enfermedades complejas - genomapp.com\",\"isPartOf\":{\"@id\":\"https:\\\/\\\/genomapp.com\\\/en\\\/#website\"},\"datePublished\":\"2023-12-04T11:59:33+00:00\",\"dateModified\":\"2023-12-14T16:48:03+00:00\",\"breadcrumb\":{\"@id\":\"https:\\\/\\\/genomapp.com\\\/es\\\/informes\\\/enfermedades-complejas\\\/#breadcrumb\"},\"inLanguage\":\"es\",\"potentialAction\":[{\"@type\":\"ReadAction\",\"target\":[\"https:\\\/\\\/genomapp.com\\\/es\\\/informes\\\/enfermedades-complejas\\\/\"]}]},{\"@type\":\"BreadcrumbList\",\"@id\":\"https:\\\/\\\/genomapp.com\\\/es\\\/informes\\\/enfermedades-complejas\\\/#breadcrumb\",\"itemListElement\":[{\"@type\":\"ListItem\",\"position\":1,\"name\":\"Portada\",\"item\":\"https:\\\/\\\/genomapp.com\\\/es\\\/\"},{\"@type\":\"ListItem\",\"position\":2,\"name\":\"Informes\",\"item\":\"https:\\\/\\\/genomapp.com\\\/es\\\/informes\\\/\"},{\"@type\":\"ListItem\",\"position\":3,\"name\":\"Enfermedades complejas\"}]},{\"@type\":\"WebSite\",\"@id\":\"https:\\\/\\\/genomapp.com\\\/en\\\/#website\",\"url\":\"https:\\\/\\\/genomapp.com\\\/en\\\/\",\"name\":\"Genomapp\",\"description\":\"Analyze your DNA raw data\",\"publisher\":{\"@id\":\"https:\\\/\\\/genomapp.com\\\/en\\\/#organization\"},\"potentialAction\":[{\"@type\":\"SearchAction\",\"target\":{\"@type\":\"EntryPoint\",\"urlTemplate\":\"https:\\\/\\\/genomapp.com\\\/en\\\/?s={search_term_string}\"},\"query-input\":{\"@type\":\"PropertyValueSpecification\",\"valueRequired\":true,\"valueName\":\"search_term_string\"}}],\"inLanguage\":\"es\"},{\"@type\":\"Organization\",\"@id\":\"https:\\\/\\\/genomapp.com\\\/en\\\/#organization\",\"name\":\"Genomapp\",\"url\":\"https:\\\/\\\/genomapp.com\\\/en\\\/\",\"logo\":{\"@type\":\"ImageObject\",\"inLanguage\":\"es\",\"@id\":\"https:\\\/\\\/genomapp.com\\\/en\\\/#\\\/schema\\\/logo\\\/image\\\/\",\"url\":\"https:\\\/\\\/genomapp.com\\\/wp-content\\\/uploads\\\/2023\\\/12\\\/launch_ico_512.png\",\"contentUrl\":\"https:\\\/\\\/genomapp.com\\\/wp-content\\\/uploads\\\/2023\\\/12\\\/launch_ico_512.png\",\"width\":512,\"height\":512,\"caption\":\"Genomapp\"},\"image\":{\"@id\":\"https:\\\/\\\/genomapp.com\\\/en\\\/#\\\/schema\\\/logo\\\/image\\\/\"}}]}<\/script>\n<!-- \/ Yoast SEO plugin. -->","yoast_head_json":{"title":"Enfermedades complejas - genomapp.com","robots":{"index":"index","follow":"follow","max-snippet":"max-snippet:-1","max-image-preview":"max-image-preview:large","max-video-preview":"max-video-preview:-1"},"canonical":"https:\/\/genomapp.com\/es\/informes\/enfermedades-complejas\/","og_locale":"es_ES","og_type":"article","og_title":"Enfermedades complejas - genomapp.com","og_description":"Enfermedades resultado de la interacci\u00f3n de m\u00faltiples factores gen\u00e9ticos y del entorno. El informe comprende marcadores relacionados con enfermedades complejas o multifactoriales. Este tipo de enfermedades abarca tanto problemas de salud comunes como enfermedades raras causadas por factores gen\u00e9ticos en combinaci\u00f3n con otros factores internos como la edad o externos o del entorno, como la [&hellip;]","og_url":"https:\/\/genomapp.com\/es\/informes\/enfermedades-complejas\/","og_site_name":"genomapp.com","article_modified_time":"2023-12-14T16:48:03+00:00","twitter_card":"summary_large_image","twitter_misc":{"Tiempo de lectura":"1 minuto"},"schema":{"@context":"https:\/\/schema.org","@graph":[{"@type":"WebPage","@id":"https:\/\/genomapp.com\/es\/informes\/enfermedades-complejas\/","url":"https:\/\/genomapp.com\/es\/informes\/enfermedades-complejas\/","name":"Enfermedades complejas - genomapp.com","isPartOf":{"@id":"https:\/\/genomapp.com\/en\/#website"},"datePublished":"2023-12-04T11:59:33+00:00","dateModified":"2023-12-14T16:48:03+00:00","breadcrumb":{"@id":"https:\/\/genomapp.com\/es\/informes\/enfermedades-complejas\/#breadcrumb"},"inLanguage":"es","potentialAction":[{"@type":"ReadAction","target":["https:\/\/genomapp.com\/es\/informes\/enfermedades-complejas\/"]}]},{"@type":"BreadcrumbList","@id":"https:\/\/genomapp.com\/es\/informes\/enfermedades-complejas\/#breadcrumb","itemListElement":[{"@type":"ListItem","position":1,"name":"Portada","item":"https:\/\/genomapp.com\/es\/"},{"@type":"ListItem","position":2,"name":"Informes","item":"https:\/\/genomapp.com\/es\/informes\/"},{"@type":"ListItem","position":3,"name":"Enfermedades complejas"}]},{"@type":"WebSite","@id":"https:\/\/genomapp.com\/en\/#website","url":"https:\/\/genomapp.com\/en\/","name":"Genomapp","description":"Analyze your DNA raw data","publisher":{"@id":"https:\/\/genomapp.com\/en\/#organization"},"potentialAction":[{"@type":"SearchAction","target":{"@type":"EntryPoint","urlTemplate":"https:\/\/genomapp.com\/en\/?s={search_term_string}"},"query-input":{"@type":"PropertyValueSpecification","valueRequired":true,"valueName":"search_term_string"}}],"inLanguage":"es"},{"@type":"Organization","@id":"https:\/\/genomapp.com\/en\/#organization","name":"Genomapp","url":"https:\/\/genomapp.com\/en\/","logo":{"@type":"ImageObject","inLanguage":"es","@id":"https:\/\/genomapp.com\/en\/#\/schema\/logo\/image\/","url":"https:\/\/genomapp.com\/wp-content\/uploads\/2023\/12\/launch_ico_512.png","contentUrl":"https:\/\/genomapp.com\/wp-content\/uploads\/2023\/12\/launch_ico_512.png","width":512,"height":512,"caption":"Genomapp"},"image":{"@id":"https:\/\/genomapp.com\/en\/#\/schema\/logo\/image\/"}}]}},"_links":{"self":[{"href":"https:\/\/genomapp.com\/es\/wp-json\/wp\/v2\/pages\/351","targetHints":{"allow":["GET"]}}],"collection":[{"href":"https:\/\/genomapp.com\/es\/wp-json\/wp\/v2\/pages"}],"about":[{"href":"https:\/\/genomapp.com\/es\/wp-json\/wp\/v2\/types\/page"}],"author":[{"embeddable":true,"href":"https:\/\/genomapp.com\/es\/wp-json\/wp\/v2\/users\/1"}],"replies":[{"embeddable":true,"href":"https:\/\/genomapp.com\/es\/wp-json\/wp\/v2\/comments?post=351"}],"version-history":[{"count":4,"href":"https:\/\/genomapp.com\/es\/wp-json\/wp\/v2\/pages\/351\/revisions"}],"predecessor-version":[{"id":683,"href":"https:\/\/genomapp.com\/es\/wp-json\/wp\/v2\/pages\/351\/revisions\/683"}],"up":[{"embeddable":true,"href":"https:\/\/genomapp.com\/es\/wp-json\/wp\/v2\/pages\/392"}],"wp:attachment":[{"href":"https:\/\/genomapp.com\/es\/wp-json\/wp\/v2\/media?parent=351"}],"curies":[{"name":"wp","href":"https:\/\/api.w.org\/{rel}","templated":true}]}}