{"id":308,"date":"2023-12-01T12:53:58","date_gmt":"2023-12-01T11:53:58","guid":{"rendered":"https:\/\/genomapp.com\/?page_id=308"},"modified":"2024-02-22T19:11:32","modified_gmt":"2024-02-22T18:11:32","slug":"descargar","status":"publish","type":"page","link":"https:\/\/genomapp.com\/es\/descargar\/","title":{"rendered":"Descargar"},"content":{"rendered":"\n<div class=\"wp-block-media-text alignwide is-stacked-on-mobile is-vertically-aligned-center is-image-fill has-custom-color-5-background-color has-background\"><figure class=\"wp-block-media-text__media\" style=\"background-image:url(https:\/\/genomapp.com\/wp-content\/uploads\/2024\/02\/people-sea-phone-min-1024x836.jpg);background-position:50% 50%\"><img loading=\"lazy\" decoding=\"async\" width=\"1024\" height=\"836\" src=\"https:\/\/genomapp.com\/wp-content\/uploads\/2024\/02\/people-sea-phone-min-1024x836.jpg\" alt=\"\" class=\"wp-image-950 size-full\" srcset=\"https:\/\/genomapp.com\/wp-content\/uploads\/2024\/02\/people-sea-phone-min-1024x836.jpg 1024w, https:\/\/genomapp.com\/wp-content\/uploads\/2024\/02\/people-sea-phone-min-300x245.jpg 300w, https:\/\/genomapp.com\/wp-content\/uploads\/2024\/02\/people-sea-phone-min-768x627.jpg 768w, https:\/\/genomapp.com\/wp-content\/uploads\/2024\/02\/people-sea-phone-min.jpg 1500w\" sizes=\"auto, (max-width: 1024px) 100vw, 1024px\" \/><\/figure><div class=\"wp-block-media-text__content\">\n<div class=\"wp-block-group is-layout-flow wp-block-group-is-layout-flow\" style=\"padding-top:2em;padding-right:2em;padding-bottom:2em;padding-left:2em\">\n<p class=\"has-large-font-size\" style=\"line-height:1.3\">Genomapp es una app que cruza tu fichero gen\u00e9tico con fuentes cient\u00edficas fiables.<\/p>\n\n\n\n<p class=\"has-medium-font-size\">El resultado son informes estad\u00edsticos:<\/p>\n\n\n\n<ul class=\"wp-block-list\">\n<li class=\"has-medium-font-size\">Enfermedades complejas<\/li>\n\n\n\n<li class=\"has-medium-font-size\">Enfermedades hereditarias<\/li>\n\n\n\n<li class=\"has-medium-font-size\">Respuesta a f\u00e1rmacos<\/li>\n\n\n\n<li class=\"has-medium-font-size\">Rasgos<\/li>\n\n\n\n<li class=\"has-medium-font-size\">S\u00edntomas observables<\/li>\n\n\n\n<li class=\"has-medium-font-size\">Grupos sangu\u00edneos<\/li>\n<\/ul>\n<\/div>\n<\/div><\/div>\n\n\n\n<h4 class=\"wp-block-heading\">Descarga Genomapp para Android o iOS<\/h4>\n\n\n\n<div class=\"wp-block-columns is-layout-flex wp-container-core-columns-is-layout-28f84493 wp-block-columns-is-layout-flex\">\n<div class=\"wp-block-column is-layout-flow wp-block-column-is-layout-flow\">\n<figure class=\"wp-block-image size-full\"><a href=\"https:\/\/play.google.com\/store\/apps\/details?id=com.rfdevelopments.genomapp&amp;hl=es\"><img loading=\"lazy\" decoding=\"async\" width=\"172\" height=\"60\" src=\"https:\/\/genomapp.com\/wp-content\/uploads\/2023\/11\/en_generic_rgb_wo_60.png\" alt=\"\" class=\"wp-image-112\"\/><\/a><\/figure>\n<\/div>\n\n\n\n<div class=\"wp-block-column is-layout-flow wp-block-column-is-layout-flow\">\n<figure class=\"wp-block-image size-full is-resized\"><a href=\"https:\/\/apps.apple.com\/es\/app\/genomapp-healthy-ethics\/id922937973\"><img loading=\"lazy\" decoding=\"async\" width=\"203\" height=\"61\" src=\"https:\/\/genomapp.com\/wp-content\/uploads\/2023\/11\/app-store-badge.png\" alt=\"\" class=\"wp-image-113\" style=\"width:auto;height:60px\"\/><\/a><\/figure>\n<\/div>\n<\/div>\n\n\n\n<p class=\"has-medium-font-size\">Puedes descargar la app en<strong> <a href=\"https:\/\/itunes.apple.com\/es\/app\/genomapp-exprime-tu-adn\/id922937973?mt=8\">App Store<\/a><\/strong> o <strong><a href=\"https:\/\/play.google.com\/store\/apps\/details?id=com.rfdevelopments.genomapp&amp;hl=es\">Play Store<\/a><\/strong>. La descarga es gratuita pero algunos informes son de pago.<\/p>\n\n\n\n<p class=\"has-medium-font-size\">Genomapp est\u00e1 disponible para dispositivos iOS y Android:<\/p>\n\n\n\n<ul class=\"wp-block-list\">\n<li class=\"has-medium-font-size\">Genomapp para <strong>Android<\/strong> est\u00e1 disponible en <strong>todo el mundo<\/strong><\/li>\n\n\n\n<li class=\"has-medium-font-size\">Genomapp para <strong>iOS<\/strong> est\u00e1 disponible en<strong> Estados Unidos<\/strong>, la <strong>Uni\u00f3n Europea<\/strong> (m\u00e1s Islandia, Liechtenstein y Noruega) y el <strong>Reino Unido<\/strong>. (Pronto en m\u00e1s pa\u00edses)<\/li>\n<\/ul>\n\n\n\n<figure class=\"wp-block-gallery has-nested-images columns-4 is-cropped wp-block-gallery-1 is-layout-flex wp-block-gallery-is-layout-flex\">\n<figure class=\"wp-block-image size-large\"><img loading=\"lazy\" decoding=\"async\" width=\"493\" height=\"1024\" data-id=\"974\" src=\"https:\/\/genomapp.com\/wp-content\/uploads\/2024\/02\/genomapp-iphone-home-ES-min-493x1024.png\" alt=\"\" class=\"wp-image-974\" srcset=\"https:\/\/genomapp.com\/wp-content\/uploads\/2024\/02\/genomapp-iphone-home-ES-min-493x1024.png 493w, https:\/\/genomapp.com\/wp-content\/uploads\/2024\/02\/genomapp-iphone-home-ES-min-144x300.png 144w, https:\/\/genomapp.com\/wp-content\/uploads\/2024\/02\/genomapp-iphone-home-ES-min-768x1597.png 768w, https:\/\/genomapp.com\/wp-content\/uploads\/2024\/02\/genomapp-iphone-home-ES-min-739x1536.png 739w, https:\/\/genomapp.com\/wp-content\/uploads\/2024\/02\/genomapp-iphone-home-ES-min.png 985w\" sizes=\"auto, (max-width: 493px) 100vw, 493px\" \/><\/figure>\n\n\n\n<figure class=\"wp-block-image size-large\"><img loading=\"lazy\" decoding=\"async\" width=\"493\" height=\"1024\" data-id=\"976\" src=\"https:\/\/genomapp.com\/wp-content\/uploads\/2024\/02\/genomapp-iphone-summary-ES-min-493x1024.png\" alt=\"\" class=\"wp-image-976\" srcset=\"https:\/\/genomapp.com\/wp-content\/uploads\/2024\/02\/genomapp-iphone-summary-ES-min-493x1024.png 493w, https:\/\/genomapp.com\/wp-content\/uploads\/2024\/02\/genomapp-iphone-summary-ES-min-144x300.png 144w, https:\/\/genomapp.com\/wp-content\/uploads\/2024\/02\/genomapp-iphone-summary-ES-min-768x1597.png 768w, https:\/\/genomapp.com\/wp-content\/uploads\/2024\/02\/genomapp-iphone-summary-ES-min-739x1536.png 739w, https:\/\/genomapp.com\/wp-content\/uploads\/2024\/02\/genomapp-iphone-summary-ES-min.png 985w\" sizes=\"auto, (max-width: 493px) 100vw, 493px\" \/><\/figure>\n\n\n\n<figure class=\"wp-block-image size-large\"><img loading=\"lazy\" decoding=\"async\" width=\"493\" height=\"1024\" data-id=\"978\" src=\"https:\/\/genomapp.com\/wp-content\/uploads\/2024\/02\/genomapp-iphone-condition-ES-min-493x1024.png\" alt=\"\" class=\"wp-image-978\" srcset=\"https:\/\/genomapp.com\/wp-content\/uploads\/2024\/02\/genomapp-iphone-condition-ES-min-493x1024.png 493w, https:\/\/genomapp.com\/wp-content\/uploads\/2024\/02\/genomapp-iphone-condition-ES-min-144x300.png 144w, https:\/\/genomapp.com\/wp-content\/uploads\/2024\/02\/genomapp-iphone-condition-ES-min-768x1597.png 768w, https:\/\/genomapp.com\/wp-content\/uploads\/2024\/02\/genomapp-iphone-condition-ES-min-739x1536.png 739w, https:\/\/genomapp.com\/wp-content\/uploads\/2024\/02\/genomapp-iphone-condition-ES-min.png 985w\" sizes=\"auto, (max-width: 493px) 100vw, 493px\" \/><\/figure>\n<\/figure>\n\n\n\n<p class=\"has-small-font-size\">Por favor ten en cuenta que Genomapp no es para uso diagn\u00f3stico, no ofrece consejo m\u00e9dico y no es su intenci\u00f3n sustituirlo. Consulta con un especialista si tienes alguna duda.<\/p>\n","protected":false},"excerpt":{"rendered":"<p>Descarga Genomapp para Android o iOS Puedes descargar la app en App Store o Play Store. La descarga es gratuita pero algunos informes son de pago. Genomapp est\u00e1 disponible para dispositivos iOS y Android: Por favor ten en cuenta que Genomapp no es para uso diagn\u00f3stico, no ofrece consejo m\u00e9dico y no es su intenci\u00f3n [&hellip;]<\/p>\n","protected":false},"author":1,"featured_media":0,"parent":0,"menu_order":0,"comment_status":"closed","ping_status":"closed","template":"","meta":{"footnotes":""},"class_list":["post-308","page","type-page","status-publish","hentry"],"yoast_head":"<!-- This site is optimized with the Yoast SEO plugin v27.5 - https:\/\/yoast.com\/product\/yoast-seo-wordpress\/ -->\n<title>Descargar - genomapp.com<\/title>\n<meta name=\"description\" content=\"Genomapp est\u00e1 disponible para iOS y Android. Descarga la app en Play Store o App Store y descubre lo que esconde tu ADN.\" \/>\n<meta name=\"robots\" content=\"index, follow, max-snippet:-1, max-image-preview:large, max-video-preview:-1\" \/>\n<link rel=\"canonical\" href=\"https:\/\/genomapp.com\/es\/descargar\/\" \/>\n<meta property=\"og:locale\" content=\"es_ES\" \/>\n<meta property=\"og:type\" content=\"article\" \/>\n<meta property=\"og:title\" content=\"Descargar - genomapp.com\" \/>\n<meta property=\"og:description\" content=\"Genomapp est\u00e1 disponible para iOS y Android. Descarga la app en Play Store o App Store y descubre lo que esconde tu ADN.\" \/>\n<meta property=\"og:url\" content=\"https:\/\/genomapp.com\/es\/descargar\/\" \/>\n<meta property=\"og:site_name\" content=\"genomapp.com\" \/>\n<meta property=\"article:modified_time\" content=\"2024-02-22T18:11:32+00:00\" \/>\n<meta property=\"og:image\" content=\"https:\/\/genomapp.com\/wp-content\/uploads\/2024\/02\/people-sea-phone-min-1024x836.jpg\" \/>\n<meta name=\"twitter:card\" content=\"summary_large_image\" \/>\n<meta name=\"twitter:label1\" content=\"Tiempo de lectura\" \/>\n\t<meta name=\"twitter:data1\" content=\"2 minutos\" \/>\n<script type=\"application\/ld+json\" class=\"yoast-schema-graph\">{\"@context\":\"https:\\\/\\\/schema.org\",\"@graph\":[{\"@type\":\"WebPage\",\"@id\":\"https:\\\/\\\/genomapp.com\\\/es\\\/descargar\\\/\",\"url\":\"https:\\\/\\\/genomapp.com\\\/es\\\/descargar\\\/\",\"name\":\"Descargar - genomapp.com\",\"isPartOf\":{\"@id\":\"https:\\\/\\\/genomapp.com\\\/en\\\/#website\"},\"primaryImageOfPage\":{\"@id\":\"https:\\\/\\\/genomapp.com\\\/es\\\/descargar\\\/#primaryimage\"},\"image\":{\"@id\":\"https:\\\/\\\/genomapp.com\\\/es\\\/descargar\\\/#primaryimage\"},\"thumbnailUrl\":\"https:\\\/\\\/genomapp.com\\\/wp-content\\\/uploads\\\/2024\\\/02\\\/people-sea-phone-min-1024x836.jpg\",\"datePublished\":\"2023-12-01T11:53:58+00:00\",\"dateModified\":\"2024-02-22T18:11:32+00:00\",\"description\":\"Genomapp est\u00e1 disponible para iOS y Android. Descarga la app en Play Store o App Store y descubre lo que esconde tu ADN.\",\"breadcrumb\":{\"@id\":\"https:\\\/\\\/genomapp.com\\\/es\\\/descargar\\\/#breadcrumb\"},\"inLanguage\":\"es\",\"potentialAction\":[{\"@type\":\"ReadAction\",\"target\":[\"https:\\\/\\\/genomapp.com\\\/es\\\/descargar\\\/\"]}]},{\"@type\":\"ImageObject\",\"inLanguage\":\"es\",\"@id\":\"https:\\\/\\\/genomapp.com\\\/es\\\/descargar\\\/#primaryimage\",\"url\":\"https:\\\/\\\/genomapp.com\\\/wp-content\\\/uploads\\\/2024\\\/02\\\/people-sea-phone-min-1024x836.jpg\",\"contentUrl\":\"https:\\\/\\\/genomapp.com\\\/wp-content\\\/uploads\\\/2024\\\/02\\\/people-sea-phone-min-1024x836.jpg\"},{\"@type\":\"BreadcrumbList\",\"@id\":\"https:\\\/\\\/genomapp.com\\\/es\\\/descargar\\\/#breadcrumb\",\"itemListElement\":[{\"@type\":\"ListItem\",\"position\":1,\"name\":\"Portada\",\"item\":\"https:\\\/\\\/genomapp.com\\\/es\\\/\"},{\"@type\":\"ListItem\",\"position\":2,\"name\":\"Descargar\"}]},{\"@type\":\"WebSite\",\"@id\":\"https:\\\/\\\/genomapp.com\\\/en\\\/#website\",\"url\":\"https:\\\/\\\/genomapp.com\\\/en\\\/\",\"name\":\"Genomapp\",\"description\":\"Analyze your DNA raw data\",\"publisher\":{\"@id\":\"https:\\\/\\\/genomapp.com\\\/en\\\/#organization\"},\"potentialAction\":[{\"@type\":\"SearchAction\",\"target\":{\"@type\":\"EntryPoint\",\"urlTemplate\":\"https:\\\/\\\/genomapp.com\\\/en\\\/?s={search_term_string}\"},\"query-input\":{\"@type\":\"PropertyValueSpecification\",\"valueRequired\":true,\"valueName\":\"search_term_string\"}}],\"inLanguage\":\"es\"},{\"@type\":\"Organization\",\"@id\":\"https:\\\/\\\/genomapp.com\\\/en\\\/#organization\",\"name\":\"Genomapp\",\"url\":\"https:\\\/\\\/genomapp.com\\\/en\\\/\",\"logo\":{\"@type\":\"ImageObject\",\"inLanguage\":\"es\",\"@id\":\"https:\\\/\\\/genomapp.com\\\/en\\\/#\\\/schema\\\/logo\\\/image\\\/\",\"url\":\"https:\\\/\\\/genomapp.com\\\/wp-content\\\/uploads\\\/2023\\\/12\\\/launch_ico_512.png\",\"contentUrl\":\"https:\\\/\\\/genomapp.com\\\/wp-content\\\/uploads\\\/2023\\\/12\\\/launch_ico_512.png\",\"width\":512,\"height\":512,\"caption\":\"Genomapp\"},\"image\":{\"@id\":\"https:\\\/\\\/genomapp.com\\\/en\\\/#\\\/schema\\\/logo\\\/image\\\/\"}}]}<\/script>\n<!-- \/ Yoast SEO plugin. -->","yoast_head_json":{"title":"Descargar - genomapp.com","description":"Genomapp est\u00e1 disponible para iOS y Android. Descarga la app en Play Store o App Store y descubre lo que esconde tu ADN.","robots":{"index":"index","follow":"follow","max-snippet":"max-snippet:-1","max-image-preview":"max-image-preview:large","max-video-preview":"max-video-preview:-1"},"canonical":"https:\/\/genomapp.com\/es\/descargar\/","og_locale":"es_ES","og_type":"article","og_title":"Descargar - genomapp.com","og_description":"Genomapp est\u00e1 disponible para iOS y Android. Descarga la app en Play Store o App Store y descubre lo que esconde tu ADN.","og_url":"https:\/\/genomapp.com\/es\/descargar\/","og_site_name":"genomapp.com","article_modified_time":"2024-02-22T18:11:32+00:00","og_image":[{"url":"https:\/\/genomapp.com\/wp-content\/uploads\/2024\/02\/people-sea-phone-min-1024x836.jpg","type":"","width":"","height":""}],"twitter_card":"summary_large_image","twitter_misc":{"Tiempo de lectura":"2 minutos"},"schema":{"@context":"https:\/\/schema.org","@graph":[{"@type":"WebPage","@id":"https:\/\/genomapp.com\/es\/descargar\/","url":"https:\/\/genomapp.com\/es\/descargar\/","name":"Descargar - genomapp.com","isPartOf":{"@id":"https:\/\/genomapp.com\/en\/#website"},"primaryImageOfPage":{"@id":"https:\/\/genomapp.com\/es\/descargar\/#primaryimage"},"image":{"@id":"https:\/\/genomapp.com\/es\/descargar\/#primaryimage"},"thumbnailUrl":"https:\/\/genomapp.com\/wp-content\/uploads\/2024\/02\/people-sea-phone-min-1024x836.jpg","datePublished":"2023-12-01T11:53:58+00:00","dateModified":"2024-02-22T18:11:32+00:00","description":"Genomapp est\u00e1 disponible para iOS y Android. Descarga la app en Play Store o App Store y descubre lo que esconde tu ADN.","breadcrumb":{"@id":"https:\/\/genomapp.com\/es\/descargar\/#breadcrumb"},"inLanguage":"es","potentialAction":[{"@type":"ReadAction","target":["https:\/\/genomapp.com\/es\/descargar\/"]}]},{"@type":"ImageObject","inLanguage":"es","@id":"https:\/\/genomapp.com\/es\/descargar\/#primaryimage","url":"https:\/\/genomapp.com\/wp-content\/uploads\/2024\/02\/people-sea-phone-min-1024x836.jpg","contentUrl":"https:\/\/genomapp.com\/wp-content\/uploads\/2024\/02\/people-sea-phone-min-1024x836.jpg"},{"@type":"BreadcrumbList","@id":"https:\/\/genomapp.com\/es\/descargar\/#breadcrumb","itemListElement":[{"@type":"ListItem","position":1,"name":"Portada","item":"https:\/\/genomapp.com\/es\/"},{"@type":"ListItem","position":2,"name":"Descargar"}]},{"@type":"WebSite","@id":"https:\/\/genomapp.com\/en\/#website","url":"https:\/\/genomapp.com\/en\/","name":"Genomapp","description":"Analyze your DNA raw data","publisher":{"@id":"https:\/\/genomapp.com\/en\/#organization"},"potentialAction":[{"@type":"SearchAction","target":{"@type":"EntryPoint","urlTemplate":"https:\/\/genomapp.com\/en\/?s={search_term_string}"},"query-input":{"@type":"PropertyValueSpecification","valueRequired":true,"valueName":"search_term_string"}}],"inLanguage":"es"},{"@type":"Organization","@id":"https:\/\/genomapp.com\/en\/#organization","name":"Genomapp","url":"https:\/\/genomapp.com\/en\/","logo":{"@type":"ImageObject","inLanguage":"es","@id":"https:\/\/genomapp.com\/en\/#\/schema\/logo\/image\/","url":"https:\/\/genomapp.com\/wp-content\/uploads\/2023\/12\/launch_ico_512.png","contentUrl":"https:\/\/genomapp.com\/wp-content\/uploads\/2023\/12\/launch_ico_512.png","width":512,"height":512,"caption":"Genomapp"},"image":{"@id":"https:\/\/genomapp.com\/en\/#\/schema\/logo\/image\/"}}]}},"_links":{"self":[{"href":"https:\/\/genomapp.com\/es\/wp-json\/wp\/v2\/pages\/308","targetHints":{"allow":["GET"]}}],"collection":[{"href":"https:\/\/genomapp.com\/es\/wp-json\/wp\/v2\/pages"}],"about":[{"href":"https:\/\/genomapp.com\/es\/wp-json\/wp\/v2\/types\/page"}],"author":[{"embeddable":true,"href":"https:\/\/genomapp.com\/es\/wp-json\/wp\/v2\/users\/1"}],"replies":[{"embeddable":true,"href":"https:\/\/genomapp.com\/es\/wp-json\/wp\/v2\/comments?post=308"}],"version-history":[{"count":13,"href":"https:\/\/genomapp.com\/es\/wp-json\/wp\/v2\/pages\/308\/revisions"}],"predecessor-version":[{"id":980,"href":"https:\/\/genomapp.com\/es\/wp-json\/wp\/v2\/pages\/308\/revisions\/980"}],"wp:attachment":[{"href":"https:\/\/genomapp.com\/es\/wp-json\/wp\/v2\/media?parent=308"}],"curies":[{"name":"wp","href":"https:\/\/api.w.org\/{rel}","templated":true}]}}