{"id":295,"date":"2023-12-01T12:44:32","date_gmt":"2023-12-01T11:44:32","guid":{"rendered":"https:\/\/genomapp.com\/?page_id=295"},"modified":"2024-02-22T19:16:50","modified_gmt":"2024-02-22T18:16:50","slug":"que-hacemos","status":"publish","type":"page","link":"https:\/\/genomapp.com\/es\/que-hacemos\/","title":{"rendered":"Qu\u00e9 hacemos"},"content":{"rendered":"\n<div class=\"wp-block-media-text alignwide has-media-on-the-right is-stacked-on-mobile is-vertically-aligned-center has-custom-color-5-background-color has-background\"><div class=\"wp-block-media-text__content\">\n<div class=\"wp-block-group is-layout-flow wp-block-group-is-layout-flow\" style=\"padding-top:2em;padding-right:2em;padding-bottom:2em;padding-left:2em\">\n<p class=\"has-large-font-size\">Genomapp desbloquea el potencial de tu ADN proporcionando una visi\u00f3n amplia de tu c\u00f3digo gen\u00e9tico respetando tu privacidad.<\/p>\n<\/div>\n<\/div><figure class=\"wp-block-media-text__media\"><img loading=\"lazy\" decoding=\"async\" width=\"1024\" height=\"1024\" src=\"https:\/\/genomapp.com\/wp-content\/uploads\/2024\/02\/pose-min-1024x1024.jpg\" alt=\"\" class=\"wp-image-945 size-full\" srcset=\"https:\/\/genomapp.com\/wp-content\/uploads\/2024\/02\/pose-min-1024x1024.jpg 1024w, https:\/\/genomapp.com\/wp-content\/uploads\/2024\/02\/pose-min-300x300.jpg 300w, https:\/\/genomapp.com\/wp-content\/uploads\/2024\/02\/pose-min-150x150.jpg 150w, https:\/\/genomapp.com\/wp-content\/uploads\/2024\/02\/pose-min-768x768.jpg 768w, https:\/\/genomapp.com\/wp-content\/uploads\/2024\/02\/pose-min-120x120.jpg 120w, https:\/\/genomapp.com\/wp-content\/uploads\/2024\/02\/pose-min.jpg 1500w\" sizes=\"auto, (max-width: 1024px) 100vw, 1024px\" \/><\/figure><\/div>\n\n\n\n<div class=\"wp-block-media-text alignwide is-stacked-on-mobile is-vertically-aligned-center has-custom-color-5-background-color has-background\" style=\"margin-top:0;margin-bottom:0\"><figure class=\"wp-block-media-text__media\"><img loading=\"lazy\" decoding=\"async\" width=\"1024\" height=\"1024\" src=\"https:\/\/genomapp.com\/wp-content\/uploads\/2024\/02\/people-woman-phone-min-1024x1024.jpg\" alt=\"\" class=\"wp-image-947 size-full\" srcset=\"https:\/\/genomapp.com\/wp-content\/uploads\/2024\/02\/people-woman-phone-min-1024x1024.jpg 1024w, https:\/\/genomapp.com\/wp-content\/uploads\/2024\/02\/people-woman-phone-min-300x300.jpg 300w, https:\/\/genomapp.com\/wp-content\/uploads\/2024\/02\/people-woman-phone-min-150x150.jpg 150w, https:\/\/genomapp.com\/wp-content\/uploads\/2024\/02\/people-woman-phone-min-768x768.jpg 768w, https:\/\/genomapp.com\/wp-content\/uploads\/2024\/02\/people-woman-phone-min-120x120.jpg 120w, https:\/\/genomapp.com\/wp-content\/uploads\/2024\/02\/people-woman-phone-min.jpg 1236w\" sizes=\"auto, (max-width: 1024px) 100vw, 1024px\" \/><\/figure><div class=\"wp-block-media-text__content\">\n<div class=\"wp-block-group is-layout-flow wp-block-group-is-layout-flow\" style=\"padding-top:2em;padding-right:2em;padding-bottom:2em;padding-left:2em\">\n<p class=\"has-medium-font-size\" style=\"line-height:1.4\">Genomapp te ayuda a entender los datos contenidos en tu ADN. <\/p>\n\n\n\n<p class=\"has-medium-font-size\" style=\"line-height:1.4\">Tenemos la lista m\u00e1s completa de enfermedades procedente de fuentes oficiales. <\/p>\n\n\n\n<p class=\"has-medium-font-size\" style=\"line-height:1.4\">Cuando procesas tu <a href=\"https:\/\/genomapp.com\/es\/que-es-un-fichero-raw-data-de-adn\/\" data-type=\"post\" data-id=\"227\">fichero raw data<\/a> con Genomapp obtienes un informe que asocia tu genotipo con una lista de enfermedades. <\/p>\n\n\n\n<p class=\"has-medium-font-size\" style=\"line-height:1.4\">El informe contiene diferentes categor\u00edas como enfermedades complejas, enfermedades hereditarias, respuesta a f\u00e1rmacos y rasgos.<\/p>\n<\/div>\n<\/div><\/div>\n\n\n\n<h2 class=\"wp-block-heading has-text-align-center has-x-large-font-size\">Qu\u00e9 no hace Genomapp<\/h2>\n\n\n\n<div class=\"wp-block-columns alignwide has-custom-color-2-background-color has-background is-layout-flex wp-container-core-columns-is-layout-28f84493 wp-block-columns-is-layout-flex\">\n<div class=\"wp-block-column is-layout-flow wp-block-column-is-layout-flow\">\n<h2 class=\"wp-block-heading has-large-font-size\">No damos consejo m\u00e9dico<\/h2>\n\n\n\n<p class=\"has-medium-font-size\">Genomapp <b>no proporciona consejo m\u00e9dico<\/b> y tampoco lo sustituye. No cambies tu medicaci\u00f3n bas\u00e1ndote en los resultados. Consulta con tu especialista m\u00e9dico si tienes alguna pregunta.<\/p>\n<\/div>\n\n\n\n<div class=\"wp-block-column is-layout-flow wp-block-column-is-layout-flow\">\n<h2 class=\"wp-block-heading has-large-font-size\">No guardamos tus datos gen\u00e9ticos<\/h2>\n\n\n\n<p class=\"has-medium-font-size\">Genomapp respeta tu privacidad. Tus datos gen\u00e9ticos no son guardados ni subidos a nuestros servidores. S\u00f3lo t\u00fa puedes acceder a ellos.<\/p>\n<\/div>\n\n\n\n<div class=\"wp-block-column is-layout-flow wp-block-column-is-layout-flow\">\n<h2 class=\"wp-block-heading has-large-font-size\">No hacemos test gen\u00e9ticos<\/h2>\n\n\n\n<p class=\"has-medium-font-size\">Genomapp es compatible con ficheros raw data (datos crudos) de 23andMe, Ancestry.com, MyHeritage, FamilyTreeDNA, Vitagene, LivingDNA, Tellmegen, Genes for Good as\u00ed como ficheros raw data con un esquema normalizado como VCF. <a href=\"https:\/\/genomapp.com\/es\/contacto\/\"><strong>Escr\u00edbenos<\/strong><\/a>&nbsp;si tienes alguna duda.<\/p>\n<\/div>\n<\/div>\n\n\n\n<h3 class=\"wp-block-heading has-text-align-center\">Prueba el modo demo<\/h3>\n\n\n\n<p>Genomapp dispone de un modo demo. Si quieres probar la app o saber c\u00f3mo funciona puedes acceder al modo demo y ver la app en acci\u00f3n con un perfil de prueba.<\/p>\n\n\n\n<div class=\"wp-block-buttons is-content-justification-center is-layout-flex wp-container-core-buttons-is-layout-a89b3969 wp-block-buttons-is-layout-flex\">\n<div class=\"wp-block-button has-custom-font-size\" style=\"font-size:clamp(17.905px, 1.119rem + ((1vw - 3.2px) * 1.147), 28px);\"><a class=\"wp-block-button__link has-custom-color-2-color has-text-color has-link-color has-text-align-center wp-element-button\" href=\"https:\/\/genomapp.com\/es\/descargar\/\" style=\"border-radius:50px\">Ir a descargas<\/a><\/div>\n<\/div>\n","protected":false},"excerpt":{"rendered":"<p>Qu\u00e9 no hace Genomapp No damos consejo m\u00e9dico Genomapp no proporciona consejo m\u00e9dico y tampoco lo sustituye. No cambies tu medicaci\u00f3n bas\u00e1ndote en los resultados. Consulta con tu especialista m\u00e9dico si tienes alguna pregunta. No guardamos tus datos gen\u00e9ticos Genomapp respeta tu privacidad. Tus datos gen\u00e9ticos no son guardados ni subidos a nuestros servidores. S\u00f3lo [&hellip;]<\/p>\n","protected":false},"author":1,"featured_media":0,"parent":0,"menu_order":0,"comment_status":"closed","ping_status":"closed","template":"","meta":{"footnotes":""},"class_list":["post-295","page","type-page","status-publish","hentry"],"yoast_head":"<!-- This site is optimized with the Yoast SEO plugin v27.5 - https:\/\/yoast.com\/product\/yoast-seo-wordpress\/ -->\n<title>Qu\u00e9 hacemos - genomapp.com<\/title>\n<meta name=\"description\" content=\"Genomapp te ayuda a entender los datos contenidos en tu ADN proporcionando una visi\u00f3n amplia de tu c\u00f3digo gen\u00e9tico respetando tu privacidad.\" \/>\n<meta name=\"robots\" content=\"index, follow, max-snippet:-1, max-image-preview:large, max-video-preview:-1\" \/>\n<link rel=\"canonical\" href=\"https:\/\/genomapp.com\/es\/que-hacemos\/\" \/>\n<meta property=\"og:locale\" content=\"es_ES\" \/>\n<meta property=\"og:type\" content=\"article\" \/>\n<meta property=\"og:title\" content=\"Qu\u00e9 hacemos - genomapp.com\" \/>\n<meta property=\"og:description\" content=\"Genomapp te ayuda a entender los datos contenidos en tu ADN proporcionando una visi\u00f3n amplia de tu c\u00f3digo gen\u00e9tico respetando tu privacidad.\" \/>\n<meta property=\"og:url\" content=\"https:\/\/genomapp.com\/es\/que-hacemos\/\" \/>\n<meta property=\"og:site_name\" content=\"genomapp.com\" \/>\n<meta property=\"article:modified_time\" content=\"2024-02-22T18:16:50+00:00\" \/>\n<meta property=\"og:image\" content=\"https:\/\/genomapp.com\/wp-content\/uploads\/2024\/02\/pose-min-1024x1024.jpg\" \/>\n<meta name=\"twitter:card\" content=\"summary_large_image\" \/>\n<meta name=\"twitter:label1\" content=\"Tiempo de lectura\" \/>\n\t<meta name=\"twitter:data1\" content=\"2 minutos\" \/>\n<script type=\"application\/ld+json\" class=\"yoast-schema-graph\">{\"@context\":\"https:\\\/\\\/schema.org\",\"@graph\":[{\"@type\":\"WebPage\",\"@id\":\"https:\\\/\\\/genomapp.com\\\/es\\\/que-hacemos\\\/\",\"url\":\"https:\\\/\\\/genomapp.com\\\/es\\\/que-hacemos\\\/\",\"name\":\"Qu\u00e9 hacemos - genomapp.com\",\"isPartOf\":{\"@id\":\"https:\\\/\\\/genomapp.com\\\/en\\\/#website\"},\"primaryImageOfPage\":{\"@id\":\"https:\\\/\\\/genomapp.com\\\/es\\\/que-hacemos\\\/#primaryimage\"},\"image\":{\"@id\":\"https:\\\/\\\/genomapp.com\\\/es\\\/que-hacemos\\\/#primaryimage\"},\"thumbnailUrl\":\"https:\\\/\\\/genomapp.com\\\/wp-content\\\/uploads\\\/2024\\\/02\\\/pose-min-1024x1024.jpg\",\"datePublished\":\"2023-12-01T11:44:32+00:00\",\"dateModified\":\"2024-02-22T18:16:50+00:00\",\"description\":\"Genomapp te ayuda a entender los datos contenidos en tu ADN proporcionando una visi\u00f3n amplia de tu c\u00f3digo gen\u00e9tico respetando tu privacidad.\",\"breadcrumb\":{\"@id\":\"https:\\\/\\\/genomapp.com\\\/es\\\/que-hacemos\\\/#breadcrumb\"},\"inLanguage\":\"es\",\"potentialAction\":[{\"@type\":\"ReadAction\",\"target\":[\"https:\\\/\\\/genomapp.com\\\/es\\\/que-hacemos\\\/\"]}]},{\"@type\":\"ImageObject\",\"inLanguage\":\"es\",\"@id\":\"https:\\\/\\\/genomapp.com\\\/es\\\/que-hacemos\\\/#primaryimage\",\"url\":\"https:\\\/\\\/genomapp.com\\\/wp-content\\\/uploads\\\/2024\\\/02\\\/pose-min-1024x1024.jpg\",\"contentUrl\":\"https:\\\/\\\/genomapp.com\\\/wp-content\\\/uploads\\\/2024\\\/02\\\/pose-min-1024x1024.jpg\"},{\"@type\":\"BreadcrumbList\",\"@id\":\"https:\\\/\\\/genomapp.com\\\/es\\\/que-hacemos\\\/#breadcrumb\",\"itemListElement\":[{\"@type\":\"ListItem\",\"position\":1,\"name\":\"Portada\",\"item\":\"https:\\\/\\\/genomapp.com\\\/es\\\/\"},{\"@type\":\"ListItem\",\"position\":2,\"name\":\"Qu\u00e9 hacemos\"}]},{\"@type\":\"WebSite\",\"@id\":\"https:\\\/\\\/genomapp.com\\\/en\\\/#website\",\"url\":\"https:\\\/\\\/genomapp.com\\\/en\\\/\",\"name\":\"Genomapp\",\"description\":\"Analyze your DNA raw data\",\"publisher\":{\"@id\":\"https:\\\/\\\/genomapp.com\\\/en\\\/#organization\"},\"potentialAction\":[{\"@type\":\"SearchAction\",\"target\":{\"@type\":\"EntryPoint\",\"urlTemplate\":\"https:\\\/\\\/genomapp.com\\\/en\\\/?s={search_term_string}\"},\"query-input\":{\"@type\":\"PropertyValueSpecification\",\"valueRequired\":true,\"valueName\":\"search_term_string\"}}],\"inLanguage\":\"es\"},{\"@type\":\"Organization\",\"@id\":\"https:\\\/\\\/genomapp.com\\\/en\\\/#organization\",\"name\":\"Genomapp\",\"url\":\"https:\\\/\\\/genomapp.com\\\/en\\\/\",\"logo\":{\"@type\":\"ImageObject\",\"inLanguage\":\"es\",\"@id\":\"https:\\\/\\\/genomapp.com\\\/en\\\/#\\\/schema\\\/logo\\\/image\\\/\",\"url\":\"https:\\\/\\\/genomapp.com\\\/wp-content\\\/uploads\\\/2023\\\/12\\\/launch_ico_512.png\",\"contentUrl\":\"https:\\\/\\\/genomapp.com\\\/wp-content\\\/uploads\\\/2023\\\/12\\\/launch_ico_512.png\",\"width\":512,\"height\":512,\"caption\":\"Genomapp\"},\"image\":{\"@id\":\"https:\\\/\\\/genomapp.com\\\/en\\\/#\\\/schema\\\/logo\\\/image\\\/\"}}]}<\/script>\n<!-- \/ Yoast SEO plugin. -->","yoast_head_json":{"title":"Qu\u00e9 hacemos - genomapp.com","description":"Genomapp te ayuda a entender los datos contenidos en tu ADN proporcionando una visi\u00f3n amplia de tu c\u00f3digo gen\u00e9tico respetando tu privacidad.","robots":{"index":"index","follow":"follow","max-snippet":"max-snippet:-1","max-image-preview":"max-image-preview:large","max-video-preview":"max-video-preview:-1"},"canonical":"https:\/\/genomapp.com\/es\/que-hacemos\/","og_locale":"es_ES","og_type":"article","og_title":"Qu\u00e9 hacemos - genomapp.com","og_description":"Genomapp te ayuda a entender los datos contenidos en tu ADN proporcionando una visi\u00f3n amplia de tu c\u00f3digo gen\u00e9tico respetando tu privacidad.","og_url":"https:\/\/genomapp.com\/es\/que-hacemos\/","og_site_name":"genomapp.com","article_modified_time":"2024-02-22T18:16:50+00:00","og_image":[{"url":"https:\/\/genomapp.com\/wp-content\/uploads\/2024\/02\/pose-min-1024x1024.jpg","type":"","width":"","height":""}],"twitter_card":"summary_large_image","twitter_misc":{"Tiempo de lectura":"2 minutos"},"schema":{"@context":"https:\/\/schema.org","@graph":[{"@type":"WebPage","@id":"https:\/\/genomapp.com\/es\/que-hacemos\/","url":"https:\/\/genomapp.com\/es\/que-hacemos\/","name":"Qu\u00e9 hacemos - genomapp.com","isPartOf":{"@id":"https:\/\/genomapp.com\/en\/#website"},"primaryImageOfPage":{"@id":"https:\/\/genomapp.com\/es\/que-hacemos\/#primaryimage"},"image":{"@id":"https:\/\/genomapp.com\/es\/que-hacemos\/#primaryimage"},"thumbnailUrl":"https:\/\/genomapp.com\/wp-content\/uploads\/2024\/02\/pose-min-1024x1024.jpg","datePublished":"2023-12-01T11:44:32+00:00","dateModified":"2024-02-22T18:16:50+00:00","description":"Genomapp te ayuda a entender los datos contenidos en tu ADN proporcionando una visi\u00f3n amplia de tu c\u00f3digo gen\u00e9tico respetando tu privacidad.","breadcrumb":{"@id":"https:\/\/genomapp.com\/es\/que-hacemos\/#breadcrumb"},"inLanguage":"es","potentialAction":[{"@type":"ReadAction","target":["https:\/\/genomapp.com\/es\/que-hacemos\/"]}]},{"@type":"ImageObject","inLanguage":"es","@id":"https:\/\/genomapp.com\/es\/que-hacemos\/#primaryimage","url":"https:\/\/genomapp.com\/wp-content\/uploads\/2024\/02\/pose-min-1024x1024.jpg","contentUrl":"https:\/\/genomapp.com\/wp-content\/uploads\/2024\/02\/pose-min-1024x1024.jpg"},{"@type":"BreadcrumbList","@id":"https:\/\/genomapp.com\/es\/que-hacemos\/#breadcrumb","itemListElement":[{"@type":"ListItem","position":1,"name":"Portada","item":"https:\/\/genomapp.com\/es\/"},{"@type":"ListItem","position":2,"name":"Qu\u00e9 hacemos"}]},{"@type":"WebSite","@id":"https:\/\/genomapp.com\/en\/#website","url":"https:\/\/genomapp.com\/en\/","name":"Genomapp","description":"Analyze your DNA raw data","publisher":{"@id":"https:\/\/genomapp.com\/en\/#organization"},"potentialAction":[{"@type":"SearchAction","target":{"@type":"EntryPoint","urlTemplate":"https:\/\/genomapp.com\/en\/?s={search_term_string}"},"query-input":{"@type":"PropertyValueSpecification","valueRequired":true,"valueName":"search_term_string"}}],"inLanguage":"es"},{"@type":"Organization","@id":"https:\/\/genomapp.com\/en\/#organization","name":"Genomapp","url":"https:\/\/genomapp.com\/en\/","logo":{"@type":"ImageObject","inLanguage":"es","@id":"https:\/\/genomapp.com\/en\/#\/schema\/logo\/image\/","url":"https:\/\/genomapp.com\/wp-content\/uploads\/2023\/12\/launch_ico_512.png","contentUrl":"https:\/\/genomapp.com\/wp-content\/uploads\/2023\/12\/launch_ico_512.png","width":512,"height":512,"caption":"Genomapp"},"image":{"@id":"https:\/\/genomapp.com\/en\/#\/schema\/logo\/image\/"}}]}},"_links":{"self":[{"href":"https:\/\/genomapp.com\/es\/wp-json\/wp\/v2\/pages\/295","targetHints":{"allow":["GET"]}}],"collection":[{"href":"https:\/\/genomapp.com\/es\/wp-json\/wp\/v2\/pages"}],"about":[{"href":"https:\/\/genomapp.com\/es\/wp-json\/wp\/v2\/types\/page"}],"author":[{"embeddable":true,"href":"https:\/\/genomapp.com\/es\/wp-json\/wp\/v2\/users\/1"}],"replies":[{"embeddable":true,"href":"https:\/\/genomapp.com\/es\/wp-json\/wp\/v2\/comments?post=295"}],"version-history":[{"count":17,"href":"https:\/\/genomapp.com\/es\/wp-json\/wp\/v2\/pages\/295\/revisions"}],"predecessor-version":[{"id":970,"href":"https:\/\/genomapp.com\/es\/wp-json\/wp\/v2\/pages\/295\/revisions\/970"}],"wp:attachment":[{"href":"https:\/\/genomapp.com\/es\/wp-json\/wp\/v2\/media?parent=295"}],"curies":[{"name":"wp","href":"https:\/\/api.w.org\/{rel}","templated":true}]}}