{"id":281,"date":"2023-12-01T12:32:57","date_gmt":"2023-12-01T11:32:57","guid":{"rendered":"https:\/\/genomapp.com\/?page_id=281"},"modified":"2024-02-22T19:17:55","modified_gmt":"2024-02-22T18:17:55","slug":"quienes-somos","status":"publish","type":"page","link":"https:\/\/genomapp.com\/es\/quienes-somos\/","title":{"rendered":"Qui\u00e9nes somos"},"content":{"rendered":"\n<div class=\"wp-block-media-text alignwide is-stacked-on-mobile is-vertically-aligned-center has-custom-color-5-background-color has-background\"><figure class=\"wp-block-media-text__media\"><img loading=\"lazy\" decoding=\"async\" width=\"1024\" height=\"1024\" src=\"https:\/\/genomapp.com\/wp-content\/uploads\/2024\/02\/woman-sky-min-1024x1024.jpg\" alt=\"\" class=\"wp-image-960 size-full\" srcset=\"https:\/\/genomapp.com\/wp-content\/uploads\/2024\/02\/woman-sky-min-1024x1024.jpg 1024w, https:\/\/genomapp.com\/wp-content\/uploads\/2024\/02\/woman-sky-min-300x300.jpg 300w, https:\/\/genomapp.com\/wp-content\/uploads\/2024\/02\/woman-sky-min-150x150.jpg 150w, https:\/\/genomapp.com\/wp-content\/uploads\/2024\/02\/woman-sky-min-768x768.jpg 768w, https:\/\/genomapp.com\/wp-content\/uploads\/2024\/02\/woman-sky-min-120x120.jpg 120w, https:\/\/genomapp.com\/wp-content\/uploads\/2024\/02\/woman-sky-min.jpg 1500w\" sizes=\"auto, (max-width: 1024px) 100vw, 1024px\" \/><\/figure><div class=\"wp-block-media-text__content\">\n<div class=\"wp-block-group is-layout-flow wp-block-group-is-layout-flow\" style=\"padding-top:2em;padding-right:2em;padding-bottom:2em;padding-left:2em\">\n<p class=\"has-large-font-size\">Genomapp [genome+map+app] ve la luz en 2015 con el objetivo de fomentar el inter\u00e9s p\u00fablico en las nuevas posibilidades de la gen\u00f3mica. <\/p>\n<\/div>\n<\/div><\/div>\n\n\n\n<h4 class=\"wp-block-heading alignwide has-circular-font-family\"><span class=\"s1\">La app es el resultado de sumar los esfuerzos y el conocimiento procedente de diversas disciplinas<\/span>:<\/h4>\n\n\n\n<div class=\"wp-block-columns alignwide is-layout-flex wp-container-core-columns-is-layout-28f84493 wp-block-columns-is-layout-flex\">\n<div class=\"wp-block-column has-custom-color-3-background-color has-background is-layout-flow wp-block-column-is-layout-flow\" style=\"padding-top:var(--wp--preset--spacing--30);padding-right:var(--wp--preset--spacing--30);padding-bottom:var(--wp--preset--spacing--30);padding-left:var(--wp--preset--spacing--30)\">\n<h2 class=\"wp-block-heading has-custom-color-2-color has-text-color has-link-color has-large-font-size wp-elements-10e060c146403cdd52be8b6850065e7e\">Bioinform\u00e1tica y Biolog\u00eda Computacional<\/h2>\n\n\n\n<h2 class=\"wp-block-heading has-custom-color-2-color has-text-color has-link-color has-circular-font-family has-medium-font-size wp-elements-380f043b8766ebf6b9221f7c083186d7\" style=\"line-height:1.5\">Consiste en la investigaci\u00f3n y el an\u00e1lisis de informaci\u00f3n biol\u00f3gica y biom\u00e9dica, el tratamiento de datos omim y el uso de la bioinform\u00e1tica en la medicina personalizada y de precisi\u00f3n.<br><\/h2>\n<\/div>\n\n\n\n<div class=\"wp-block-column has-custom-color-2-color has-custom-color-3-background-color has-text-color has-background has-link-color wp-elements-3fea1aa03904bd9c915b0ea8ecd1de35 is-layout-flow wp-block-column-is-layout-flow\" style=\"padding-top:var(--wp--preset--spacing--30);padding-right:var(--wp--preset--spacing--30);padding-bottom:var(--wp--preset--spacing--30);padding-left:var(--wp--preset--spacing--30)\">\n<h2 class=\"wp-block-heading has-custom-color-2-color has-text-color has-link-color has-large-font-size wp-elements-64520789c787a7208c421c0de8e32bfd\">Tecnolog\u00eda e Inform\u00e1tica<\/h2>\n\n\n\n<p class=\"has-medium-font-size\">Genomapp est\u00e1 dise\u00f1ada para un uso individual (y familiar) y para garantizar la privacidad.<span class=\"Apple-converted-space\">&nbsp; <\/span>A trav\u00e9s de un acuerdo de colaboraci\u00f3n con <a href=\"http:\/\/rfdevelopments.com\/\">RFDevelopments<\/a> hemos desarrollado las apps para iOS y Android para llegar al mayor n\u00famero de usuarios.<\/p>\n<\/div>\n\n\n\n<div class=\"wp-block-column has-custom-color-2-color has-custom-color-3-background-color has-text-color has-background has-link-color wp-elements-475bea8848c04a82aa605a9318517592 is-layout-flow wp-block-column-is-layout-flow\" style=\"padding-top:var(--wp--preset--spacing--30);padding-right:var(--wp--preset--spacing--30);padding-bottom:var(--wp--preset--spacing--30);padding-left:var(--wp--preset--spacing--30)\">\n<h2 class=\"wp-block-heading has-custom-color-2-color has-text-color has-link-color has-large-font-size wp-elements-e338fb47a868cef9beaa1a82ba7bd934\">Dise\u00f1o UX\/UI<\/h2>\n\n\n\n<p class=\"has-medium-font-size\">El lenguaje cient\u00edfico no siempre es f\u00e1cil de entender para las personas corrientes. Genomapp usa iconos, s\u00edntesis y otros recursos para hacer la informaci\u00f3n accesible a todo el mundo. Los investigadores y profesionales de la salud pueden hacer un uso m\u00e1s avanzado de la app a trav\u00e9s de los enlaces a papers e informaci\u00f3n relacionada.<\/p>\n<\/div>\n<\/div>\n\n\n\n<h3 class=\"wp-block-heading has-text-align-center\">Contactar<\/h3>\n\n\n\n<p>Genomapp tiene sede en Madrid (Espa\u00f1a)<\/p>\n\n\n\n<p class=\"has-medium-font-size\">Para estar al d\u00eda de las novedades de Genomapp puedes seguirnos en&nbsp;<a href=\"https:\/\/twitter.com\/Genomapp\">Twitter<\/a>. Tambi\u00e9n puedes contactarnos directamente a trav\u00e9s del formulario de <a href=\"https:\/\/genomapp.com\/es\/contacto\/\" data-type=\"page\" data-id=\"319\">Contacto<\/a>.<\/p>\n","protected":false},"excerpt":{"rendered":"<p>La app es el resultado de sumar los esfuerzos y el conocimiento procedente de diversas disciplinas: Bioinform\u00e1tica y Biolog\u00eda Computacional Consiste en la investigaci\u00f3n y el an\u00e1lisis de informaci\u00f3n biol\u00f3gica y biom\u00e9dica, el tratamiento de datos omim y el uso de la bioinform\u00e1tica en la medicina personalizada y de precisi\u00f3n. Tecnolog\u00eda e Inform\u00e1tica Genomapp est\u00e1 [&hellip;]<\/p>\n","protected":false},"author":1,"featured_media":0,"parent":0,"menu_order":0,"comment_status":"closed","ping_status":"closed","template":"","meta":{"footnotes":""},"class_list":["post-281","page","type-page","status-publish","hentry"],"yoast_head":"<!-- This site is optimized with the Yoast SEO plugin v27.5 - https:\/\/yoast.com\/product\/yoast-seo-wordpress\/ -->\n<title>Qui\u00e9nes somos - genomapp.com<\/title>\n<meta name=\"description\" content=\"Genomapp ve la luz en 2015 con el objetivo de fomentar el inter\u00e9s p\u00fablico en las nuevas posibilidades de la gen\u00f3mica.\" \/>\n<meta name=\"robots\" content=\"index, follow, max-snippet:-1, max-image-preview:large, max-video-preview:-1\" \/>\n<link rel=\"canonical\" href=\"https:\/\/genomapp.com\/en\/who-we-are\/\" \/>\n<meta property=\"og:locale\" content=\"es_ES\" \/>\n<meta property=\"og:type\" content=\"article\" \/>\n<meta property=\"og:title\" content=\"Qui\u00e9nes somos - genomapp.com\" \/>\n<meta property=\"og:description\" content=\"Genomapp ve la luz en 2015 con el objetivo de fomentar el inter\u00e9s p\u00fablico en las nuevas posibilidades de la gen\u00f3mica.\" \/>\n<meta property=\"og:url\" content=\"https:\/\/genomapp.com\/en\/who-we-are\/\" \/>\n<meta property=\"og:site_name\" content=\"genomapp.com\" \/>\n<meta property=\"article:modified_time\" content=\"2024-02-22T18:17:55+00:00\" \/>\n<meta property=\"og:image\" content=\"https:\/\/genomapp.com\/wp-content\/uploads\/2024\/02\/woman-sky-min-1024x1024.jpg\" \/>\n<meta name=\"twitter:card\" content=\"summary_large_image\" \/>\n<meta name=\"twitter:label1\" content=\"Tiempo de lectura\" \/>\n\t<meta name=\"twitter:data1\" content=\"2 minutos\" \/>\n<script type=\"application\/ld+json\" class=\"yoast-schema-graph\">{\"@context\":\"https:\\\/\\\/schema.org\",\"@graph\":[{\"@type\":\"WebPage\",\"@id\":\"https:\\\/\\\/genomapp.com\\\/en\\\/who-we-are\\\/\",\"url\":\"https:\\\/\\\/genomapp.com\\\/en\\\/who-we-are\\\/\",\"name\":\"Qui\u00e9nes somos - genomapp.com\",\"isPartOf\":{\"@id\":\"https:\\\/\\\/genomapp.com\\\/en\\\/#website\"},\"primaryImageOfPage\":{\"@id\":\"https:\\\/\\\/genomapp.com\\\/en\\\/who-we-are\\\/#primaryimage\"},\"image\":{\"@id\":\"https:\\\/\\\/genomapp.com\\\/en\\\/who-we-are\\\/#primaryimage\"},\"thumbnailUrl\":\"https:\\\/\\\/genomapp.com\\\/wp-content\\\/uploads\\\/2024\\\/02\\\/woman-sky-min-1024x1024.jpg\",\"datePublished\":\"2023-12-01T11:32:57+00:00\",\"dateModified\":\"2024-02-22T18:17:55+00:00\",\"description\":\"Genomapp ve la luz en 2015 con el objetivo de fomentar el inter\u00e9s p\u00fablico en las nuevas posibilidades de la gen\u00f3mica.\",\"breadcrumb\":{\"@id\":\"https:\\\/\\\/genomapp.com\\\/en\\\/who-we-are\\\/#breadcrumb\"},\"inLanguage\":\"es\",\"potentialAction\":[{\"@type\":\"ReadAction\",\"target\":[\"https:\\\/\\\/genomapp.com\\\/en\\\/who-we-are\\\/\"]}]},{\"@type\":\"ImageObject\",\"inLanguage\":\"es\",\"@id\":\"https:\\\/\\\/genomapp.com\\\/en\\\/who-we-are\\\/#primaryimage\",\"url\":\"https:\\\/\\\/genomapp.com\\\/wp-content\\\/uploads\\\/2024\\\/02\\\/woman-sky-min-1024x1024.jpg\",\"contentUrl\":\"https:\\\/\\\/genomapp.com\\\/wp-content\\\/uploads\\\/2024\\\/02\\\/woman-sky-min-1024x1024.jpg\"},{\"@type\":\"BreadcrumbList\",\"@id\":\"https:\\\/\\\/genomapp.com\\\/en\\\/who-we-are\\\/#breadcrumb\",\"itemListElement\":[{\"@type\":\"ListItem\",\"position\":1,\"name\":\"Portada\",\"item\":\"https:\\\/\\\/genomapp.com\\\/es\\\/\"},{\"@type\":\"ListItem\",\"position\":2,\"name\":\"Qui\u00e9nes somos\"}]},{\"@type\":\"WebSite\",\"@id\":\"https:\\\/\\\/genomapp.com\\\/en\\\/#website\",\"url\":\"https:\\\/\\\/genomapp.com\\\/en\\\/\",\"name\":\"Genomapp\",\"description\":\"Analyze your DNA raw data\",\"publisher\":{\"@id\":\"https:\\\/\\\/genomapp.com\\\/en\\\/#organization\"},\"potentialAction\":[{\"@type\":\"SearchAction\",\"target\":{\"@type\":\"EntryPoint\",\"urlTemplate\":\"https:\\\/\\\/genomapp.com\\\/en\\\/?s={search_term_string}\"},\"query-input\":{\"@type\":\"PropertyValueSpecification\",\"valueRequired\":true,\"valueName\":\"search_term_string\"}}],\"inLanguage\":\"es\"},{\"@type\":\"Organization\",\"@id\":\"https:\\\/\\\/genomapp.com\\\/en\\\/#organization\",\"name\":\"Genomapp\",\"url\":\"https:\\\/\\\/genomapp.com\\\/en\\\/\",\"logo\":{\"@type\":\"ImageObject\",\"inLanguage\":\"es\",\"@id\":\"https:\\\/\\\/genomapp.com\\\/en\\\/#\\\/schema\\\/logo\\\/image\\\/\",\"url\":\"https:\\\/\\\/genomapp.com\\\/wp-content\\\/uploads\\\/2023\\\/12\\\/launch_ico_512.png\",\"contentUrl\":\"https:\\\/\\\/genomapp.com\\\/wp-content\\\/uploads\\\/2023\\\/12\\\/launch_ico_512.png\",\"width\":512,\"height\":512,\"caption\":\"Genomapp\"},\"image\":{\"@id\":\"https:\\\/\\\/genomapp.com\\\/en\\\/#\\\/schema\\\/logo\\\/image\\\/\"}}]}<\/script>\n<!-- \/ Yoast SEO plugin. -->","yoast_head_json":{"title":"Qui\u00e9nes somos - genomapp.com","description":"Genomapp ve la luz en 2015 con el objetivo de fomentar el inter\u00e9s p\u00fablico en las nuevas posibilidades de la gen\u00f3mica.","robots":{"index":"index","follow":"follow","max-snippet":"max-snippet:-1","max-image-preview":"max-image-preview:large","max-video-preview":"max-video-preview:-1"},"canonical":"https:\/\/genomapp.com\/en\/who-we-are\/","og_locale":"es_ES","og_type":"article","og_title":"Qui\u00e9nes somos - genomapp.com","og_description":"Genomapp ve la luz en 2015 con el objetivo de fomentar el inter\u00e9s p\u00fablico en las nuevas posibilidades de la gen\u00f3mica.","og_url":"https:\/\/genomapp.com\/en\/who-we-are\/","og_site_name":"genomapp.com","article_modified_time":"2024-02-22T18:17:55+00:00","og_image":[{"url":"https:\/\/genomapp.com\/wp-content\/uploads\/2024\/02\/woman-sky-min-1024x1024.jpg","type":"","width":"","height":""}],"twitter_card":"summary_large_image","twitter_misc":{"Tiempo de lectura":"2 minutos"},"schema":{"@context":"https:\/\/schema.org","@graph":[{"@type":"WebPage","@id":"https:\/\/genomapp.com\/en\/who-we-are\/","url":"https:\/\/genomapp.com\/en\/who-we-are\/","name":"Qui\u00e9nes somos - genomapp.com","isPartOf":{"@id":"https:\/\/genomapp.com\/en\/#website"},"primaryImageOfPage":{"@id":"https:\/\/genomapp.com\/en\/who-we-are\/#primaryimage"},"image":{"@id":"https:\/\/genomapp.com\/en\/who-we-are\/#primaryimage"},"thumbnailUrl":"https:\/\/genomapp.com\/wp-content\/uploads\/2024\/02\/woman-sky-min-1024x1024.jpg","datePublished":"2023-12-01T11:32:57+00:00","dateModified":"2024-02-22T18:17:55+00:00","description":"Genomapp ve la luz en 2015 con el objetivo de fomentar el inter\u00e9s p\u00fablico en las nuevas posibilidades de la gen\u00f3mica.","breadcrumb":{"@id":"https:\/\/genomapp.com\/en\/who-we-are\/#breadcrumb"},"inLanguage":"es","potentialAction":[{"@type":"ReadAction","target":["https:\/\/genomapp.com\/en\/who-we-are\/"]}]},{"@type":"ImageObject","inLanguage":"es","@id":"https:\/\/genomapp.com\/en\/who-we-are\/#primaryimage","url":"https:\/\/genomapp.com\/wp-content\/uploads\/2024\/02\/woman-sky-min-1024x1024.jpg","contentUrl":"https:\/\/genomapp.com\/wp-content\/uploads\/2024\/02\/woman-sky-min-1024x1024.jpg"},{"@type":"BreadcrumbList","@id":"https:\/\/genomapp.com\/en\/who-we-are\/#breadcrumb","itemListElement":[{"@type":"ListItem","position":1,"name":"Portada","item":"https:\/\/genomapp.com\/es\/"},{"@type":"ListItem","position":2,"name":"Qui\u00e9nes somos"}]},{"@type":"WebSite","@id":"https:\/\/genomapp.com\/en\/#website","url":"https:\/\/genomapp.com\/en\/","name":"Genomapp","description":"Analyze your DNA raw data","publisher":{"@id":"https:\/\/genomapp.com\/en\/#organization"},"potentialAction":[{"@type":"SearchAction","target":{"@type":"EntryPoint","urlTemplate":"https:\/\/genomapp.com\/en\/?s={search_term_string}"},"query-input":{"@type":"PropertyValueSpecification","valueRequired":true,"valueName":"search_term_string"}}],"inLanguage":"es"},{"@type":"Organization","@id":"https:\/\/genomapp.com\/en\/#organization","name":"Genomapp","url":"https:\/\/genomapp.com\/en\/","logo":{"@type":"ImageObject","inLanguage":"es","@id":"https:\/\/genomapp.com\/en\/#\/schema\/logo\/image\/","url":"https:\/\/genomapp.com\/wp-content\/uploads\/2023\/12\/launch_ico_512.png","contentUrl":"https:\/\/genomapp.com\/wp-content\/uploads\/2023\/12\/launch_ico_512.png","width":512,"height":512,"caption":"Genomapp"},"image":{"@id":"https:\/\/genomapp.com\/en\/#\/schema\/logo\/image\/"}}]}},"_links":{"self":[{"href":"https:\/\/genomapp.com\/es\/wp-json\/wp\/v2\/pages\/281","targetHints":{"allow":["GET"]}}],"collection":[{"href":"https:\/\/genomapp.com\/es\/wp-json\/wp\/v2\/pages"}],"about":[{"href":"https:\/\/genomapp.com\/es\/wp-json\/wp\/v2\/types\/page"}],"author":[{"embeddable":true,"href":"https:\/\/genomapp.com\/es\/wp-json\/wp\/v2\/users\/1"}],"replies":[{"embeddable":true,"href":"https:\/\/genomapp.com\/es\/wp-json\/wp\/v2\/comments?post=281"}],"version-history":[{"count":10,"href":"https:\/\/genomapp.com\/es\/wp-json\/wp\/v2\/pages\/281\/revisions"}],"predecessor-version":[{"id":971,"href":"https:\/\/genomapp.com\/es\/wp-json\/wp\/v2\/pages\/281\/revisions\/971"}],"wp:attachment":[{"href":"https:\/\/genomapp.com\/es\/wp-json\/wp\/v2\/media?parent=281"}],"curies":[{"name":"wp","href":"https:\/\/api.w.org\/{rel}","templated":true}]}}