{"id":131,"date":"2023-11-02T10:40:10","date_gmt":"2023-11-02T09:40:10","guid":{"rendered":"https:\/\/genomapp.com\/?page_id=131"},"modified":"2026-02-22T21:17:20","modified_gmt":"2026-02-22T20:17:20","slug":"inicio","status":"publish","type":"page","link":"https:\/\/genomapp.com\/es\/","title":{"rendered":"Inicio"},"content":{"rendered":"\n<div class=\"wp-block-cover alignwide is-light has-custom-content-position is-position-top-left\" style=\"min-height:363px;aspect-ratio:unset;\"><img loading=\"lazy\" decoding=\"async\" width=\"1500\" height=\"1000\" class=\"wp-block-cover__image-background wp-image-1091 size-full\" alt=\"\" src=\"https:\/\/genomapp.com\/wp-content\/uploads\/2025\/11\/genomapp-home-violet-blog.webp\" style=\"object-position:68% 70%\" data-object-fit=\"cover\" data-object-position=\"68% 70%\" srcset=\"https:\/\/genomapp.com\/wp-content\/uploads\/2025\/11\/genomapp-home-violet-blog.webp 1500w, https:\/\/genomapp.com\/wp-content\/uploads\/2025\/11\/genomapp-home-violet-blog-300x200.webp 300w, https:\/\/genomapp.com\/wp-content\/uploads\/2025\/11\/genomapp-home-violet-blog-1024x683.webp 1024w, https:\/\/genomapp.com\/wp-content\/uploads\/2025\/11\/genomapp-home-violet-blog-768x512.webp 768w\" sizes=\"auto, (max-width: 1500px) 100vw, 1500px\" \/><span aria-hidden=\"true\" class=\"wp-block-cover__background has-background-dim-0 has-background-dim\" style=\"background-color:#987d97\"><\/span><div class=\"wp-block-cover__inner-container is-layout-flow wp-block-cover-is-layout-flow\">\n<p class=\"has-text-align-left has-custom-color-2-color has-text-color has-link-color has-gascogne-font-family wp-elements-482a132a200d8704d25ce1953fb4ad05\" style=\"margin-right:0;margin-left:0;padding-top:var(--wp--preset--spacing--30);padding-right:var(--wp--preset--spacing--30);padding-left:var(--wp--preset--spacing--40);font-size:clamp(2.2rem, 2.2rem + ((1vw - 0.2rem) * 3.273), 4rem);\">Healthy Ethics<\/p>\n\n\n\n<p class=\"has-custom-color-2-color has-text-color has-link-color wp-elements-0b9513df825377c528ea18c0c2e3539d\" style=\"padding-top:0;padding-right:var(--wp--preset--spacing--30);padding-bottom:0;padding-left:var(--wp--preset--spacing--40)\">Desvela el conocimiento oculto en tus genes <\/p>\n<\/div><\/div>\n\n\n\n<div class=\"wp-block-media-text alignwide is-stacked-on-mobile is-vertically-aligned-center is-image-fill-element has-custom-color-4-background-color has-background\" style=\"margin-top:0;margin-bottom:0\"><figure class=\"wp-block-media-text__media\"><img loading=\"lazy\" decoding=\"async\" width=\"1024\" height=\"683\" src=\"https:\/\/genomapp.com\/wp-content\/uploads\/2025\/10\/ten-years-anniversary-1024x683.jpg\" alt=\"\" class=\"wp-image-1077 size-full\" style=\"object-position:50% 50%\" srcset=\"https:\/\/genomapp.com\/wp-content\/uploads\/2025\/10\/ten-years-anniversary-1024x683.jpg 1024w, https:\/\/genomapp.com\/wp-content\/uploads\/2025\/10\/ten-years-anniversary-300x200.jpg 300w, https:\/\/genomapp.com\/wp-content\/uploads\/2025\/10\/ten-years-anniversary-768x512.jpg 768w, https:\/\/genomapp.com\/wp-content\/uploads\/2025\/10\/ten-years-anniversary-1536x1024.jpg 1536w, https:\/\/genomapp.com\/wp-content\/uploads\/2025\/10\/ten-years-anniversary-2048x1365.jpg 2048w\" sizes=\"auto, (max-width: 1024px) 100vw, 1024px\" \/><\/figure><div class=\"wp-block-media-text__content\">\n<div class=\"wp-block-group is-layout-flow wp-block-group-is-layout-flow\" style=\"padding-top:2em;padding-right:2em;padding-bottom:2em;padding-left:2em\">\n<p class=\"has-gascogne-font-family has-x-large-font-size\" style=\"line-height:1.2\">Una d\u00e9cada descifrando el futuro de tu salud<\/p>\n\n\n\n<p class=\"has-medium-font-size\" style=\"line-height:1.3\">Nuestro camino comenz\u00f3 con algo muy personal. Uno de nosotros se hizo un test gen\u00e9tico y descubri\u00f3 lo dif\u00edcil que era encontrar las conexiones entre mutaciones gen\u00e9ticas y enfermedades&#8230;<\/p>\n\n\n\n<div class=\"wp-block-buttons is-layout-flex wp-block-buttons-is-layout-flex\" style=\"border-radius:0px\">\n<div class=\"wp-block-button\"><a class=\"wp-block-button__link has-custom-color-2-color has-custom-color-1-background-color has-text-color has-background has-link-color has-custom-font-size wp-element-button\" href=\"https:\/\/genomapp.com\/es\/una-decada-descifrando-el-futuro-de-tu-salud\/\" style=\"border-radius:50px;font-size:clamp(17.905px, 1.119rem + ((1vw - 3.2px) * 1.147), 28px);\">Seguir leyendo<\/a><\/div>\n<\/div>\n<\/div>\n<\/div><\/div>\n\n\n\n<div class=\"wp-block-media-text alignwide has-media-on-the-right is-stacked-on-mobile is-vertically-aligned-center has-custom-color-5-background-color has-background\" style=\"margin-top:0;margin-bottom:0\"><div class=\"wp-block-media-text__content\">\n<div class=\"wp-block-group is-layout-flow wp-block-group-is-layout-flow\" style=\"padding-top:2em;padding-right:2em;padding-bottom:2em;padding-left:2em\">\n<p class=\"has-gascogne-font-family has-x-large-font-size\" style=\"line-height:1.2\">\u00bfTe has hecho un test gen\u00e9tico?<\/p>\n\n\n\n<p class=\"has-extra-small-font-size\" style=\"line-height:1.3\">Explora tu ADN con an\u00e1lisis que muestran el listado m\u00e1s completo de enfermedades procedente de fuentes cient\u00edficas fiables.<\/p>\n\n\n\n<p class=\"has-medium-font-size\">Genomapp es compatible con 23andMe, Ancestry, MyHeritage y los test gen\u00e9ticos m\u00e1s populares.<\/p>\n<\/div>\n<\/div><figure class=\"wp-block-media-text__media\"><img loading=\"lazy\" decoding=\"async\" width=\"1024\" height=\"963\" src=\"https:\/\/genomapp.com\/wp-content\/uploads\/2024\/02\/people-phone-1-min-1024x963.jpg\" alt=\"\" class=\"wp-image-963 size-full\" srcset=\"https:\/\/genomapp.com\/wp-content\/uploads\/2024\/02\/people-phone-1-min-1024x963.jpg 1024w, https:\/\/genomapp.com\/wp-content\/uploads\/2024\/02\/people-phone-1-min-300x282.jpg 300w, https:\/\/genomapp.com\/wp-content\/uploads\/2024\/02\/people-phone-1-min-768x722.jpg 768w, https:\/\/genomapp.com\/wp-content\/uploads\/2024\/02\/people-phone-1-min.jpg 1500w\" sizes=\"auto, (max-width: 1024px) 100vw, 1024px\" \/><\/figure><\/div>\n\n\n\n<div class=\"wp-block-media-text alignwide is-stacked-on-mobile is-vertically-aligned-center has-custom-color-1-background-color has-background\" style=\"margin-top:0;margin-bottom:0\"><figure class=\"wp-block-media-text__media\"><img loading=\"lazy\" decoding=\"async\" width=\"853\" height=\"1024\" src=\"https:\/\/genomapp.com\/wp-content\/uploads\/2024\/02\/genomapp-mockup-min-853x1024.jpg\" alt=\"\" class=\"wp-image-965 size-full\" srcset=\"https:\/\/genomapp.com\/wp-content\/uploads\/2024\/02\/genomapp-mockup-min-853x1024.jpg 853w, https:\/\/genomapp.com\/wp-content\/uploads\/2024\/02\/genomapp-mockup-min-250x300.jpg 250w, https:\/\/genomapp.com\/wp-content\/uploads\/2024\/02\/genomapp-mockup-min-768x922.jpg 768w, https:\/\/genomapp.com\/wp-content\/uploads\/2024\/02\/genomapp-mockup-min-1280x1536.jpg 1280w, https:\/\/genomapp.com\/wp-content\/uploads\/2024\/02\/genomapp-mockup-min.jpg 1500w\" sizes=\"auto, (max-width: 853px) 100vw, 853px\" \/><\/figure><div class=\"wp-block-media-text__content\">\n<div class=\"wp-block-group is-layout-flow wp-block-group-is-layout-flow\" style=\"padding-top:2em;padding-right:2em;padding-bottom:2em;padding-left:2em\">\n<p class=\"has-custom-color-2-color has-text-color has-link-color has-gascogne-font-family wp-elements-b82d8916abbeea51ccb7a5c4adcc0694\" style=\"font-size:clamp(22.041px, 1.378rem + ((1vw - 3.2px) * 1.586), 36px);line-height:1.2\">Informes incluidos<\/p>\n\n\n\n<ul class=\"wp-block-list has-custom-color-2-color has-text-color has-link-color wp-elements-4cc2d2693411993d3c4e7b3c3b107ecb\">\n<li class=\"has-medium-font-size\">Enfermedades complejas<\/li>\n\n\n\n<li class=\"has-medium-font-size\">Enfermedades hereditarias<\/li>\n\n\n\n<li class=\"has-medium-font-size\">Respuesta a f\u00e1rmacos<\/li>\n\n\n\n<li class=\"has-medium-font-size\">Rasgos<\/li>\n\n\n\n<li class=\"has-medium-font-size\">S\u00edntomas observables<\/li>\n\n\n\n<li class=\"has-medium-font-size\">Grupos sangu\u00edneos<\/li>\n<\/ul>\n\n\n\n<div class=\"wp-block-buttons is-content-justification-left is-layout-flex wp-container-core-buttons-is-layout-fc4fd283 wp-block-buttons-is-layout-flex\">\n<div class=\"wp-block-button\"><a class=\"wp-block-button__link has-custom-color-2-color has-custom-color-3-background-color has-text-color has-background has-link-color has-custom-font-size wp-element-button\" href=\"https:\/\/genomapp.com\/es\/informes\/\" style=\"border-radius:50px;font-size:clamp(17.905px, 1.119rem + ((1vw - 3.2px) * 1.147), 28px);\">Informes y precio<\/a><\/div>\n<\/div>\n<\/div>\n<\/div><\/div>\n\n\n\n<h2 class=\"wp-block-heading alignwide has-text-align-center has-x-large-font-size\">Podr\u00e1s tomar mejores decisiones sobre tu salud<\/h2>\n\n\n\n<p class=\"has-text-align-center has-medium-font-size\">Te proporcionamos informaci\u00f3n para ayudarte a tomar decisiones que dar\u00e1n forma al futuro de tu bienestar.<\/p>\n\n\n\n<div class=\"wp-block-columns alignwide is-layout-flex wp-container-core-columns-is-layout-28f84493 wp-block-columns-is-layout-flex\">\n<div class=\"wp-block-column has-custom-color-2-color has-custom-color-1-background-color has-text-color has-background has-link-color wp-elements-666b959d663467b1b8b9c6c9deb68136 is-layout-flow wp-block-column-is-layout-flow\" style=\"padding-top:var(--wp--preset--spacing--30);padding-right:var(--wp--preset--spacing--30);padding-bottom:var(--wp--preset--spacing--30);padding-left:var(--wp--preset--spacing--30)\">\n<h2 class=\"wp-block-heading has-custom-color-2-color has-text-color has-link-color has-x-large-font-size wp-elements-5804a3afac9114fed87dec462dd0b009\">Completa<\/h2>\n\n\n\n<p class=\"has-medium-font-size\">Nuestra base de datos incluye m\u00e1s de 9500 enfermedades, 12400 genes y 180000 marcadores gen\u00e9ticos. Contamos con la lista m\u00e1s completa de enfermedades de fuentes cient\u00edficas oficiales, incluyendo c\u00e1ncer de mama, Alzheimer y Parkinson.<\/p>\n<\/div>\n\n\n\n<div class=\"wp-block-column has-custom-color-5-background-color has-background is-layout-flow wp-block-column-is-layout-flow\" style=\"padding-top:var(--wp--preset--spacing--30);padding-right:var(--wp--preset--spacing--30);padding-bottom:var(--wp--preset--spacing--30);padding-left:var(--wp--preset--spacing--30)\">\n<h2 class=\"wp-block-heading has-x-large-font-size\">F\u00e1cil de comprender<\/h2>\n\n\n\n<p class=\"has-medium-font-size\">La interfaz amigable de Genomapp hace la gen\u00e9tica f\u00e1cil de entender. Exporta tus informes gen\u00e9ticos personalizados a PDF y comparte tus resultados con tu m\u00e9dico.<\/p>\n<\/div>\n\n\n\n<div class=\"wp-block-column has-custom-color-2-background-color has-background is-layout-flow wp-block-column-is-layout-flow\" style=\"padding-top:var(--wp--preset--spacing--30);padding-right:var(--wp--preset--spacing--30);padding-bottom:var(--wp--preset--spacing--30);padding-left:var(--wp--preset--spacing--30)\">\n<h2 class=\"wp-block-heading has-x-large-font-size\">Privacy by Design<\/h2>\n\n\n\n<p class=\"has-medium-font-size\">Genomapp respeta tu privacidad. Tus datos gen\u00e9ticos no se almacenan ni suben a ning\u00fan servidor. S\u00f3lo t\u00fa puedes acceder.<\/p>\n<\/div>\n<\/div>\n\n\n\n<h2 class=\"wp-block-heading alignwide\">Noticias y Blog<\/h2>\n\n\n<ul style=\"border-width:2px; padding-right:var(--wp--preset--spacing--30);padding-left:var(--wp--preset--spacing--30);padding-top:var(--wp--preset--spacing--30);padding-bottom:var(--wp--preset--spacing--30);margin-top:var(--wp--preset--spacing--30);margin-bottom:var(--wp--preset--spacing--30);margin-left:var(--wp--preset--spacing--30);margin-right:var(--wp--preset--spacing--30);\" class=\"wp-block-latest-posts__list is-grid columns-3 alignwide wp-block-latest-posts\"><li><a class=\"wp-block-latest-posts__post-title\" href=\"https:\/\/genomapp.com\/es\/enfermedad-destacada-sindrome-de-marfan\/\">Enfermedad Destacada: S\u00edndrome de Marfan<\/a><div class=\"wp-block-latest-posts__post-excerpt\">El s\u00edndrome de Marfan es una enfermedad gen\u00e9tica que afecta al tejido conectivo del cuerpo, la estructura que sostiene y mantiene todo en su lugar. Afecta aproximadamente a 1 de&#8230; <a class=\"wp-block-latest-posts__read-more\" href=\"https:\/\/genomapp.com\/es\/enfermedad-destacada-sindrome-de-marfan\/\" rel=\"noopener noreferrer\">Lee m\u00e1s<span class=\"screen-reader-text\">: Enfermedad Destacada: S\u00edndrome de Marfan<\/span><\/a><\/div><\/li>\n<li><a class=\"wp-block-latest-posts__post-title\" href=\"https:\/\/genomapp.com\/es\/enfermedad-destacada-sindrome-de-ehlers-danlos\/\">Enfermedad Destacada: S\u00edndrome de Ehlers-Danlos<\/a><div class=\"wp-block-latest-posts__post-excerpt\">Con motivo del d\u00e9cimo aniversario de Genomapp, presentamos la nueva secci\u00f3n \u201cEnfermedad destacada\u201d. La primera enfermedad elegida es el s\u00edndrome de Ehlers-Danlos. El s\u00edndrome de Ehlers-Danlos (SED) no es una&#8230; <a class=\"wp-block-latest-posts__read-more\" href=\"https:\/\/genomapp.com\/es\/enfermedad-destacada-sindrome-de-ehlers-danlos\/\" rel=\"noopener noreferrer\">Lee m\u00e1s<span class=\"screen-reader-text\">: Enfermedad Destacada: S\u00edndrome de Ehlers-Danlos<\/span><\/a><\/div><\/li>\n<li><a class=\"wp-block-latest-posts__post-title\" href=\"https:\/\/genomapp.com\/es\/una-decada-descifrando-el-futuro-de-tu-salud\/\">Una d\u00e9cada descifrando el futuro de tu salud<\/a><div class=\"wp-block-latest-posts__post-excerpt\">Hoy celebramos 10 a\u00f1os de avances, descubrimientos y empoderamiento. Nuestro camino comenz\u00f3 con algo muy personal. Hace m\u00e1s de una d\u00e9cada, uno de nosotros se hizo una prueba gen\u00e9tica y&#8230; <a class=\"wp-block-latest-posts__read-more\" href=\"https:\/\/genomapp.com\/es\/una-decada-descifrando-el-futuro-de-tu-salud\/\" rel=\"noopener noreferrer\">Lee m\u00e1s<span class=\"screen-reader-text\">: Una d\u00e9cada descifrando el futuro de tu salud<\/span><\/a><\/div><\/li>\n<\/ul>\n\n\n<div class=\"wp-block-media-text alignwide has-media-on-the-right is-stacked-on-mobile is-vertically-aligned-center has-base-background-color has-background\"><div class=\"wp-block-media-text__content\">\n<div class=\"wp-block-group is-layout-flow wp-block-group-is-layout-flow\" style=\"padding-top:2em;padding-right:2em;padding-bottom:2em;padding-left:2em\">\n<p class=\"has-gascogne-font-family\" style=\"font-size:clamp(22.041px, 1.378rem + ((1vw - 3.2px) * 1.586), 36px);line-height:1.2\">C\u00f3mo empezar<\/p>\n\n\n\n<p style=\"font-size:clamp(17.905px, 1.119rem + ((1vw - 3.2px) * 1.147), 28px);line-height:0.9\">Descarga la app<\/p>\n\n\n\n<p class=\"has-medium-font-size\" style=\"line-height:1.5\">Genomapp est\u00e1 disponible para tel\u00e9fonos iOS y Android. <a href=\"https:\/\/genomapp.com\/es\/descargar\/\" data-type=\"page\" data-id=\"308\">Desc\u00e1rgala<\/a> ahora.<\/p>\n\n\n\n<p style=\"font-size:clamp(17.905px, 1.119rem + ((1vw - 3.2px) * 1.147), 28px);line-height:0.9\">Transfiere tu fichero<\/p>\n\n\n\n<p class=\"has-medium-font-size\" style=\"line-height:1.5\">Comparte tu fichero gen\u00e9tico (raw data) con la app.<\/p>\n\n\n\n<p style=\"font-size:clamp(17.905px, 1.119rem + ((1vw - 3.2px) * 1.147), 28px);line-height:0.9\">Accede a los informes<\/p>\n\n\n\n<p class=\"has-medium-font-size\" style=\"line-height:1.5\">Accede a tus resultados y obt\u00e9n la m\u00e1xima informaci\u00f3n de tu ADN (opci\u00f3n de pago).<\/p>\n\n\n\n<div class=\"wp-block-buttons is-layout-flex wp-block-buttons-is-layout-flex\">\n<div class=\"wp-block-button\"><a class=\"wp-block-button__link has-custom-color-2-color has-custom-color-1-background-color has-text-color has-background has-link-color has-custom-font-size wp-element-button\" href=\"https:\/\/genomapp.com\/es\/descargar\/\" style=\"border-radius:50px;font-size:clamp(17.905px, 1.119rem + ((1vw - 3.2px) * 1.147), 28px);\">Ir a descargas<\/a><\/div>\n<\/div>\n<\/div>\n<\/div><figure class=\"wp-block-media-text__media\"><img loading=\"lazy\" decoding=\"async\" width=\"1024\" height=\"1024\" src=\"https:\/\/genomapp.com\/wp-content\/uploads\/2023\/11\/mockup-genomapp-index-1024x1024.png\" alt=\"\" class=\"wp-image-116 size-medium\" srcset=\"https:\/\/genomapp.com\/wp-content\/uploads\/2023\/11\/mockup-genomapp-index-1024x1024.png 1024w, https:\/\/genomapp.com\/wp-content\/uploads\/2023\/11\/mockup-genomapp-index-300x300.png 300w, https:\/\/genomapp.com\/wp-content\/uploads\/2023\/11\/mockup-genomapp-index-150x150.png 150w, https:\/\/genomapp.com\/wp-content\/uploads\/2023\/11\/mockup-genomapp-index-768x768.png 768w, https:\/\/genomapp.com\/wp-content\/uploads\/2023\/11\/mockup-genomapp-index-1536x1536.png 1536w, https:\/\/genomapp.com\/wp-content\/uploads\/2023\/11\/mockup-genomapp-index.png 2000w\" sizes=\"auto, (max-width: 1024px) 100vw, 1024px\" \/><\/figure><\/div>\n","protected":false},"excerpt":{"rendered":"<p>Podr\u00e1s tomar mejores decisiones sobre tu salud Te proporcionamos informaci\u00f3n para ayudarte a tomar decisiones que dar\u00e1n forma al futuro de tu bienestar. Completa Nuestra base de datos incluye m\u00e1s de 9500 enfermedades, 12400 genes y 180000 marcadores gen\u00e9ticos. Contamos con la lista m\u00e1s completa de enfermedades de fuentes cient\u00edficas oficiales, incluyendo c\u00e1ncer de mama, [&hellip;]<\/p>\n","protected":false},"author":1,"featured_media":0,"parent":0,"menu_order":0,"comment_status":"closed","ping_status":"closed","template":"wp-custom-template-home-para-genomapp","meta":{"footnotes":""},"class_list":["post-131","page","type-page","status-publish","hentry"],"yoast_head":"<!-- This site is optimized with the Yoast SEO plugin v27.6 - https:\/\/yoast.com\/product\/yoast-seo-wordpress\/ -->\n<title>Inicio - genomapp.com<\/title>\n<meta name=\"description\" content=\"\u00bfTe has hecho un test gen\u00e9tico? Sube tu fichero y explora tu ADN. Genomapp es compatible con las pruebas de ADN de MyHeritage, 23andMe y m\u00e1s.\" \/>\n<meta name=\"robots\" content=\"index, follow, max-snippet:-1, max-image-preview:large, max-video-preview:-1\" \/>\n<link rel=\"canonical\" href=\"https:\/\/genomapp.com\/es\/\" \/>\n<meta property=\"og:locale\" content=\"es_ES\" \/>\n<meta property=\"og:type\" content=\"article\" \/>\n<meta property=\"og:title\" content=\"Inicio - genomapp.com\" \/>\n<meta property=\"og:description\" content=\"\u00bfTe has hecho un test gen\u00e9tico? Sube tu fichero y explora tu ADN. Genomapp es compatible con las pruebas de ADN de MyHeritage, 23andMe y m\u00e1s.\" \/>\n<meta property=\"og:url\" content=\"https:\/\/genomapp.com\/es\/\" \/>\n<meta property=\"og:site_name\" content=\"genomapp.com\" \/>\n<meta property=\"article:modified_time\" content=\"2026-02-22T20:17:20+00:00\" \/>\n<meta property=\"og:image\" content=\"https:\/\/genomapp.com\/wp-content\/uploads\/2025\/11\/genomapp-home-violet-blog.webp\" \/>\n\t<meta property=\"og:image:width\" content=\"1500\" \/>\n\t<meta property=\"og:image:height\" content=\"1000\" \/>\n\t<meta property=\"og:image:type\" content=\"image\/webp\" \/>\n<meta name=\"twitter:card\" content=\"summary_large_image\" \/>\n<meta name=\"twitter:label1\" content=\"Tiempo de lectura\" \/>\n\t<meta name=\"twitter:data1\" content=\"3 minutos\" \/>\n<script type=\"application\/ld+json\" class=\"yoast-schema-graph\">{\"@context\":\"https:\\\/\\\/schema.org\",\"@graph\":[{\"@type\":\"WebPage\",\"@id\":\"https:\\\/\\\/genomapp.com\\\/es\\\/\",\"url\":\"https:\\\/\\\/genomapp.com\\\/es\\\/\",\"name\":\"Inicio - genomapp.com\",\"isPartOf\":{\"@id\":\"https:\\\/\\\/genomapp.com\\\/en\\\/#website\"},\"primaryImageOfPage\":{\"@id\":\"https:\\\/\\\/genomapp.com\\\/es\\\/#primaryimage\"},\"image\":{\"@id\":\"https:\\\/\\\/genomapp.com\\\/es\\\/#primaryimage\"},\"thumbnailUrl\":\"https:\\\/\\\/genomapp.com\\\/wp-content\\\/uploads\\\/2025\\\/11\\\/genomapp-home-violet-blog.webp\",\"datePublished\":\"2023-11-02T09:40:10+00:00\",\"dateModified\":\"2026-02-22T20:17:20+00:00\",\"description\":\"\u00bfTe has hecho un test gen\u00e9tico? Sube tu fichero y explora tu ADN. Genomapp es compatible con las pruebas de ADN de MyHeritage, 23andMe y m\u00e1s.\",\"breadcrumb\":{\"@id\":\"https:\\\/\\\/genomapp.com\\\/es\\\/#breadcrumb\"},\"inLanguage\":\"es\",\"potentialAction\":[{\"@type\":\"ReadAction\",\"target\":[\"https:\\\/\\\/genomapp.com\\\/es\\\/\"]}]},{\"@type\":\"ImageObject\",\"inLanguage\":\"es\",\"@id\":\"https:\\\/\\\/genomapp.com\\\/es\\\/#primaryimage\",\"url\":\"https:\\\/\\\/genomapp.com\\\/wp-content\\\/uploads\\\/2025\\\/11\\\/genomapp-home-violet-blog.webp\",\"contentUrl\":\"https:\\\/\\\/genomapp.com\\\/wp-content\\\/uploads\\\/2025\\\/11\\\/genomapp-home-violet-blog.webp\"},{\"@type\":\"BreadcrumbList\",\"@id\":\"https:\\\/\\\/genomapp.com\\\/es\\\/#breadcrumb\",\"itemListElement\":[{\"@type\":\"ListItem\",\"position\":1,\"name\":\"Portada\",\"item\":\"https:\\\/\\\/genomapp.com\\\/es\\\/\"},{\"@type\":\"ListItem\",\"position\":2,\"name\":\"Inicio\"}]},{\"@type\":\"WebSite\",\"@id\":\"https:\\\/\\\/genomapp.com\\\/en\\\/#website\",\"url\":\"https:\\\/\\\/genomapp.com\\\/en\\\/\",\"name\":\"Genomapp\",\"description\":\"Analyze your DNA raw data\",\"publisher\":{\"@id\":\"https:\\\/\\\/genomapp.com\\\/en\\\/#organization\"},\"potentialAction\":[{\"@type\":\"SearchAction\",\"target\":{\"@type\":\"EntryPoint\",\"urlTemplate\":\"https:\\\/\\\/genomapp.com\\\/en\\\/?s={search_term_string}\"},\"query-input\":{\"@type\":\"PropertyValueSpecification\",\"valueRequired\":true,\"valueName\":\"search_term_string\"}}],\"inLanguage\":\"es\"},{\"@type\":\"Organization\",\"@id\":\"https:\\\/\\\/genomapp.com\\\/en\\\/#organization\",\"name\":\"Genomapp\",\"url\":\"https:\\\/\\\/genomapp.com\\\/en\\\/\",\"logo\":{\"@type\":\"ImageObject\",\"inLanguage\":\"es\",\"@id\":\"https:\\\/\\\/genomapp.com\\\/en\\\/#\\\/schema\\\/logo\\\/image\\\/\",\"url\":\"https:\\\/\\\/genomapp.com\\\/wp-content\\\/uploads\\\/2023\\\/12\\\/launch_ico_512.png\",\"contentUrl\":\"https:\\\/\\\/genomapp.com\\\/wp-content\\\/uploads\\\/2023\\\/12\\\/launch_ico_512.png\",\"width\":512,\"height\":512,\"caption\":\"Genomapp\"},\"image\":{\"@id\":\"https:\\\/\\\/genomapp.com\\\/en\\\/#\\\/schema\\\/logo\\\/image\\\/\"}}]}<\/script>\n<!-- \/ Yoast SEO plugin. -->","yoast_head_json":{"title":"Inicio - genomapp.com","description":"\u00bfTe has hecho un test gen\u00e9tico? Sube tu fichero y explora tu ADN. Genomapp es compatible con las pruebas de ADN de MyHeritage, 23andMe y m\u00e1s.","robots":{"index":"index","follow":"follow","max-snippet":"max-snippet:-1","max-image-preview":"max-image-preview:large","max-video-preview":"max-video-preview:-1"},"canonical":"https:\/\/genomapp.com\/es\/","og_locale":"es_ES","og_type":"article","og_title":"Inicio - genomapp.com","og_description":"\u00bfTe has hecho un test gen\u00e9tico? Sube tu fichero y explora tu ADN. Genomapp es compatible con las pruebas de ADN de MyHeritage, 23andMe y m\u00e1s.","og_url":"https:\/\/genomapp.com\/es\/","og_site_name":"genomapp.com","article_modified_time":"2026-02-22T20:17:20+00:00","og_image":[{"width":1500,"height":1000,"url":"https:\/\/genomapp.com\/wp-content\/uploads\/2025\/11\/genomapp-home-violet-blog.webp","type":"image\/webp"}],"twitter_card":"summary_large_image","twitter_misc":{"Tiempo de lectura":"3 minutos"},"schema":{"@context":"https:\/\/schema.org","@graph":[{"@type":"WebPage","@id":"https:\/\/genomapp.com\/es\/","url":"https:\/\/genomapp.com\/es\/","name":"Inicio - genomapp.com","isPartOf":{"@id":"https:\/\/genomapp.com\/en\/#website"},"primaryImageOfPage":{"@id":"https:\/\/genomapp.com\/es\/#primaryimage"},"image":{"@id":"https:\/\/genomapp.com\/es\/#primaryimage"},"thumbnailUrl":"https:\/\/genomapp.com\/wp-content\/uploads\/2025\/11\/genomapp-home-violet-blog.webp","datePublished":"2023-11-02T09:40:10+00:00","dateModified":"2026-02-22T20:17:20+00:00","description":"\u00bfTe has hecho un test gen\u00e9tico? Sube tu fichero y explora tu ADN. Genomapp es compatible con las pruebas de ADN de MyHeritage, 23andMe y m\u00e1s.","breadcrumb":{"@id":"https:\/\/genomapp.com\/es\/#breadcrumb"},"inLanguage":"es","potentialAction":[{"@type":"ReadAction","target":["https:\/\/genomapp.com\/es\/"]}]},{"@type":"ImageObject","inLanguage":"es","@id":"https:\/\/genomapp.com\/es\/#primaryimage","url":"https:\/\/genomapp.com\/wp-content\/uploads\/2025\/11\/genomapp-home-violet-blog.webp","contentUrl":"https:\/\/genomapp.com\/wp-content\/uploads\/2025\/11\/genomapp-home-violet-blog.webp"},{"@type":"BreadcrumbList","@id":"https:\/\/genomapp.com\/es\/#breadcrumb","itemListElement":[{"@type":"ListItem","position":1,"name":"Portada","item":"https:\/\/genomapp.com\/es\/"},{"@type":"ListItem","position":2,"name":"Inicio"}]},{"@type":"WebSite","@id":"https:\/\/genomapp.com\/en\/#website","url":"https:\/\/genomapp.com\/en\/","name":"Genomapp","description":"Analyze your DNA raw data","publisher":{"@id":"https:\/\/genomapp.com\/en\/#organization"},"potentialAction":[{"@type":"SearchAction","target":{"@type":"EntryPoint","urlTemplate":"https:\/\/genomapp.com\/en\/?s={search_term_string}"},"query-input":{"@type":"PropertyValueSpecification","valueRequired":true,"valueName":"search_term_string"}}],"inLanguage":"es"},{"@type":"Organization","@id":"https:\/\/genomapp.com\/en\/#organization","name":"Genomapp","url":"https:\/\/genomapp.com\/en\/","logo":{"@type":"ImageObject","inLanguage":"es","@id":"https:\/\/genomapp.com\/en\/#\/schema\/logo\/image\/","url":"https:\/\/genomapp.com\/wp-content\/uploads\/2023\/12\/launch_ico_512.png","contentUrl":"https:\/\/genomapp.com\/wp-content\/uploads\/2023\/12\/launch_ico_512.png","width":512,"height":512,"caption":"Genomapp"},"image":{"@id":"https:\/\/genomapp.com\/en\/#\/schema\/logo\/image\/"}}]}},"_links":{"self":[{"href":"https:\/\/genomapp.com\/es\/wp-json\/wp\/v2\/pages\/131","targetHints":{"allow":["GET"]}}],"collection":[{"href":"https:\/\/genomapp.com\/es\/wp-json\/wp\/v2\/pages"}],"about":[{"href":"https:\/\/genomapp.com\/es\/wp-json\/wp\/v2\/types\/page"}],"author":[{"embeddable":true,"href":"https:\/\/genomapp.com\/es\/wp-json\/wp\/v2\/users\/1"}],"replies":[{"embeddable":true,"href":"https:\/\/genomapp.com\/es\/wp-json\/wp\/v2\/comments?post=131"}],"version-history":[{"count":44,"href":"https:\/\/genomapp.com\/es\/wp-json\/wp\/v2\/pages\/131\/revisions"}],"predecessor-version":[{"id":1156,"href":"https:\/\/genomapp.com\/es\/wp-json\/wp\/v2\/pages\/131\/revisions\/1156"}],"wp:attachment":[{"href":"https:\/\/genomapp.com\/es\/wp-json\/wp\/v2\/media?parent=131"}],"curies":[{"name":"wp","href":"https:\/\/api.w.org\/{rel}","templated":true}]}}